{"id":18731,"date":"2022-11-07T13:25:21","date_gmt":"2022-11-07T18:25:21","guid":{"rendered":"https:\/\/comerciallin.com\/index.php\/producto\/cable-impresora-3mt-usb\/"},"modified":"2025-12-26T11:45:25","modified_gmt":"2025-12-26T16:45:25","slug":"cable-impresora-3mt-usb","status":"publish","type":"product","link":"https:\/\/comerciallin.com\/index.php\/producto\/cable-impresora-3mt-usb\/","title":{"rendered":"CABLE IMPRESORA 3MT USB"},"content":{"rendered":"<p><strong>Conectividad:<\/strong> Conectan con facilidad perif&eacute;ricos y accesorios con la computadora o la port&aacute;til.<br \/><strong>Metros:<\/strong> 3 Metros<br \/><strong>Velocidad USB:<\/strong> USB 2.0 de Alta Velocidad para tasas de transferencia de datos ultra r&aacute;pidas sin degradaci&oacute;n de datos<br \/>Velocidades de hasta 480 Mbps<br \/><strong>Color:<\/strong> Translucido<br \/>Detalles: Util y facil uso<\/p>\n","protected":false},"excerpt":{"rendered":"<p><strong>Conectividad:<\/strong> Conectan con facilidad perif&eacute;ricos&nbsp;<br \/><strong>Metros:<\/strong> 3 Metros<br \/><strong>Velocidad USB:<\/strong> USB 2.0 de Alta Velocidad<br \/><strong>Color:<\/strong> Translucido<br \/><strong>Detalles:<\/strong> Util y facil uso<\/p>\n","protected":false},"featured_media":21718,"comment_status":"open","ping_status":"closed","template":"","meta":{"spay_email":""},"product_cat":[789],"product_tag":[],"supplier_id":null,"supplier_sku":"","barcode":null,"atum_controlled":true,"out_stock_date":null,"out_stock_threshold":null,"inheritable":false,"inbound_stock":0,"stock_on_hold":0,"sold_today":0,"sales_last_days":0,"reserved_stock":0,"customer_returns":0,"warehouse_damage":0,"lost_in_post":0,"other_logs":0,"out_stock_days":0,"lost_sales":0,"has_location":false,"update_date":"2026-05-01T00:12:27","atum_locations":[],"atum_stock_status":"instock","restock_status":false,"low_stock_amount":"","sales_update_date":"2026-05-01T00:12:27","calc_backorders":null,"acf":[],"yoast_head":"<!-- This site is optimized with the Yoast SEO Premium plugin v17.4 (Yoast SEO v17.4) - https:\/\/yoast.com\/wordpress\/plugins\/seo\/ -->\n<title>CABLE IMPRESORA 3MT USB - tienda de electr\u00f3nica y computaci\u00f3n<\/title>\n<meta name=\"robots\" content=\"index, follow, max-snippet:-1, max-image-preview:large, max-video-preview:-1\" \/>\n<link rel=\"canonical\" href=\"https:\/\/comerciallin.com\/index.php\/producto\/cable-impresora-3mt-usb\/\" \/>\n<meta property=\"og:locale\" content=\"es_ES\" \/>\n<meta property=\"og:type\" content=\"article\" \/>\n<meta property=\"og:title\" content=\"CABLE IMPRESORA 3MT USB\" \/>\n<meta property=\"og:description\" content=\"Conectividad: Conectan con facilidad perif&eacute;ricos&nbsp;Metros: 3 MetrosVelocidad USB: USB 2.0 de Alta VelocidadColor: TranslucidoDetalles: Util y facil uso\" \/>\n<meta property=\"og:url\" content=\"https:\/\/comerciallin.com\/index.php\/producto\/cable-impresora-3mt-usb\/\" \/>\n<meta property=\"og:site_name\" content=\"tienda de electr\u00f3nica y computaci\u00f3n\" \/>\n<meta property=\"article:modified_time\" content=\"2025-12-26T16:45:25+00:00\" \/>\n<meta property=\"og:image\" content=\"https:\/\/comerciallin.com\/wp-content\/uploads\/2023\/02\/214030120601.jpg\" \/>\n\t<meta property=\"og:image:width\" content=\"992\" \/>\n\t<meta property=\"og:image:height\" content=\"744\" \/>\n<meta name=\"twitter:card\" content=\"summary_large_image\" \/>\n<meta name=\"twitter:label1\" content=\"Precio\" \/>\n\t<meta name=\"twitter:data1\" content=\"&#36;8,05\" \/>\n\t<meta name=\"twitter:label2\" content=\"Availability\" \/>\n\t<meta name=\"twitter:data2\" content=\"In stock\" \/>\n<script type=\"application\/ld+json\" class=\"yoast-schema-graph\">{\"@context\":\"https:\/\/schema.org\",\"@graph\":[{\"@type\":\"WebSite\",\"@id\":\"https:\/\/comerciallin.com\/#website\",\"url\":\"https:\/\/comerciallin.com\/\",\"name\":\"tienda de electr\\u00f3nica y computaci\\u00f3n\",\"description\":\"Importadora de Electr\\u00f3nica y Computaci\\u00f3n\",\"potentialAction\":[{\"@type\":\"SearchAction\",\"target\":{\"@type\":\"EntryPoint\",\"urlTemplate\":\"https:\/\/comerciallin.com\/?s={search_term_string}\"},\"query-input\":\"required name=search_term_string\"}],\"inLanguage\":\"es\"},{\"@type\":\"ImageObject\",\"@id\":\"https:\/\/comerciallin.com\/index.php\/producto\/cable-impresora-3mt-usb\/#primaryimage\",\"inLanguage\":\"es\",\"url\":\"https:\/\/i0.wp.com\/comerciallin.com\/wp-content\/uploads\/2023\/02\/214030120601.jpg?fit=992%2C744&ssl=1\",\"contentUrl\":\"https:\/\/i0.wp.com\/comerciallin.com\/wp-content\/uploads\/2023\/02\/214030120601.jpg?fit=992%2C744&ssl=1\",\"width\":992,\"height\":744,\"caption\":\"CABLE IMPRESORA 3MT USB\"},{\"@type\":\"WebPage\",\"@id\":\"https:\/\/comerciallin.com\/index.php\/producto\/cable-impresora-3mt-usb\/#webpage\",\"url\":\"https:\/\/comerciallin.com\/index.php\/producto\/cable-impresora-3mt-usb\/\",\"name\":\"CABLE IMPRESORA 3MT USB - tienda de electr\\u00f3nica y computaci\\u00f3n\",\"isPartOf\":{\"@id\":\"https:\/\/comerciallin.com\/#website\"},\"primaryImageOfPage\":{\"@id\":\"https:\/\/comerciallin.com\/index.php\/producto\/cable-impresora-3mt-usb\/#primaryimage\"},\"datePublished\":\"2022-11-07T18:25:21+00:00\",\"dateModified\":\"2025-12-26T16:45:25+00:00\",\"breadcrumb\":{\"@id\":\"https:\/\/comerciallin.com\/index.php\/producto\/cable-impresora-3mt-usb\/#breadcrumb\"},\"inLanguage\":\"es\",\"potentialAction\":[{\"@type\":\"ReadAction\",\"target\":[\"https:\/\/comerciallin.com\/index.php\/producto\/cable-impresora-3mt-usb\/\"]}]},{\"@type\":\"BreadcrumbList\",\"@id\":\"https:\/\/comerciallin.com\/index.php\/producto\/cable-impresora-3mt-usb\/#breadcrumb\",\"itemListElement\":[{\"@type\":\"ListItem\",\"position\":1,\"name\":\"Inicio\",\"item\":\"https:\/\/comerciallin.com\/\"},{\"@type\":\"ListItem\",\"position\":2,\"name\":\"Shop\",\"item\":\"https:\/\/comerciallin.com\/?page_id=3853\"},{\"@type\":\"ListItem\",\"position\":3,\"name\":\"CABLE IMPRESORA 3MT USB\"}]}]}<\/script>\n<meta property=\"product:price:amount\" content=\"8.05\" \/>\n<meta property=\"product:price:currency\" content=\"USD\" \/>\n<meta property=\"og:availability\" content=\"instock\" \/>\n<meta property=\"product:availability\" content=\"instock\" \/>\n<meta property=\"product:retailer_item_id\" content=\"214030120601\" \/>\n<meta property=\"product:condition\" content=\"new\" \/>\n<!-- \/ Yoast SEO Premium plugin. -->","yoast_head_json":{"title":"CABLE IMPRESORA 3MT USB - tienda de electr\u00f3nica y computaci\u00f3n","robots":{"index":"index","follow":"follow","max-snippet":"max-snippet:-1","max-image-preview":"max-image-preview:large","max-video-preview":"max-video-preview:-1"},"canonical":"https:\/\/comerciallin.com\/index.php\/producto\/cable-impresora-3mt-usb\/","og_locale":"es_ES","og_type":"article","og_title":"CABLE IMPRESORA 3MT USB","og_description":"Conectividad: Conectan con facilidad perif&eacute;ricos&nbsp;Metros: 3 MetrosVelocidad USB: USB 2.0 de Alta VelocidadColor: TranslucidoDetalles: Util y facil uso","og_url":"https:\/\/comerciallin.com\/index.php\/producto\/cable-impresora-3mt-usb\/","og_site_name":"tienda de electr\u00f3nica y computaci\u00f3n","article_modified_time":"2025-12-26T16:45:25+00:00","og_image":[{"width":992,"height":744,"url":"https:\/\/comerciallin.com\/wp-content\/uploads\/2023\/02\/214030120601.jpg","type":"image\/jpeg"}],"twitter_card":"summary_large_image","twitter_misc":{"Precio":"&#36;8,05","Availability":"In stock"},"schema":{"@context":"https:\/\/schema.org","@graph":[{"@type":"WebSite","@id":"https:\/\/comerciallin.com\/#website","url":"https:\/\/comerciallin.com\/","name":"tienda de electr\u00f3nica y computaci\u00f3n","description":"Importadora de Electr\u00f3nica y Computaci\u00f3n","potentialAction":[{"@type":"SearchAction","target":{"@type":"EntryPoint","urlTemplate":"https:\/\/comerciallin.com\/?s={search_term_string}"},"query-input":"required name=search_term_string"}],"inLanguage":"es"},{"@type":"ImageObject","@id":"https:\/\/comerciallin.com\/index.php\/producto\/cable-impresora-3mt-usb\/#primaryimage","inLanguage":"es","url":"https:\/\/i0.wp.com\/comerciallin.com\/wp-content\/uploads\/2023\/02\/214030120601.jpg?fit=992%2C744&ssl=1","contentUrl":"https:\/\/i0.wp.com\/comerciallin.com\/wp-content\/uploads\/2023\/02\/214030120601.jpg?fit=992%2C744&ssl=1","width":992,"height":744,"caption":"CABLE IMPRESORA 3MT USB"},{"@type":"WebPage","@id":"https:\/\/comerciallin.com\/index.php\/producto\/cable-impresora-3mt-usb\/#webpage","url":"https:\/\/comerciallin.com\/index.php\/producto\/cable-impresora-3mt-usb\/","name":"CABLE IMPRESORA 3MT USB - tienda de electr\u00f3nica y computaci\u00f3n","isPartOf":{"@id":"https:\/\/comerciallin.com\/#website"},"primaryImageOfPage":{"@id":"https:\/\/comerciallin.com\/index.php\/producto\/cable-impresora-3mt-usb\/#primaryimage"},"datePublished":"2022-11-07T18:25:21+00:00","dateModified":"2025-12-26T16:45:25+00:00","breadcrumb":{"@id":"https:\/\/comerciallin.com\/index.php\/producto\/cable-impresora-3mt-usb\/#breadcrumb"},"inLanguage":"es","potentialAction":[{"@type":"ReadAction","target":["https:\/\/comerciallin.com\/index.php\/producto\/cable-impresora-3mt-usb\/"]}]},{"@type":"BreadcrumbList","@id":"https:\/\/comerciallin.com\/index.php\/producto\/cable-impresora-3mt-usb\/#breadcrumb","itemListElement":[{"@type":"ListItem","position":1,"name":"Inicio","item":"https:\/\/comerciallin.com\/"},{"@type":"ListItem","position":2,"name":"Shop","item":"https:\/\/comerciallin.com\/?page_id=3853"},{"@type":"ListItem","position":3,"name":"CABLE IMPRESORA 3MT USB"}]}]},"product_price_amount":"8.05","product_price_currency":"USD","og_availability":"instock","product_availability":"instock","product_retailer_item_id":"214030120601","product_condition":"new"},"jetpack-related-posts":[{"id":18781,"url":"https:\/\/comerciallin.com\/index.php\/producto\/adaptador-usb-3-0-a-sata\/","url_meta":{"origin":18731,"position":0},"title":"ADAPTADOR USB 3.0 A SATA","date":"7 de noviembre de 2022","format":false,"excerpt":"Material pl\u00e1stico Color Negro Disco duro SATA de 2.5\u00a0 Interfaz interna SATA Interfaz externa USB 3.0 y USB 2.0 Conecta y reproduce Capacidad de 2TB Compatible con: Windows Me \/ XP \/ Vista \/ 7 \/ 8 \/ 10 \/Mac9.1 anterior \/ 10.2 anterior; Linux","rel":"","context":"Entrada similar","img":{"alt_text":"ADAPTADOR USB 3.0 A SATA","src":"https:\/\/i0.wp.com\/comerciallin.com\/wp-content\/uploads\/2023\/02\/214030120605.jpg?fit=992%2C744&ssl=1&resize=350%2C200","width":350,"height":200},"classes":[]},{"id":22493,"url":"https:\/\/comerciallin.com\/index.php\/producto\/enclosure-3-5-usb-3-0\/","url_meta":{"origin":18731,"position":1},"title":"ENCLOSURE DISCO 3.5&#8243; USB 3.0","date":"19 de abril de 2023","format":false,"excerpt":"Interfaz de hardware USB, USB 2.0 Dispositivos compatibles Computadora personal Factor de forma de disco duro de 3,5 pulgadas","rel":"","context":"Entrada similar","img":{"alt_text":"","src":"","width":0,"height":0},"classes":[]},{"id":18753,"url":"https:\/\/comerciallin.com\/index.php\/producto\/cable-impresora-5mt-usb\/","url_meta":{"origin":18731,"position":2},"title":"CABLE IMPRESORA 5MT USB","date":"7 de noviembre de 2022","format":false,"excerpt":"USB 2.0 de alta velocidad hasta 480 Mbits\/s Aislamiento transparente hasta 30V Conector tipo A macho a conector tipo B macho Longitud: 5MT","rel":"","context":"Entrada similar","img":{"alt_text":"CABLE IMPRESORA 5MT USB","src":"https:\/\/i0.wp.com\/comerciallin.com\/wp-content\/uploads\/2023\/02\/214030100101.jpg?fit=992%2C744&ssl=1&resize=350%2C200","width":350,"height":200},"classes":[]},{"id":19710,"url":"https:\/\/comerciallin.com\/index.php\/producto\/expansor-usb-2-0-1-a-4-port-hub\/","url_meta":{"origin":18731,"position":3},"title":"EXPANSOR USB 2.0 1 A 4 PORT HUB","date":"8 de noviembre de 2022","format":false,"excerpt":"Concentrador USB 2.0 4 en 1 para PC\/port\u00e1tiles, 4 puertos USB 2.0 con 4 concentradores de extensi\u00f3n de puertos USB de encendido\/apagado individuales Concentrador USB (negro)","rel":"","context":"Entrada similar","img":{"alt_text":"","src":"","width":0,"height":0},"classes":[]},{"id":26033,"url":"https:\/\/comerciallin.com\/index.php\/producto\/combo-teclado-mouse-genius-km8101-negro-2\/","url_meta":{"origin":18731,"position":4},"title":"COMBO TECLADO &#8211; MOUSE GENIUS KM8101 NEGRO","date":"26 de enero de 2024","format":false,"excerpt":"El teclado y rat\u00f3n inal\u00e1mbricos Genius KM-8101 son una excelente opci\u00f3n para el uso diario. Son f\u00e1ciles de configurar y usar, y ofrecen un rendimiento s\u00f3lido. El teclado cuenta con teclas de tama\u00f1o completo y un dise\u00f1o ergon\u00f3mico, mientras que el rat\u00f3n tiene un dise\u00f1o ambidiestro y botones de clic\u2026","rel":"","context":"Entrada similar","img":{"alt_text":"COMBO TECLADO - MOUSE GENIUS KM8101 NEGRO","src":"https:\/\/i0.wp.com\/comerciallin.com\/wp-content\/uploads\/2024\/01\/405403010110-1.jpg?fit=1080%2C1080&ssl=1&resize=350%2C200","width":350,"height":200},"classes":[]},{"id":25844,"url":"https:\/\/comerciallin.com\/index.php\/producto\/adaptador-5-en-1-hdtvesb3-0pd\/","url_meta":{"origin":18731,"position":5},"title":"ADAPTADOR 5 EN 1 HDTV+ESB3.0+PD","date":"17 de noviembre de 2023","format":false,"excerpt":"\u00a1Conecta todo lo que necesitas a tu dispositivo USB-C! \u00bfTu dispositivo USB-C no tiene suficientes puertos? \u00a1No te preocupes, tenemos la soluci\u00f3n! Nuestro concentrador USB-C es la opci\u00f3n perfecta para ti. Te permite conectar hasta cuatro dispositivos a tu dispositivo USB-C, incluyendo un monitor, un disco duro externo, un teclado\u2026","rel":"","context":"Entrada similar","img":{"alt_text":"","src":"","width":0,"height":0},"classes":[]}],"jetpack_sharing_enabled":true,"jetpack_likes_enabled":true,"_links":{"self":[{"href":"https:\/\/comerciallin.com\/index.php\/wp-json\/wp\/v2\/product\/18731"}],"collection":[{"href":"https:\/\/comerciallin.com\/index.php\/wp-json\/wp\/v2\/product"}],"about":[{"href":"https:\/\/comerciallin.com\/index.php\/wp-json\/wp\/v2\/types\/product"}],"replies":[{"embeddable":true,"href":"https:\/\/comerciallin.com\/index.php\/wp-json\/wp\/v2\/comments?post=18731"}],"wp:featuredmedia":[{"embeddable":true,"href":"https:\/\/comerciallin.com\/index.php\/wp-json\/wp\/v2\/media\/21718"}],"wp:attachment":[{"href":"https:\/\/comerciallin.com\/index.php\/wp-json\/wp\/v2\/media?parent=18731"}],"wp:term":[{"taxonomy":"product_cat","embeddable":true,"href":"https:\/\/comerciallin.com\/index.php\/wp-json\/wp\/v2\/product_cat?post=18731"},{"taxonomy":"product_tag","embeddable":true,"href":"https:\/\/comerciallin.com\/index.php\/wp-json\/wp\/v2\/product_tag?post=18731"}],"curies":[{"name":"wp","href":"https:\/\/api.w.org\/{rel}","templated":true}]}}