{"id":18723,"date":"2022-11-07T13:25:20","date_gmt":"2022-11-07T18:25:20","guid":{"rendered":"https:\/\/comerciallin.com\/index.php\/producto\/mouse-kingsong-usb-ks-21-gn82-blue\/"},"modified":"2025-01-14T13:56:59","modified_gmt":"2025-01-14T18:56:59","slug":"mouse-kingsong-usb-ks-21-gn82-blue","status":"publish","type":"product","link":"https:\/\/comerciallin.com\/index.php\/producto\/mouse-kingsong-usb-ks-21-gn82-blue\/","title":{"rendered":"MOUSE KINGSONG USB KS-21 &#8211; GN82 BLUE"},"content":{"rendered":"<p><span>Mouse compatible con:<br \/><\/span>Color Azul<br \/><span>Windows 7, 8, 8.1, 10<\/span><br \/><span>Mac OS 10.7.4 o superior<\/span><br \/><span>Puerto USB<\/span><\/p>\n","protected":false},"excerpt":{"rendered":"<p><span>Mouse compatible con:<br \/><\/span>Color Azul<br \/><span>Windows 7, 8, 8.1, 10<\/span><br \/><span>Mac OS 10.7.4 o superior<\/span><br \/><span>Puerto USB<\/span><\/p>\n","protected":false},"featured_media":21947,"comment_status":"open","ping_status":"closed","template":"","meta":{"spay_email":""},"product_cat":[824],"product_tag":[],"supplier_id":null,"supplier_sku":"","barcode":null,"atum_controlled":true,"out_stock_date":null,"out_stock_threshold":null,"inheritable":false,"inbound_stock":null,"stock_on_hold":0,"sold_today":0,"sales_last_days":0,"reserved_stock":null,"customer_returns":null,"warehouse_damage":null,"lost_in_post":null,"other_logs":null,"out_stock_days":0,"lost_sales":0,"has_location":null,"update_date":"2026-04-03T23:40:18","atum_locations":[],"atum_stock_status":"instock","restock_status":false,"low_stock_amount":"","sales_update_date":"2026-04-03T23:40:18","calc_backorders":null,"acf":[],"yoast_head":"<!-- This site is optimized with the Yoast SEO Premium plugin v17.4 (Yoast SEO v17.4) - https:\/\/yoast.com\/wordpress\/plugins\/seo\/ -->\n<title>MOUSE KINGSONG USB KS-21 - GN82 BLUE - tienda de electr\u00f3nica y computaci\u00f3n<\/title>\n<meta name=\"robots\" content=\"index, follow, max-snippet:-1, max-image-preview:large, max-video-preview:-1\" \/>\n<link rel=\"canonical\" href=\"https:\/\/comerciallin.com\/index.php\/producto\/mouse-kingsong-usb-ks-21-gn82-blue\/\" \/>\n<meta property=\"og:locale\" content=\"es_ES\" \/>\n<meta property=\"og:type\" content=\"article\" \/>\n<meta property=\"og:title\" content=\"MOUSE KINGSONG USB KS-21 - GN82 BLUE\" \/>\n<meta property=\"og:description\" content=\"Mouse compatible con:Color AzulWindows 7, 8, 8.1, 10Mac OS 10.7.4 o superiorPuerto USB\" \/>\n<meta property=\"og:url\" content=\"https:\/\/comerciallin.com\/index.php\/producto\/mouse-kingsong-usb-ks-21-gn82-blue\/\" \/>\n<meta property=\"og:site_name\" content=\"tienda de electr\u00f3nica y computaci\u00f3n\" \/>\n<meta property=\"article:modified_time\" content=\"2025-01-14T18:56:59+00:00\" \/>\n<meta name=\"twitter:card\" content=\"summary_large_image\" \/>\n<meta name=\"twitter:image\" content=\"https:\/\/i0.wp.com\/comerciallin.com\/wp-content\/uploads\/2023\/02\/mouse_azul.jpg?fit=%2C&amp;ssl=1\" \/>\n<meta name=\"twitter:label1\" content=\"Precio\" \/>\n\t<meta name=\"twitter:data1\" content=\"&#36;4,03\" \/>\n\t<meta name=\"twitter:label2\" content=\"Availability\" \/>\n\t<meta name=\"twitter:data2\" content=\"In stock\" \/>\n<script type=\"application\/ld+json\" class=\"yoast-schema-graph\">{\"@context\":\"https:\/\/schema.org\",\"@graph\":[{\"@type\":\"WebSite\",\"@id\":\"https:\/\/comerciallin.com\/#website\",\"url\":\"https:\/\/comerciallin.com\/\",\"name\":\"tienda de electr\\u00f3nica y computaci\\u00f3n\",\"description\":\"Importadora de Electr\\u00f3nica y Computaci\\u00f3n\",\"potentialAction\":[{\"@type\":\"SearchAction\",\"target\":{\"@type\":\"EntryPoint\",\"urlTemplate\":\"https:\/\/comerciallin.com\/?s={search_term_string}\"},\"query-input\":\"required name=search_term_string\"}],\"inLanguage\":\"es\"},{\"@type\":\"ImageObject\",\"@id\":\"https:\/\/comerciallin.com\/index.php\/producto\/mouse-kingsong-usb-ks-21-gn82-blue\/#primaryimage\",\"inLanguage\":\"es\",\"url\":\"https:\/\/i0.wp.com\/comerciallin.com\/wp-content\/uploads\/2023\/02\/mouse_azul.jpg?fit=%2C&ssl=1\",\"contentUrl\":\"https:\/\/i0.wp.com\/comerciallin.com\/wp-content\/uploads\/2023\/02\/mouse_azul.jpg?fit=%2C&ssl=1\",\"caption\":\"MOUSE KINGSONG USB KS-21 - GN82 BLUE\"},{\"@type\":\"WebPage\",\"@id\":\"https:\/\/comerciallin.com\/index.php\/producto\/mouse-kingsong-usb-ks-21-gn82-blue\/#webpage\",\"url\":\"https:\/\/comerciallin.com\/index.php\/producto\/mouse-kingsong-usb-ks-21-gn82-blue\/\",\"name\":\"MOUSE KINGSONG USB KS-21 - GN82 BLUE - tienda de electr\\u00f3nica y computaci\\u00f3n\",\"isPartOf\":{\"@id\":\"https:\/\/comerciallin.com\/#website\"},\"primaryImageOfPage\":{\"@id\":\"https:\/\/comerciallin.com\/index.php\/producto\/mouse-kingsong-usb-ks-21-gn82-blue\/#primaryimage\"},\"datePublished\":\"2022-11-07T18:25:20+00:00\",\"dateModified\":\"2025-01-14T18:56:59+00:00\",\"breadcrumb\":{\"@id\":\"https:\/\/comerciallin.com\/index.php\/producto\/mouse-kingsong-usb-ks-21-gn82-blue\/#breadcrumb\"},\"inLanguage\":\"es\",\"potentialAction\":[{\"@type\":\"ReadAction\",\"target\":[\"https:\/\/comerciallin.com\/index.php\/producto\/mouse-kingsong-usb-ks-21-gn82-blue\/\"]}]},{\"@type\":\"BreadcrumbList\",\"@id\":\"https:\/\/comerciallin.com\/index.php\/producto\/mouse-kingsong-usb-ks-21-gn82-blue\/#breadcrumb\",\"itemListElement\":[{\"@type\":\"ListItem\",\"position\":1,\"name\":\"Inicio\",\"item\":\"https:\/\/comerciallin.com\/\"},{\"@type\":\"ListItem\",\"position\":2,\"name\":\"Shop\",\"item\":\"https:\/\/comerciallin.com\/?page_id=3853\"},{\"@type\":\"ListItem\",\"position\":3,\"name\":\"MOUSE KINGSONG USB KS-21 &#8211; GN82 BLUE\"}]}]}<\/script>\n<meta property=\"product:price:amount\" content=\"4.03\" \/>\n<meta property=\"product:price:currency\" content=\"USD\" \/>\n<meta property=\"og:availability\" content=\"instock\" \/>\n<meta property=\"product:availability\" content=\"instock\" \/>\n<meta property=\"product:retailer_item_id\" content=\"37490302\" \/>\n<meta property=\"product:condition\" content=\"new\" \/>\n<!-- \/ Yoast SEO Premium plugin. -->","yoast_head_json":{"title":"MOUSE KINGSONG USB KS-21 - GN82 BLUE - tienda de electr\u00f3nica y computaci\u00f3n","robots":{"index":"index","follow":"follow","max-snippet":"max-snippet:-1","max-image-preview":"max-image-preview:large","max-video-preview":"max-video-preview:-1"},"canonical":"https:\/\/comerciallin.com\/index.php\/producto\/mouse-kingsong-usb-ks-21-gn82-blue\/","og_locale":"es_ES","og_type":"article","og_title":"MOUSE KINGSONG USB KS-21 - GN82 BLUE","og_description":"Mouse compatible con:Color AzulWindows 7, 8, 8.1, 10Mac OS 10.7.4 o superiorPuerto USB","og_url":"https:\/\/comerciallin.com\/index.php\/producto\/mouse-kingsong-usb-ks-21-gn82-blue\/","og_site_name":"tienda de electr\u00f3nica y computaci\u00f3n","article_modified_time":"2025-01-14T18:56:59+00:00","twitter_card":"summary_large_image","twitter_image":"https:\/\/i0.wp.com\/comerciallin.com\/wp-content\/uploads\/2023\/02\/mouse_azul.jpg?fit=%2C&ssl=1","twitter_misc":{"Precio":"&#36;4,03","Availability":"In stock"},"schema":{"@context":"https:\/\/schema.org","@graph":[{"@type":"WebSite","@id":"https:\/\/comerciallin.com\/#website","url":"https:\/\/comerciallin.com\/","name":"tienda de electr\u00f3nica y computaci\u00f3n","description":"Importadora de Electr\u00f3nica y Computaci\u00f3n","potentialAction":[{"@type":"SearchAction","target":{"@type":"EntryPoint","urlTemplate":"https:\/\/comerciallin.com\/?s={search_term_string}"},"query-input":"required name=search_term_string"}],"inLanguage":"es"},{"@type":"ImageObject","@id":"https:\/\/comerciallin.com\/index.php\/producto\/mouse-kingsong-usb-ks-21-gn82-blue\/#primaryimage","inLanguage":"es","url":"https:\/\/i0.wp.com\/comerciallin.com\/wp-content\/uploads\/2023\/02\/mouse_azul.jpg?fit=%2C&ssl=1","contentUrl":"https:\/\/i0.wp.com\/comerciallin.com\/wp-content\/uploads\/2023\/02\/mouse_azul.jpg?fit=%2C&ssl=1","caption":"MOUSE KINGSONG USB KS-21 - GN82 BLUE"},{"@type":"WebPage","@id":"https:\/\/comerciallin.com\/index.php\/producto\/mouse-kingsong-usb-ks-21-gn82-blue\/#webpage","url":"https:\/\/comerciallin.com\/index.php\/producto\/mouse-kingsong-usb-ks-21-gn82-blue\/","name":"MOUSE KINGSONG USB KS-21 - GN82 BLUE - tienda de electr\u00f3nica y computaci\u00f3n","isPartOf":{"@id":"https:\/\/comerciallin.com\/#website"},"primaryImageOfPage":{"@id":"https:\/\/comerciallin.com\/index.php\/producto\/mouse-kingsong-usb-ks-21-gn82-blue\/#primaryimage"},"datePublished":"2022-11-07T18:25:20+00:00","dateModified":"2025-01-14T18:56:59+00:00","breadcrumb":{"@id":"https:\/\/comerciallin.com\/index.php\/producto\/mouse-kingsong-usb-ks-21-gn82-blue\/#breadcrumb"},"inLanguage":"es","potentialAction":[{"@type":"ReadAction","target":["https:\/\/comerciallin.com\/index.php\/producto\/mouse-kingsong-usb-ks-21-gn82-blue\/"]}]},{"@type":"BreadcrumbList","@id":"https:\/\/comerciallin.com\/index.php\/producto\/mouse-kingsong-usb-ks-21-gn82-blue\/#breadcrumb","itemListElement":[{"@type":"ListItem","position":1,"name":"Inicio","item":"https:\/\/comerciallin.com\/"},{"@type":"ListItem","position":2,"name":"Shop","item":"https:\/\/comerciallin.com\/?page_id=3853"},{"@type":"ListItem","position":3,"name":"MOUSE KINGSONG USB KS-21 &#8211; GN82 BLUE"}]}]},"product_price_amount":"4.03","product_price_currency":"USD","og_availability":"instock","product_availability":"instock","product_retailer_item_id":"37490302","product_condition":"new"},"jetpack-related-posts":[{"id":18717,"url":"https:\/\/comerciallin.com\/index.php\/producto\/mouse-kingsong-usb-ks-21-gn88-green\/","url_meta":{"origin":18723,"position":0},"title":"MOUSE KINGSONG USB KS-21 &#8211; GN88 GREEN","date":"7 de noviembre de 2022","format":false,"excerpt":"Mouse compatible con:Color VerdeWindows 7, 8, 8.1, 10Mac OS 10.7.4 o superiorPuerto USB","rel":"","context":"Entrada similar","img":{"alt_text":"","src":"","width":0,"height":0},"classes":[]},{"id":18721,"url":"https:\/\/comerciallin.com\/index.php\/producto\/mouse-kingsong-usb-ks-21-gn86-red\/","url_meta":{"origin":18723,"position":1},"title":"MOUSE KINGSONG USB KS-21 &#8211; GN86 RED","date":"7 de noviembre de 2022","format":false,"excerpt":"Mouse compatible con:Color RojoWindows 7, 8, 8.1, 10Mac OS 10.7.4 o superiorPuerto USB","rel":"","context":"Entrada similar","img":{"alt_text":"","src":"","width":0,"height":0},"classes":[]},{"id":18725,"url":"https:\/\/comerciallin.com\/index.php\/producto\/mouse-kingsong-usb-ks-21-gn87-grey\/","url_meta":{"origin":18723,"position":2},"title":"MOUSE KINGSONG USB KS-21 &#8211; GN87 GREY","date":"7 de noviembre de 2022","format":false,"excerpt":"Mouse compatible con:Color GrisWindows 7, 8, 8.1, 10Mac OS 10.7.4 o superiorPuerto USB","rel":"","context":"Entrada similar","img":{"alt_text":"","src":"","width":0,"height":0},"classes":[]},{"id":18727,"url":"https:\/\/comerciallin.com\/index.php\/producto\/mouse-kingsong-usb-ks-21-gn89-yellow\/","url_meta":{"origin":18723,"position":3},"title":"MOUSE KINGSONG USB KS-21 &#8211; GN89 YELLOW","date":"7 de noviembre de 2022","format":false,"excerpt":"Mouse compatible con:Color AmarilloWindows 7, 8, 8.1, 10Mac OS 10.7.4 o superiorPuerto USB","rel":"","context":"Entrada similar","img":{"alt_text":"","src":"","width":0,"height":0},"classes":[]},{"id":25835,"url":"https:\/\/comerciallin.com\/index.php\/producto\/mouse-genius-dx-110-black-usb-2\/","url_meta":{"origin":18723,"position":4},"title":"MOUSE GENIUS DX-110 BLACK USB","date":"17 de noviembre de 2023","format":false,"excerpt":"\u00a1El mouse perfecto para tu d\u00eda a d\u00eda! \u00bfBuscas un mouse que sea c\u00f3modo, preciso y asequible? \u00a1El mouse Genius DX-110 es la opci\u00f3n perfecta para ti! El mouse es ambidiestro, por lo que puede ser utilizado por personas diestras y zurdas. \u00a1P\u00eddelo hoy mismo y disfruta de una experiencia\u2026","rel":"","context":"Entrada similar","img":{"alt_text":"","src":"","width":0,"height":0},"classes":[]},{"id":18781,"url":"https:\/\/comerciallin.com\/index.php\/producto\/adaptador-usb-3-0-a-sata\/","url_meta":{"origin":18723,"position":5},"title":"ADAPTADOR USB 3.0 A SATA","date":"7 de noviembre de 2022","format":false,"excerpt":"Material pl\u00e1stico Color Negro Disco duro SATA de 2.5\u00a0 Interfaz interna SATA Interfaz externa USB 3.0 y USB 2.0 Conecta y reproduce Capacidad de 2TB Compatible con: Windows Me \/ XP \/ Vista \/ 7 \/ 8 \/ 10 \/Mac9.1 anterior \/ 10.2 anterior; Linux","rel":"","context":"Entrada similar","img":{"alt_text":"ADAPTADOR USB 3.0 A SATA","src":"https:\/\/i0.wp.com\/comerciallin.com\/wp-content\/uploads\/2023\/02\/214030120605.jpg?fit=992%2C744&ssl=1&resize=350%2C200","width":350,"height":200},"classes":[]}],"jetpack_sharing_enabled":true,"jetpack_likes_enabled":true,"_links":{"self":[{"href":"https:\/\/comerciallin.com\/index.php\/wp-json\/wp\/v2\/product\/18723"}],"collection":[{"href":"https:\/\/comerciallin.com\/index.php\/wp-json\/wp\/v2\/product"}],"about":[{"href":"https:\/\/comerciallin.com\/index.php\/wp-json\/wp\/v2\/types\/product"}],"replies":[{"embeddable":true,"href":"https:\/\/comerciallin.com\/index.php\/wp-json\/wp\/v2\/comments?post=18723"}],"wp:featuredmedia":[{"embeddable":true,"href":"https:\/\/comerciallin.com\/index.php\/wp-json\/wp\/v2\/media\/21947"}],"wp:attachment":[{"href":"https:\/\/comerciallin.com\/index.php\/wp-json\/wp\/v2\/media?parent=18723"}],"wp:term":[{"taxonomy":"product_cat","embeddable":true,"href":"https:\/\/comerciallin.com\/index.php\/wp-json\/wp\/v2\/product_cat?post=18723"},{"taxonomy":"product_tag","embeddable":true,"href":"https:\/\/comerciallin.com\/index.php\/wp-json\/wp\/v2\/product_tag?post=18723"}],"curies":[{"name":"wp","href":"https:\/\/api.w.org\/{rel}","templated":true}]}}