{"id":18719,"date":"2022-11-07T13:25:19","date_gmt":"2022-11-07T18:25:19","guid":{"rendered":"https:\/\/comerciallin.com\/index.php\/producto\/tarjeta-sonido-mic-usb-2-1-pc\/"},"modified":"2025-01-14T13:57:55","modified_gmt":"2025-01-14T18:57:55","slug":"tarjeta-sonido-mic-usb-2-1-pc","status":"publish","type":"product","link":"https:\/\/comerciallin.com\/index.php\/producto\/tarjeta-sonido-mic-usb-2-1-pc\/","title":{"rendered":"TARJETA SONIDO\/MIC USB 2.1 PC"},"content":{"rendered":"<p>Convierte tu puerto USB en una tarjeta de sonido con entrada y salida est\u00c3\u00a9reo de plug 3.5mm. Es un sistema independiente de audio que no requiere instalaci\u00c3\u00b3n ya que es Plug&amp;Play. Tambi\u00c3\u00a9n se podr\u00c3\u00a1 escuchar a mayor volumen ya que mejora y amplifica el audio.<\/p>\n","protected":false},"excerpt":{"rendered":"<div class=\"woocommerce-product-details__short-description\">\n<p> Convertidor de audio USB a Auxiliar 3.5mm<\/p><\/div>\n","protected":false},"featured_media":22022,"comment_status":"open","ping_status":"closed","template":"","meta":{"spay_email":""},"product_cat":[789],"product_tag":[],"supplier_id":null,"supplier_sku":"","barcode":null,"atum_controlled":true,"out_stock_date":null,"out_stock_threshold":null,"inheritable":false,"inbound_stock":null,"stock_on_hold":0,"sold_today":0,"sales_last_days":0,"reserved_stock":null,"customer_returns":null,"warehouse_damage":null,"lost_in_post":null,"other_logs":null,"out_stock_days":0,"lost_sales":0,"has_location":null,"update_date":"2026-05-01T00:12:14","atum_locations":[],"atum_stock_status":"instock","restock_status":false,"low_stock_amount":"","sales_update_date":"2026-05-01T00:12:14","calc_backorders":null,"acf":[],"yoast_head":"<!-- This site is optimized with the Yoast SEO Premium plugin v17.4 (Yoast SEO v17.4) - https:\/\/yoast.com\/wordpress\/plugins\/seo\/ -->\n<title>TARJETA SONIDO\/MIC USB 2.1 PC - tienda de electr\u00f3nica y computaci\u00f3n<\/title>\n<meta name=\"robots\" content=\"index, follow, max-snippet:-1, max-image-preview:large, max-video-preview:-1\" \/>\n<link rel=\"canonical\" href=\"https:\/\/comerciallin.com\/index.php\/producto\/tarjeta-sonido-mic-usb-2-1-pc\/\" \/>\n<meta property=\"og:locale\" content=\"es_ES\" \/>\n<meta property=\"og:type\" content=\"article\" \/>\n<meta property=\"og:title\" content=\"TARJETA SONIDO\/MIC USB 2.1 PC\" \/>\n<meta property=\"og:description\" content=\"Convertidor de audio USB a Auxiliar 3.5mm\" \/>\n<meta property=\"og:url\" content=\"https:\/\/comerciallin.com\/index.php\/producto\/tarjeta-sonido-mic-usb-2-1-pc\/\" \/>\n<meta property=\"og:site_name\" content=\"tienda de electr\u00f3nica y computaci\u00f3n\" \/>\n<meta property=\"article:modified_time\" content=\"2025-01-14T18:57:55+00:00\" \/>\n<meta name=\"twitter:card\" content=\"summary_large_image\" \/>\n<meta name=\"twitter:image\" content=\"https:\/\/i0.wp.com\/comerciallin.com\/wp-content\/uploads\/2023\/02\/tarjeta-sonido-usbPW.jpg?fit=%2C&amp;ssl=1\" \/>\n<meta name=\"twitter:label1\" content=\"Precio\" \/>\n\t<meta name=\"twitter:data1\" content=\"&#36;3,45\" \/>\n\t<meta name=\"twitter:label2\" content=\"Availability\" \/>\n\t<meta name=\"twitter:data2\" content=\"In stock\" \/>\n<script type=\"application\/ld+json\" class=\"yoast-schema-graph\">{\"@context\":\"https:\/\/schema.org\",\"@graph\":[{\"@type\":\"WebSite\",\"@id\":\"https:\/\/comerciallin.com\/#website\",\"url\":\"https:\/\/comerciallin.com\/\",\"name\":\"tienda de electr\\u00f3nica y computaci\\u00f3n\",\"description\":\"Importadora de Electr\\u00f3nica y Computaci\\u00f3n\",\"potentialAction\":[{\"@type\":\"SearchAction\",\"target\":{\"@type\":\"EntryPoint\",\"urlTemplate\":\"https:\/\/comerciallin.com\/?s={search_term_string}\"},\"query-input\":\"required name=search_term_string\"}],\"inLanguage\":\"es\"},{\"@type\":\"ImageObject\",\"@id\":\"https:\/\/comerciallin.com\/index.php\/producto\/tarjeta-sonido-mic-usb-2-1-pc\/#primaryimage\",\"inLanguage\":\"es\",\"url\":\"https:\/\/i0.wp.com\/comerciallin.com\/wp-content\/uploads\/2023\/02\/tarjeta-sonido-usbPW.jpg?fit=%2C&ssl=1\",\"contentUrl\":\"https:\/\/i0.wp.com\/comerciallin.com\/wp-content\/uploads\/2023\/02\/tarjeta-sonido-usbPW.jpg?fit=%2C&ssl=1\",\"caption\":\"TARJETA SONIDO\/MIC USB 2.1 PC\"},{\"@type\":\"WebPage\",\"@id\":\"https:\/\/comerciallin.com\/index.php\/producto\/tarjeta-sonido-mic-usb-2-1-pc\/#webpage\",\"url\":\"https:\/\/comerciallin.com\/index.php\/producto\/tarjeta-sonido-mic-usb-2-1-pc\/\",\"name\":\"TARJETA SONIDO\/MIC USB 2.1 PC - tienda de electr\\u00f3nica y computaci\\u00f3n\",\"isPartOf\":{\"@id\":\"https:\/\/comerciallin.com\/#website\"},\"primaryImageOfPage\":{\"@id\":\"https:\/\/comerciallin.com\/index.php\/producto\/tarjeta-sonido-mic-usb-2-1-pc\/#primaryimage\"},\"datePublished\":\"2022-11-07T18:25:19+00:00\",\"dateModified\":\"2025-01-14T18:57:55+00:00\",\"breadcrumb\":{\"@id\":\"https:\/\/comerciallin.com\/index.php\/producto\/tarjeta-sonido-mic-usb-2-1-pc\/#breadcrumb\"},\"inLanguage\":\"es\",\"potentialAction\":[{\"@type\":\"ReadAction\",\"target\":[\"https:\/\/comerciallin.com\/index.php\/producto\/tarjeta-sonido-mic-usb-2-1-pc\/\"]}]},{\"@type\":\"BreadcrumbList\",\"@id\":\"https:\/\/comerciallin.com\/index.php\/producto\/tarjeta-sonido-mic-usb-2-1-pc\/#breadcrumb\",\"itemListElement\":[{\"@type\":\"ListItem\",\"position\":1,\"name\":\"Inicio\",\"item\":\"https:\/\/comerciallin.com\/\"},{\"@type\":\"ListItem\",\"position\":2,\"name\":\"Shop\",\"item\":\"https:\/\/comerciallin.com\/?page_id=3853\"},{\"@type\":\"ListItem\",\"position\":3,\"name\":\"TARJETA SONIDO\/MIC USB 2.1 PC\"}]}]}<\/script>\n<meta property=\"product:price:amount\" content=\"3.45\" \/>\n<meta property=\"product:price:currency\" content=\"USD\" \/>\n<meta property=\"og:availability\" content=\"instock\" \/>\n<meta property=\"product:availability\" content=\"instock\" \/>\n<meta property=\"product:retailer_item_id\" content=\"2140305238\" \/>\n<meta property=\"product:condition\" content=\"new\" \/>\n<!-- \/ Yoast SEO Premium plugin. -->","yoast_head_json":{"title":"TARJETA SONIDO\/MIC USB 2.1 PC - tienda de electr\u00f3nica y computaci\u00f3n","robots":{"index":"index","follow":"follow","max-snippet":"max-snippet:-1","max-image-preview":"max-image-preview:large","max-video-preview":"max-video-preview:-1"},"canonical":"https:\/\/comerciallin.com\/index.php\/producto\/tarjeta-sonido-mic-usb-2-1-pc\/","og_locale":"es_ES","og_type":"article","og_title":"TARJETA SONIDO\/MIC USB 2.1 PC","og_description":"Convertidor de audio USB a Auxiliar 3.5mm","og_url":"https:\/\/comerciallin.com\/index.php\/producto\/tarjeta-sonido-mic-usb-2-1-pc\/","og_site_name":"tienda de electr\u00f3nica y computaci\u00f3n","article_modified_time":"2025-01-14T18:57:55+00:00","twitter_card":"summary_large_image","twitter_image":"https:\/\/i0.wp.com\/comerciallin.com\/wp-content\/uploads\/2023\/02\/tarjeta-sonido-usbPW.jpg?fit=%2C&ssl=1","twitter_misc":{"Precio":"&#36;3,45","Availability":"In stock"},"schema":{"@context":"https:\/\/schema.org","@graph":[{"@type":"WebSite","@id":"https:\/\/comerciallin.com\/#website","url":"https:\/\/comerciallin.com\/","name":"tienda de electr\u00f3nica y computaci\u00f3n","description":"Importadora de Electr\u00f3nica y Computaci\u00f3n","potentialAction":[{"@type":"SearchAction","target":{"@type":"EntryPoint","urlTemplate":"https:\/\/comerciallin.com\/?s={search_term_string}"},"query-input":"required name=search_term_string"}],"inLanguage":"es"},{"@type":"ImageObject","@id":"https:\/\/comerciallin.com\/index.php\/producto\/tarjeta-sonido-mic-usb-2-1-pc\/#primaryimage","inLanguage":"es","url":"https:\/\/i0.wp.com\/comerciallin.com\/wp-content\/uploads\/2023\/02\/tarjeta-sonido-usbPW.jpg?fit=%2C&ssl=1","contentUrl":"https:\/\/i0.wp.com\/comerciallin.com\/wp-content\/uploads\/2023\/02\/tarjeta-sonido-usbPW.jpg?fit=%2C&ssl=1","caption":"TARJETA SONIDO\/MIC USB 2.1 PC"},{"@type":"WebPage","@id":"https:\/\/comerciallin.com\/index.php\/producto\/tarjeta-sonido-mic-usb-2-1-pc\/#webpage","url":"https:\/\/comerciallin.com\/index.php\/producto\/tarjeta-sonido-mic-usb-2-1-pc\/","name":"TARJETA SONIDO\/MIC USB 2.1 PC - tienda de electr\u00f3nica y computaci\u00f3n","isPartOf":{"@id":"https:\/\/comerciallin.com\/#website"},"primaryImageOfPage":{"@id":"https:\/\/comerciallin.com\/index.php\/producto\/tarjeta-sonido-mic-usb-2-1-pc\/#primaryimage"},"datePublished":"2022-11-07T18:25:19+00:00","dateModified":"2025-01-14T18:57:55+00:00","breadcrumb":{"@id":"https:\/\/comerciallin.com\/index.php\/producto\/tarjeta-sonido-mic-usb-2-1-pc\/#breadcrumb"},"inLanguage":"es","potentialAction":[{"@type":"ReadAction","target":["https:\/\/comerciallin.com\/index.php\/producto\/tarjeta-sonido-mic-usb-2-1-pc\/"]}]},{"@type":"BreadcrumbList","@id":"https:\/\/comerciallin.com\/index.php\/producto\/tarjeta-sonido-mic-usb-2-1-pc\/#breadcrumb","itemListElement":[{"@type":"ListItem","position":1,"name":"Inicio","item":"https:\/\/comerciallin.com\/"},{"@type":"ListItem","position":2,"name":"Shop","item":"https:\/\/comerciallin.com\/?page_id=3853"},{"@type":"ListItem","position":3,"name":"TARJETA SONIDO\/MIC USB 2.1 PC"}]}]},"product_price_amount":"3.45","product_price_currency":"USD","og_availability":"instock","product_availability":"instock","product_retailer_item_id":"2140305238","product_condition":"new"},"jetpack-related-posts":[{"id":19712,"url":"https:\/\/comerciallin.com\/index.php\/producto\/parlante-mini-p-compu-a-1\/","url_meta":{"origin":18719,"position":0},"title":"PARLANTE MINI P. COMPU A-1","date":"8 de noviembre de 2022","format":false,"excerpt":"Ezeey, 2 uds., A1, Mini altavoz de escritorio, Audio Multimedia, port\u00e1til, Subwoofer USB, altavoz est\u00e9reo compacto, conector de 3,5 MM","rel":"","context":"Entrada similar","img":{"alt_text":"PARLANTE MINI P. COMPU A-1","src":"https:\/\/i0.wp.com\/comerciallin.com\/wp-content\/uploads\/2023\/02\/714030101001.jpg?fit=992%2C744&ssl=1&resize=350%2C200","width":350,"height":200},"classes":[]},{"id":19718,"url":"https:\/\/comerciallin.com\/index.php\/producto\/microfono-corbata-fina-plug-trrs-cell\/","url_meta":{"origin":18719,"position":1},"title":"MICROFONO CORBATA FINA PLUG TRRS CELL","date":"8 de noviembre de 2022","format":false,"excerpt":"Micr\u00f3fono con cable USB Lavailer JH-044","rel":"","context":"Entrada similar","img":{"alt_text":"","src":"","width":0,"height":0},"classes":[]},{"id":18736,"url":"https:\/\/comerciallin.com\/index.php\/producto\/expansor-usb-3-0-1-a-4-port-hub\/","url_meta":{"origin":18719,"position":2},"title":"EXPANSOR USB 3.0 1 A 4 PORT HUB","date":"7 de noviembre de 2022","format":false,"excerpt":"\u00e2\u0153\u2026100% nuevo y de alta calidad \u00e2\u0153\u2026Dispositivo plug & play USB \u00e2\u0153\u2026Totalmente compatible con las especificaciones USB Versi\u00c3\u00b3n 3,0 \u00e2\u0153\u2026 LED azul para alimentaci\u00c3\u00b3n \u00e2\u0153\u2026Los interruptores de encendido\/apagado activan o desactivan puertos individuales","rel":"","context":"Entrada similar","img":{"alt_text":"","src":"","width":0,"height":0},"classes":[]},{"id":19705,"url":"https:\/\/comerciallin.com\/index.php\/producto\/microfono-usb-c-base-usb-4\/","url_meta":{"origin":18719,"position":3},"title":"MICROFONO USB C\/BASE USB-4","date":"8 de noviembre de 2022","format":false,"excerpt":"Micr\u00f3fono de escritorio USB Plug & Play PC Micr\u00f3fono de computadora para juegos de computadora Grabaci\u00f3n Charla Canto Reuni\u00f3n","rel":"","context":"Entrada similar","img":{"alt_text":"","src":"","width":0,"height":0},"classes":[]},{"id":19711,"url":"https:\/\/comerciallin.com\/index.php\/producto\/microfono-corbata-usb-jh-044\/","url_meta":{"origin":18719,"position":4},"title":"MICROFONO CORBATA USB JH-044","date":"8 de noviembre de 2022","format":false,"excerpt":"Micr\u00f3fono con cable USB Lavailer JH-044","rel":"","context":"Entrada similar","img":{"alt_text":"","src":"","width":0,"height":0},"classes":[]},{"id":18961,"url":"https:\/\/comerciallin.com\/index.php\/producto\/capturadora-de-video\/","url_meta":{"origin":18719,"position":5},"title":"CAPTURADORA DE VIDEO","date":"7 de noviembre de 2022","format":false,"excerpt":"Tarjeta de captura de video, HDMI a USB 2.0 de alta definici\u00c3\u00b3n 1080p 30 fps, grabe directamente en la computadora para juegos, transmisi\u00c3\u00b3n, ense\u00c3\u00b1anza, videoconferencia o transmisi\u00c3\u00b3n en vivo - Negro","rel":"","context":"Entrada similar","img":{"alt_text":"","src":"","width":0,"height":0},"classes":[]}],"jetpack_sharing_enabled":true,"jetpack_likes_enabled":true,"_links":{"self":[{"href":"https:\/\/comerciallin.com\/index.php\/wp-json\/wp\/v2\/product\/18719"}],"collection":[{"href":"https:\/\/comerciallin.com\/index.php\/wp-json\/wp\/v2\/product"}],"about":[{"href":"https:\/\/comerciallin.com\/index.php\/wp-json\/wp\/v2\/types\/product"}],"replies":[{"embeddable":true,"href":"https:\/\/comerciallin.com\/index.php\/wp-json\/wp\/v2\/comments?post=18719"}],"wp:featuredmedia":[{"embeddable":true,"href":"https:\/\/comerciallin.com\/index.php\/wp-json\/wp\/v2\/media\/22022"}],"wp:attachment":[{"href":"https:\/\/comerciallin.com\/index.php\/wp-json\/wp\/v2\/media?parent=18719"}],"wp:term":[{"taxonomy":"product_cat","embeddable":true,"href":"https:\/\/comerciallin.com\/index.php\/wp-json\/wp\/v2\/product_cat?post=18719"},{"taxonomy":"product_tag","embeddable":true,"href":"https:\/\/comerciallin.com\/index.php\/wp-json\/wp\/v2\/product_tag?post=18719"}],"curies":[{"name":"wp","href":"https:\/\/api.w.org\/{rel}","templated":true}]}}