{"id":18715,"date":"2022-11-07T13:25:06","date_gmt":"2022-11-07T18:25:06","guid":{"rendered":"https:\/\/comerciallin.com\/index.php\/producto\/base-disco-duro-2-5-a-3-5-rack\/"},"modified":"2025-12-26T11:46:32","modified_gmt":"2025-12-26T16:46:32","slug":"base-disco-duro-2-5-a-3-5-rack","status":"publish","type":"product","link":"https:\/\/comerciallin.com\/index.php\/producto\/base-disco-duro-2-5-a-3-5-rack\/","title":{"rendered":"BASE DISCO DURO 2.5 A 3.5 RACK"},"content":{"rendered":"<p><span>daptador de disco duro ideal para una integraci&oacute;n sin problemas de los SSD de alta velocidad o eficiencia energ&eacute;tica unidades de disco duro port&aacute;til en su PC de escritorio con la Dynamode 2.5&Prime;\/3.5&Prime;.<\/span><\/p>\n","protected":false},"excerpt":{"rendered":"<ul>\n<li><span>Hasta 2 x 2,5&Prime; los SSD o discos duros en un solo est&aacute;ndar de 3.5&Prime;<\/span><br \/><span><\/span><\/li>\n<li><span>Compatible con discos SSD \/ HDD de 3.5&Prime; PC Bay.<\/span><br \/><span><\/span><\/li>\n<li><span>Hecho de pl&aacute;stico durable Negro<\/span><br \/><span><\/span><\/li>\n<li><span>Incluye tornillos de montaje<\/span><\/li>\n<\/ul>\n","protected":false},"featured_media":21574,"comment_status":"open","ping_status":"closed","template":"","meta":{"spay_email":""},"product_cat":[789],"product_tag":[],"supplier_id":null,"supplier_sku":"","barcode":null,"atum_controlled":true,"out_stock_date":null,"out_stock_threshold":null,"inheritable":false,"inbound_stock":null,"stock_on_hold":0,"sold_today":0,"sales_last_days":0,"reserved_stock":null,"customer_returns":null,"warehouse_damage":null,"lost_in_post":null,"other_logs":null,"out_stock_days":0,"lost_sales":0,"has_location":null,"update_date":"2026-05-01T00:12:21","atum_locations":[],"atum_stock_status":"instock","restock_status":false,"low_stock_amount":"","sales_update_date":"2026-05-01T00:12:21","calc_backorders":null,"acf":[],"yoast_head":"<!-- This site is optimized with the Yoast SEO Premium plugin v17.4 (Yoast SEO v17.4) - https:\/\/yoast.com\/wordpress\/plugins\/seo\/ -->\n<title>BASE DISCO DURO 2.5 A 3.5 RACK - tienda de electr\u00f3nica y computaci\u00f3n<\/title>\n<meta name=\"robots\" content=\"index, follow, max-snippet:-1, max-image-preview:large, max-video-preview:-1\" \/>\n<link rel=\"canonical\" href=\"https:\/\/comerciallin.com\/index.php\/producto\/base-disco-duro-2-5-a-3-5-rack\/\" \/>\n<meta property=\"og:locale\" content=\"es_ES\" \/>\n<meta property=\"og:type\" content=\"article\" \/>\n<meta property=\"og:title\" content=\"BASE DISCO DURO 2.5 A 3.5 RACK\" \/>\n<meta property=\"og:description\" content=\"Hasta 2 x 2,5&Prime; los SSD o discos duros en un solo est&aacute;ndar de 3.5&Prime; Compatible con discos SSD \/ HDD de 3.5&Prime; PC Bay. Hecho de pl&aacute;stico durable Negro Incluye tornillos de montaje\" \/>\n<meta property=\"og:url\" content=\"https:\/\/comerciallin.com\/index.php\/producto\/base-disco-duro-2-5-a-3-5-rack\/\" \/>\n<meta property=\"og:site_name\" content=\"tienda de electr\u00f3nica y computaci\u00f3n\" \/>\n<meta property=\"article:modified_time\" content=\"2025-12-26T16:46:32+00:00\" \/>\n<meta property=\"og:image\" content=\"https:\/\/comerciallin.com\/wp-content\/uploads\/2023\/02\/729030120601.jpg\" \/>\n\t<meta property=\"og:image:width\" content=\"992\" \/>\n\t<meta property=\"og:image:height\" content=\"744\" \/>\n<meta name=\"twitter:card\" content=\"summary_large_image\" \/>\n<meta name=\"twitter:label1\" content=\"Precio\" \/>\n\t<meta name=\"twitter:data1\" content=\"&#36;3,45\" \/>\n\t<meta name=\"twitter:label2\" content=\"Availability\" \/>\n\t<meta name=\"twitter:data2\" content=\"In stock\" \/>\n<script type=\"application\/ld+json\" class=\"yoast-schema-graph\">{\"@context\":\"https:\/\/schema.org\",\"@graph\":[{\"@type\":\"WebSite\",\"@id\":\"https:\/\/comerciallin.com\/#website\",\"url\":\"https:\/\/comerciallin.com\/\",\"name\":\"tienda de electr\\u00f3nica y computaci\\u00f3n\",\"description\":\"Importadora de Electr\\u00f3nica y Computaci\\u00f3n\",\"potentialAction\":[{\"@type\":\"SearchAction\",\"target\":{\"@type\":\"EntryPoint\",\"urlTemplate\":\"https:\/\/comerciallin.com\/?s={search_term_string}\"},\"query-input\":\"required name=search_term_string\"}],\"inLanguage\":\"es\"},{\"@type\":\"ImageObject\",\"@id\":\"https:\/\/comerciallin.com\/index.php\/producto\/base-disco-duro-2-5-a-3-5-rack\/#primaryimage\",\"inLanguage\":\"es\",\"url\":\"https:\/\/i0.wp.com\/comerciallin.com\/wp-content\/uploads\/2023\/02\/729030120601.jpg?fit=992%2C744&ssl=1\",\"contentUrl\":\"https:\/\/i0.wp.com\/comerciallin.com\/wp-content\/uploads\/2023\/02\/729030120601.jpg?fit=992%2C744&ssl=1\",\"width\":992,\"height\":744,\"caption\":\"BASE DISCO DURO 2.5 A 3.5 RACK\"},{\"@type\":\"WebPage\",\"@id\":\"https:\/\/comerciallin.com\/index.php\/producto\/base-disco-duro-2-5-a-3-5-rack\/#webpage\",\"url\":\"https:\/\/comerciallin.com\/index.php\/producto\/base-disco-duro-2-5-a-3-5-rack\/\",\"name\":\"BASE DISCO DURO 2.5 A 3.5 RACK - tienda de electr\\u00f3nica y computaci\\u00f3n\",\"isPartOf\":{\"@id\":\"https:\/\/comerciallin.com\/#website\"},\"primaryImageOfPage\":{\"@id\":\"https:\/\/comerciallin.com\/index.php\/producto\/base-disco-duro-2-5-a-3-5-rack\/#primaryimage\"},\"datePublished\":\"2022-11-07T18:25:06+00:00\",\"dateModified\":\"2025-12-26T16:46:32+00:00\",\"breadcrumb\":{\"@id\":\"https:\/\/comerciallin.com\/index.php\/producto\/base-disco-duro-2-5-a-3-5-rack\/#breadcrumb\"},\"inLanguage\":\"es\",\"potentialAction\":[{\"@type\":\"ReadAction\",\"target\":[\"https:\/\/comerciallin.com\/index.php\/producto\/base-disco-duro-2-5-a-3-5-rack\/\"]}]},{\"@type\":\"BreadcrumbList\",\"@id\":\"https:\/\/comerciallin.com\/index.php\/producto\/base-disco-duro-2-5-a-3-5-rack\/#breadcrumb\",\"itemListElement\":[{\"@type\":\"ListItem\",\"position\":1,\"name\":\"Inicio\",\"item\":\"https:\/\/comerciallin.com\/\"},{\"@type\":\"ListItem\",\"position\":2,\"name\":\"Shop\",\"item\":\"https:\/\/comerciallin.com\/?page_id=3853\"},{\"@type\":\"ListItem\",\"position\":3,\"name\":\"BASE DISCO DURO 2.5 A 3.5 RACK\"}]}]}<\/script>\n<meta property=\"product:price:amount\" content=\"3.45\" \/>\n<meta property=\"product:price:currency\" content=\"USD\" \/>\n<meta property=\"og:availability\" content=\"instock\" \/>\n<meta property=\"product:availability\" content=\"instock\" \/>\n<meta property=\"product:retailer_item_id\" content=\"729030120601\" \/>\n<meta property=\"product:condition\" content=\"new\" \/>\n<!-- \/ Yoast SEO Premium plugin. -->","yoast_head_json":{"title":"BASE DISCO DURO 2.5 A 3.5 RACK - tienda de electr\u00f3nica y computaci\u00f3n","robots":{"index":"index","follow":"follow","max-snippet":"max-snippet:-1","max-image-preview":"max-image-preview:large","max-video-preview":"max-video-preview:-1"},"canonical":"https:\/\/comerciallin.com\/index.php\/producto\/base-disco-duro-2-5-a-3-5-rack\/","og_locale":"es_ES","og_type":"article","og_title":"BASE DISCO DURO 2.5 A 3.5 RACK","og_description":"Hasta 2 x 2,5&Prime; los SSD o discos duros en un solo est&aacute;ndar de 3.5&Prime; Compatible con discos SSD \/ HDD de 3.5&Prime; PC Bay. Hecho de pl&aacute;stico durable Negro Incluye tornillos de montaje","og_url":"https:\/\/comerciallin.com\/index.php\/producto\/base-disco-duro-2-5-a-3-5-rack\/","og_site_name":"tienda de electr\u00f3nica y computaci\u00f3n","article_modified_time":"2025-12-26T16:46:32+00:00","og_image":[{"width":992,"height":744,"url":"https:\/\/comerciallin.com\/wp-content\/uploads\/2023\/02\/729030120601.jpg","type":"image\/jpeg"}],"twitter_card":"summary_large_image","twitter_misc":{"Precio":"&#36;3,45","Availability":"In stock"},"schema":{"@context":"https:\/\/schema.org","@graph":[{"@type":"WebSite","@id":"https:\/\/comerciallin.com\/#website","url":"https:\/\/comerciallin.com\/","name":"tienda de electr\u00f3nica y computaci\u00f3n","description":"Importadora de Electr\u00f3nica y Computaci\u00f3n","potentialAction":[{"@type":"SearchAction","target":{"@type":"EntryPoint","urlTemplate":"https:\/\/comerciallin.com\/?s={search_term_string}"},"query-input":"required name=search_term_string"}],"inLanguage":"es"},{"@type":"ImageObject","@id":"https:\/\/comerciallin.com\/index.php\/producto\/base-disco-duro-2-5-a-3-5-rack\/#primaryimage","inLanguage":"es","url":"https:\/\/i0.wp.com\/comerciallin.com\/wp-content\/uploads\/2023\/02\/729030120601.jpg?fit=992%2C744&ssl=1","contentUrl":"https:\/\/i0.wp.com\/comerciallin.com\/wp-content\/uploads\/2023\/02\/729030120601.jpg?fit=992%2C744&ssl=1","width":992,"height":744,"caption":"BASE DISCO DURO 2.5 A 3.5 RACK"},{"@type":"WebPage","@id":"https:\/\/comerciallin.com\/index.php\/producto\/base-disco-duro-2-5-a-3-5-rack\/#webpage","url":"https:\/\/comerciallin.com\/index.php\/producto\/base-disco-duro-2-5-a-3-5-rack\/","name":"BASE DISCO DURO 2.5 A 3.5 RACK - tienda de electr\u00f3nica y computaci\u00f3n","isPartOf":{"@id":"https:\/\/comerciallin.com\/#website"},"primaryImageOfPage":{"@id":"https:\/\/comerciallin.com\/index.php\/producto\/base-disco-duro-2-5-a-3-5-rack\/#primaryimage"},"datePublished":"2022-11-07T18:25:06+00:00","dateModified":"2025-12-26T16:46:32+00:00","breadcrumb":{"@id":"https:\/\/comerciallin.com\/index.php\/producto\/base-disco-duro-2-5-a-3-5-rack\/#breadcrumb"},"inLanguage":"es","potentialAction":[{"@type":"ReadAction","target":["https:\/\/comerciallin.com\/index.php\/producto\/base-disco-duro-2-5-a-3-5-rack\/"]}]},{"@type":"BreadcrumbList","@id":"https:\/\/comerciallin.com\/index.php\/producto\/base-disco-duro-2-5-a-3-5-rack\/#breadcrumb","itemListElement":[{"@type":"ListItem","position":1,"name":"Inicio","item":"https:\/\/comerciallin.com\/"},{"@type":"ListItem","position":2,"name":"Shop","item":"https:\/\/comerciallin.com\/?page_id=3853"},{"@type":"ListItem","position":3,"name":"BASE DISCO DURO 2.5 A 3.5 RACK"}]}]},"product_price_amount":"3.45","product_price_currency":"USD","og_availability":"instock","product_availability":"instock","product_retailer_item_id":"729030120601","product_condition":"new"},"jetpack-related-posts":[{"id":26053,"url":"https:\/\/comerciallin.com\/index.php\/producto\/disco-duro-ssd-2-5-a400-240gb-kingstong-2\/","url_meta":{"origin":18715,"position":0},"title":"DISCO DURO SSD 2.5 A400 240GB KINGSTONG","date":"26 de enero de 2024","format":false,"excerpt":"El disco duro SSD 2.5 A400 240GB Kingstong es una excelente opci\u00f3n para quienes buscan un disco duro de estado s\u00f3lido de alta calidad y asequible. Este disco duro ofrece velocidades de transferencia de datos ultrarr\u00e1pidas, lo que lo hace ideal para tareas como juegos, edici\u00f3n de video y arranque\u2026","rel":"","context":"Entrada similar","img":{"alt_text":"DISCO DURO SSD 2.5 A400 240GB KINGSTONG","src":"https:\/\/i0.wp.com\/comerciallin.com\/wp-content\/uploads\/2024\/01\/405403010111-1.jpg?fit=1080%2C1080&ssl=1&resize=350%2C200","width":350,"height":200},"classes":[]},{"id":19289,"url":"https:\/\/comerciallin.com\/index.php\/producto\/disco-duro-ssd-2-5-a400-480gb-kingstong\/","url_meta":{"origin":18715,"position":1},"title":"DISCO DURO SSD 2.5 A400 480GB KINGSTONG","date":"7 de noviembre de 2022","format":false,"excerpt":"Marca: Kingstong Factor de forma: SSD interno de 2,5 pulgadas Interfaz: SATA 6.0Gb\/s Capacidad total:\u00a0480 GB* Garant\u00eda: Limitada de 1 a\u00f1os Velocidad de lectura secuencial: hasta 500 MB\/s** Velocidad de escritura secuencial: hasta 450 MB\/s** \"","rel":"","context":"Entrada similar","img":{"alt_text":"","src":"","width":0,"height":0},"classes":[]},{"id":19213,"url":"https:\/\/comerciallin.com\/index.php\/producto\/disco-duro-480gb-solido-gigabyte-2-5-sata\/","url_meta":{"origin":18715,"position":2},"title":"DISCO DURO 480GB SOLIDO GIGABYTE 2.5&#8243; SATA","date":"7 de noviembre de 2022","format":false,"excerpt":"Factor de forma: SSD interno de 2,5 pulgadas Interfaz: SATA 6.0Gb\/s Capacidad total: 480 GB* Garant\u00eda: Limitada de 1 a\u00f1os Velocidad de lectura secuencial: hasta 550 MB\/s** Velocidad de escritura secuencial: hasta 480 MB\/s** Compatibilidad con TRIM y S.M.A.R.T.","rel":"","context":"Entrada similar","img":{"alt_text":"","src":"","width":0,"height":0},"classes":[]},{"id":19215,"url":"https:\/\/comerciallin.com\/index.php\/producto\/disco-duro-250gb-ssd-ex900-m-2-mve-pciex\/","url_meta":{"origin":18715,"position":3},"title":"DISCO DURO 250GB SSD EX900 M.2 MVE PCIEX","date":"7 de noviembre de 2022","format":false,"excerpt":"MANTENGA LA REINVENTACI\u00d3N, EL CAMINO HP: HP SSD EX900 M.2: la elecci\u00f3n para alta eficiencia, sin esfuerzo y velocidad extraordinaria LECTURA DE VELOCIDAD DE ESCRITURA: Velocidades secuenciales de lectura \/ escritura de hasta 2100 MB \/ s \/ 1300 MB \/ s, una confiabilidad l\u00edder en la industria (MTBF) de\u2026","rel":"","context":"Entrada similar","img":{"alt_text":"","src":"","width":0,"height":0},"classes":[]},{"id":19609,"url":"https:\/\/comerciallin.com\/index.php\/producto\/disco-duro-ssd-240gb-adata\/","url_meta":{"origin":18715,"position":4},"title":"DISCO DURO SSD 240GB ADATA","date":"7 de noviembre de 2022","format":false,"excerpt":"Marca:\u00a0Adata Factor de forma:\u00a0SSD interno de 2,5 pulgadas Interfaz:\u00a0SATA 6.0Gb\/s Capacidad total:\u00a0240 GB* Garant\u00eda:\u00a0Limitada de 1 a\u00f1os Velocidad de lectura secuencial:\u00a0hasta 500 MB\/s** Velocidad de escritura secuencial:\u00a0hasta 350 MB\/s**","rel":"","context":"Entrada similar","img":{"alt_text":"","src":"","width":0,"height":0},"classes":[]}],"jetpack_sharing_enabled":true,"jetpack_likes_enabled":true,"_links":{"self":[{"href":"https:\/\/comerciallin.com\/index.php\/wp-json\/wp\/v2\/product\/18715"}],"collection":[{"href":"https:\/\/comerciallin.com\/index.php\/wp-json\/wp\/v2\/product"}],"about":[{"href":"https:\/\/comerciallin.com\/index.php\/wp-json\/wp\/v2\/types\/product"}],"replies":[{"embeddable":true,"href":"https:\/\/comerciallin.com\/index.php\/wp-json\/wp\/v2\/comments?post=18715"}],"wp:featuredmedia":[{"embeddable":true,"href":"https:\/\/comerciallin.com\/index.php\/wp-json\/wp\/v2\/media\/21574"}],"wp:attachment":[{"href":"https:\/\/comerciallin.com\/index.php\/wp-json\/wp\/v2\/media?parent=18715"}],"wp:term":[{"taxonomy":"product_cat","embeddable":true,"href":"https:\/\/comerciallin.com\/index.php\/wp-json\/wp\/v2\/product_cat?post=18715"},{"taxonomy":"product_tag","embeddable":true,"href":"https:\/\/comerciallin.com\/index.php\/wp-json\/wp\/v2\/product_tag?post=18715"}],"curies":[{"name":"wp","href":"https:\/\/api.w.org\/{rel}","templated":true}]}}