{"id":18708,"date":"2022-11-07T13:25:05","date_gmt":"2022-11-07T18:25:05","guid":{"rendered":"https:\/\/comerciallin.com\/index.php\/producto\/cable-poder-1-5mt\/"},"modified":"2025-12-26T11:46:09","modified_gmt":"2025-12-26T16:46:09","slug":"cable-poder-1-5mt","status":"publish","type":"product","link":"https:\/\/comerciallin.com\/index.php\/producto\/cable-poder-1-5mt\/","title":{"rendered":"CABLE PODER 1.5MT"},"content":{"rendered":"<ul>\n<li>Un cable de poder se refiere, al cable que conecta la computadora al sistema el&eacute;ctrico y que le da el poder (electricidad) a la misma.<\/li>\n<li>Es el cable que va desde el enchufe de la corriente (o desde el enchufe del estabilizador de tensi&oacute;n el&eacute;ctrica) hacia la fuente de poder (o fuente de energ&iacute;&shy;a el&eacute;ctrica) de la computadora, generalmente ubicado en la parte trasera superior del gabinete.<\/li>\n<li><strong>Cable Poder Para:<\/strong>&nbsp;Pc, Monitores, Cargadores, Impresoras Y Otros que tengan el mismo conector.<\/li>\n<li><strong>Cable De Poder:&nbsp;<\/strong>Pesado, Grueso, de Buena Calidad, Durable.<\/li>\n<\/ul>\n","protected":false},"excerpt":{"rendered":"<ul>\n<li><strong>Cable Poder Para:<\/strong>&nbsp;Pc, Monitores, Cargadores, Impresoras Y Otros que tengan el mismo conector.<\/li>\n<li><strong>Cable De Poder:&nbsp;<\/strong>Pesado, Grueso, de Buena Calidad, Durable.<\/li>\n<\/ul>\n","protected":false},"featured_media":21720,"comment_status":"open","ping_status":"closed","template":"","meta":{"spay_email":""},"product_cat":[789],"product_tag":[],"supplier_id":null,"supplier_sku":"","barcode":null,"atum_controlled":true,"out_stock_date":null,"out_stock_threshold":null,"inheritable":false,"inbound_stock":null,"stock_on_hold":0,"sold_today":0,"sales_last_days":0,"reserved_stock":null,"customer_returns":null,"warehouse_damage":null,"lost_in_post":null,"other_logs":null,"out_stock_days":0,"lost_sales":0,"has_location":null,"update_date":"2026-05-01T00:12:27","atum_locations":[],"atum_stock_status":"instock","restock_status":false,"low_stock_amount":"","sales_update_date":"2026-05-01T00:12:27","calc_backorders":null,"acf":[],"yoast_head":"<!-- This site is optimized with the Yoast SEO Premium plugin v17.4 (Yoast SEO v17.4) - https:\/\/yoast.com\/wordpress\/plugins\/seo\/ -->\n<title>CABLE PODER 1.5MT - tienda de electr\u00f3nica y computaci\u00f3n<\/title>\n<meta name=\"robots\" content=\"index, follow, max-snippet:-1, max-image-preview:large, max-video-preview:-1\" \/>\n<link rel=\"canonical\" href=\"https:\/\/comerciallin.com\/index.php\/producto\/cable-poder-1-5mt\/\" \/>\n<meta property=\"og:locale\" content=\"es_ES\" \/>\n<meta property=\"og:type\" content=\"article\" \/>\n<meta property=\"og:title\" content=\"CABLE PODER 1.5MT\" \/>\n<meta property=\"og:description\" content=\"Cable Poder Para:&nbsp;Pc, Monitores, Cargadores, Impresoras Y Otros que tengan el mismo conector. Cable De Poder:&nbsp;Pesado, Grueso, de Buena Calidad, Durable.\" \/>\n<meta property=\"og:url\" content=\"https:\/\/comerciallin.com\/index.php\/producto\/cable-poder-1-5mt\/\" \/>\n<meta property=\"og:site_name\" content=\"tienda de electr\u00f3nica y computaci\u00f3n\" \/>\n<meta property=\"article:modified_time\" content=\"2025-12-26T16:46:09+00:00\" \/>\n<meta property=\"og:image\" content=\"https:\/\/comerciallin.com\/wp-content\/uploads\/2023\/02\/cablepoder3.jpg\" \/>\n\t<meta property=\"og:image:width\" content=\"500\" \/>\n\t<meta property=\"og:image:height\" content=\"500\" \/>\n<meta name=\"twitter:card\" content=\"summary_large_image\" \/>\n<meta name=\"twitter:label1\" content=\"Precio\" \/>\n\t<meta name=\"twitter:data1\" content=\"&#36;34,50\" \/>\n\t<meta name=\"twitter:label2\" content=\"Availability\" \/>\n\t<meta name=\"twitter:data2\" content=\"In stock\" \/>\n<script type=\"application\/ld+json\" class=\"yoast-schema-graph\">{\"@context\":\"https:\/\/schema.org\",\"@graph\":[{\"@type\":\"WebSite\",\"@id\":\"https:\/\/comerciallin.com\/#website\",\"url\":\"https:\/\/comerciallin.com\/\",\"name\":\"tienda de electr\\u00f3nica y computaci\\u00f3n\",\"description\":\"Importadora de Electr\\u00f3nica y Computaci\\u00f3n\",\"potentialAction\":[{\"@type\":\"SearchAction\",\"target\":{\"@type\":\"EntryPoint\",\"urlTemplate\":\"https:\/\/comerciallin.com\/?s={search_term_string}\"},\"query-input\":\"required name=search_term_string\"}],\"inLanguage\":\"es\"},{\"@type\":\"ImageObject\",\"@id\":\"https:\/\/comerciallin.com\/index.php\/producto\/cable-poder-1-5mt\/#primaryimage\",\"inLanguage\":\"es\",\"url\":\"https:\/\/i0.wp.com\/comerciallin.com\/wp-content\/uploads\/2023\/02\/cablepoder3.jpg?fit=500%2C500&ssl=1\",\"contentUrl\":\"https:\/\/i0.wp.com\/comerciallin.com\/wp-content\/uploads\/2023\/02\/cablepoder3.jpg?fit=500%2C500&ssl=1\",\"width\":500,\"height\":500,\"caption\":\"CABLE PODER 1.5MT\"},{\"@type\":\"WebPage\",\"@id\":\"https:\/\/comerciallin.com\/index.php\/producto\/cable-poder-1-5mt\/#webpage\",\"url\":\"https:\/\/comerciallin.com\/index.php\/producto\/cable-poder-1-5mt\/\",\"name\":\"CABLE PODER 1.5MT - tienda de electr\\u00f3nica y computaci\\u00f3n\",\"isPartOf\":{\"@id\":\"https:\/\/comerciallin.com\/#website\"},\"primaryImageOfPage\":{\"@id\":\"https:\/\/comerciallin.com\/index.php\/producto\/cable-poder-1-5mt\/#primaryimage\"},\"datePublished\":\"2022-11-07T18:25:05+00:00\",\"dateModified\":\"2025-12-26T16:46:09+00:00\",\"breadcrumb\":{\"@id\":\"https:\/\/comerciallin.com\/index.php\/producto\/cable-poder-1-5mt\/#breadcrumb\"},\"inLanguage\":\"es\",\"potentialAction\":[{\"@type\":\"ReadAction\",\"target\":[\"https:\/\/comerciallin.com\/index.php\/producto\/cable-poder-1-5mt\/\"]}]},{\"@type\":\"BreadcrumbList\",\"@id\":\"https:\/\/comerciallin.com\/index.php\/producto\/cable-poder-1-5mt\/#breadcrumb\",\"itemListElement\":[{\"@type\":\"ListItem\",\"position\":1,\"name\":\"Inicio\",\"item\":\"https:\/\/comerciallin.com\/\"},{\"@type\":\"ListItem\",\"position\":2,\"name\":\"Shop\",\"item\":\"https:\/\/comerciallin.com\/?page_id=3853\"},{\"@type\":\"ListItem\",\"position\":3,\"name\":\"CABLE PODER 1.5MT\"}]}]}<\/script>\n<meta property=\"product:price:amount\" content=\"34.50\" \/>\n<meta property=\"product:price:currency\" content=\"USD\" \/>\n<meta property=\"og:availability\" content=\"instock\" \/>\n<meta property=\"product:availability\" content=\"instock\" \/>\n<meta property=\"product:retailer_item_id\" content=\"2144100101\" \/>\n<meta property=\"product:condition\" content=\"new\" \/>\n<!-- \/ Yoast SEO Premium plugin. -->","yoast_head_json":{"title":"CABLE PODER 1.5MT - tienda de electr\u00f3nica y computaci\u00f3n","robots":{"index":"index","follow":"follow","max-snippet":"max-snippet:-1","max-image-preview":"max-image-preview:large","max-video-preview":"max-video-preview:-1"},"canonical":"https:\/\/comerciallin.com\/index.php\/producto\/cable-poder-1-5mt\/","og_locale":"es_ES","og_type":"article","og_title":"CABLE PODER 1.5MT","og_description":"Cable Poder Para:&nbsp;Pc, Monitores, Cargadores, Impresoras Y Otros que tengan el mismo conector. Cable De Poder:&nbsp;Pesado, Grueso, de Buena Calidad, Durable.","og_url":"https:\/\/comerciallin.com\/index.php\/producto\/cable-poder-1-5mt\/","og_site_name":"tienda de electr\u00f3nica y computaci\u00f3n","article_modified_time":"2025-12-26T16:46:09+00:00","og_image":[{"width":500,"height":500,"url":"https:\/\/comerciallin.com\/wp-content\/uploads\/2023\/02\/cablepoder3.jpg","type":"image\/jpeg"}],"twitter_card":"summary_large_image","twitter_misc":{"Precio":"&#36;34,50","Availability":"In stock"},"schema":{"@context":"https:\/\/schema.org","@graph":[{"@type":"WebSite","@id":"https:\/\/comerciallin.com\/#website","url":"https:\/\/comerciallin.com\/","name":"tienda de electr\u00f3nica y computaci\u00f3n","description":"Importadora de Electr\u00f3nica y Computaci\u00f3n","potentialAction":[{"@type":"SearchAction","target":{"@type":"EntryPoint","urlTemplate":"https:\/\/comerciallin.com\/?s={search_term_string}"},"query-input":"required name=search_term_string"}],"inLanguage":"es"},{"@type":"ImageObject","@id":"https:\/\/comerciallin.com\/index.php\/producto\/cable-poder-1-5mt\/#primaryimage","inLanguage":"es","url":"https:\/\/i0.wp.com\/comerciallin.com\/wp-content\/uploads\/2023\/02\/cablepoder3.jpg?fit=500%2C500&ssl=1","contentUrl":"https:\/\/i0.wp.com\/comerciallin.com\/wp-content\/uploads\/2023\/02\/cablepoder3.jpg?fit=500%2C500&ssl=1","width":500,"height":500,"caption":"CABLE PODER 1.5MT"},{"@type":"WebPage","@id":"https:\/\/comerciallin.com\/index.php\/producto\/cable-poder-1-5mt\/#webpage","url":"https:\/\/comerciallin.com\/index.php\/producto\/cable-poder-1-5mt\/","name":"CABLE PODER 1.5MT - tienda de electr\u00f3nica y computaci\u00f3n","isPartOf":{"@id":"https:\/\/comerciallin.com\/#website"},"primaryImageOfPage":{"@id":"https:\/\/comerciallin.com\/index.php\/producto\/cable-poder-1-5mt\/#primaryimage"},"datePublished":"2022-11-07T18:25:05+00:00","dateModified":"2025-12-26T16:46:09+00:00","breadcrumb":{"@id":"https:\/\/comerciallin.com\/index.php\/producto\/cable-poder-1-5mt\/#breadcrumb"},"inLanguage":"es","potentialAction":[{"@type":"ReadAction","target":["https:\/\/comerciallin.com\/index.php\/producto\/cable-poder-1-5mt\/"]}]},{"@type":"BreadcrumbList","@id":"https:\/\/comerciallin.com\/index.php\/producto\/cable-poder-1-5mt\/#breadcrumb","itemListElement":[{"@type":"ListItem","position":1,"name":"Inicio","item":"https:\/\/comerciallin.com\/"},{"@type":"ListItem","position":2,"name":"Shop","item":"https:\/\/comerciallin.com\/?page_id=3853"},{"@type":"ListItem","position":3,"name":"CABLE PODER 1.5MT"}]}]},"product_price_amount":"34.50","product_price_currency":"USD","og_availability":"instock","product_availability":"instock","product_retailer_item_id":"2144100101","product_condition":"new"},"jetpack-related-posts":[{"id":18753,"url":"https:\/\/comerciallin.com\/index.php\/producto\/cable-impresora-5mt-usb\/","url_meta":{"origin":18708,"position":0},"title":"CABLE IMPRESORA 5MT USB","date":"7 de noviembre de 2022","format":false,"excerpt":"USB 2.0 de alta velocidad hasta 480 Mbits\/s Aislamiento transparente hasta 30V Conector tipo A macho a conector tipo B macho Longitud: 5MT","rel":"","context":"Entrada similar","img":{"alt_text":"CABLE IMPRESORA 5MT USB","src":"https:\/\/i0.wp.com\/comerciallin.com\/wp-content\/uploads\/2023\/02\/214030100101.jpg?fit=992%2C744&ssl=1&resize=350%2C200","width":350,"height":200},"classes":[]},{"id":25843,"url":"https:\/\/comerciallin.com\/index.php\/producto\/adaptador-poder-1-ide-a-2-sata\/","url_meta":{"origin":18708,"position":1},"title":"ADAPTADOR PODER 1 IDE A 2 SATA","date":"17 de noviembre de 2023","format":false,"excerpt":"\u00bfNecesitas alimentar tus dispositivos SATA? Este cable de alimentaci\u00f3n SATA de 15 pines es la soluci\u00f3n perfecta. Con dos conectores SATA hembra, puedes alimentar dos dispositivos SATA a la vez. El cable est\u00e1 hecho de materiales de alta calidad y est\u00e1 dise\u00f1ado para durar.","rel":"","context":"Entrada similar","img":{"alt_text":"","src":"","width":0,"height":0},"classes":[]},{"id":19647,"url":"https:\/\/comerciallin.com\/index.php\/producto\/cable-extension-de-fuente-pooder-4pin\/","url_meta":{"origin":18708,"position":2},"title":"CABLE EXTENSION DE FUENTE POODER 4PIN","date":"7 de noviembre de 2022","format":false,"excerpt":"ATX de 4 pines macho a hembra adaptador 20cm 4 Pin de extensi\u00f3n de energ\u00eda de la CPU de 4 pines Hembra PC Cable conector de alimentaci\u00f3n","rel":"","context":"Entrada similar","img":{"alt_text":"","src":"","width":0,"height":0},"classes":[]},{"id":18900,"url":"https:\/\/comerciallin.com\/index.php\/producto\/cargador-monitor-lg-19v-0-84a-6-54-5\/","url_meta":{"origin":18708,"position":3},"title":"CARGADOR MONITOR LG 19V 0.84A 6.5*4.5","date":"7 de noviembre de 2022","format":false,"excerpt":"Especificaciones: Entrada: 100-240V \/ 50-60Hz Salida: 19V-0.8A Conector: 6,5mm * 4,5m Color: Negro Condici\u00f3n: Nueva estrenar Paquete incluye: 1 x Adaptador de corriente AC 1 x Cable de Alimentaci\u00f3n El\u00e9ctrica Garant\u00eda: 6 meses de garant\u00eda IVA Incluido","rel":"","context":"Entrada similar","img":{"alt_text":"","src":"","width":0,"height":0},"classes":[]},{"id":18898,"url":"https:\/\/comerciallin.com\/index.php\/producto\/cargador-monitor-lg-19v-1-3a-6-54-4\/","url_meta":{"origin":18708,"position":4},"title":"CARGADOR MONITOR LG 19V 1.3A 6.5*4.4","date":"7 de noviembre de 2022","format":false,"excerpt":"Especificaciones: Entrada: 100-240V \/ 50-60Hz Salida: 19V-1.3A Conector: 6,5mm * 4,m Color: Negro Condici\u00f3n: Nueva estrenar Paquete incluye: 1 x Adaptador de corriente AC 1 x Cable de Alimentaci\u00f3n El\u00e9ctrica Garant\u00eda: 6 meses de garant\u00eda IVA Incluido","rel":"","context":"Entrada similar","img":{"alt_text":"","src":"","width":0,"height":0},"classes":[]},{"id":18731,"url":"https:\/\/comerciallin.com\/index.php\/producto\/cable-impresora-3mt-usb\/","url_meta":{"origin":18708,"position":5},"title":"CABLE IMPRESORA 3MT USB","date":"7 de noviembre de 2022","format":false,"excerpt":"Conectividad: Conectan con facilidad perif\u00e9ricos\u00a0Metros: 3 MetrosVelocidad USB: USB 2.0 de Alta VelocidadColor: TranslucidoDetalles: Util y facil uso","rel":"","context":"Entrada similar","img":{"alt_text":"CABLE IMPRESORA 3MT USB","src":"https:\/\/i0.wp.com\/comerciallin.com\/wp-content\/uploads\/2023\/02\/214030120601.jpg?fit=992%2C744&ssl=1&resize=350%2C200","width":350,"height":200},"classes":[]}],"jetpack_sharing_enabled":true,"jetpack_likes_enabled":true,"_links":{"self":[{"href":"https:\/\/comerciallin.com\/index.php\/wp-json\/wp\/v2\/product\/18708"}],"collection":[{"href":"https:\/\/comerciallin.com\/index.php\/wp-json\/wp\/v2\/product"}],"about":[{"href":"https:\/\/comerciallin.com\/index.php\/wp-json\/wp\/v2\/types\/product"}],"replies":[{"embeddable":true,"href":"https:\/\/comerciallin.com\/index.php\/wp-json\/wp\/v2\/comments?post=18708"}],"wp:featuredmedia":[{"embeddable":true,"href":"https:\/\/comerciallin.com\/index.php\/wp-json\/wp\/v2\/media\/21720"}],"wp:attachment":[{"href":"https:\/\/comerciallin.com\/index.php\/wp-json\/wp\/v2\/media?parent=18708"}],"wp:term":[{"taxonomy":"product_cat","embeddable":true,"href":"https:\/\/comerciallin.com\/index.php\/wp-json\/wp\/v2\/product_cat?post=18708"},{"taxonomy":"product_tag","embeddable":true,"href":"https:\/\/comerciallin.com\/index.php\/wp-json\/wp\/v2\/product_tag?post=18708"}],"curies":[{"name":"wp","href":"https:\/\/api.w.org\/{rel}","templated":true}]}}