{"id":18706,"date":"2022-11-07T13:25:05","date_gmt":"2022-11-07T18:25:05","guid":{"rendered":"https:\/\/comerciallin.com\/index.php\/producto\/cable-sata-datos\/"},"modified":"2026-02-11T14:34:49","modified_gmt":"2026-02-11T19:34:49","slug":"cable-sata-datos","status":"publish","type":"product","link":"https:\/\/comerciallin.com\/index.php\/producto\/cable-sata-datos\/","title":{"rendered":"CABLE SATA DATOS"},"content":{"rendered":"<p><span><strong>Tipo:<\/strong> Cable de datos para unidades de discos duros y de disco &oacute;ptico<\/span><br \/><span><strong>Tipo de conector:<\/strong> SATA (Serial ATA) de macho a macho<\/span><br \/><span><strong>Calibre del cable:<\/strong> 26 AWG<\/span><br \/><span><strong>Velocidades de Transferencia:<\/strong> Hasta 3Gb\/s<\/span><br \/><span><strong>Material del conductor:<\/strong> Acero recubierto de cobre<\/span><br \/><span><strong>Revestimiento:<\/strong> PVC<\/span><br \/><span><strong>Color:<\/strong> Rojo<\/span><br \/><span><strong>Longitud:<\/strong> 0.5m<\/span><\/p>\n","protected":false},"excerpt":{"rendered":"<p>Cable de datos para disco duro de Laptop | Pc |entre otros<\/p>\n","protected":false},"featured_media":21727,"comment_status":"open","ping_status":"closed","template":"","meta":{"spay_email":""},"product_cat":[789],"product_tag":[],"supplier_id":null,"supplier_sku":"","barcode":null,"atum_controlled":true,"out_stock_date":null,"out_stock_threshold":null,"inheritable":false,"inbound_stock":null,"stock_on_hold":0,"sold_today":0,"sales_last_days":0,"reserved_stock":null,"customer_returns":null,"warehouse_damage":null,"lost_in_post":null,"other_logs":null,"out_stock_days":0,"lost_sales":0,"has_location":null,"update_date":"2026-05-01T00:12:27","atum_locations":[],"atum_stock_status":"instock","restock_status":false,"low_stock_amount":"","sales_update_date":"2026-05-01T00:12:27","calc_backorders":null,"acf":[],"yoast_head":"<!-- This site is optimized with the Yoast SEO Premium plugin v17.4 (Yoast SEO v17.4) - https:\/\/yoast.com\/wordpress\/plugins\/seo\/ -->\n<title>CABLE SATA DATOS - tienda de electr\u00f3nica y computaci\u00f3n<\/title>\n<meta name=\"robots\" content=\"index, follow, max-snippet:-1, max-image-preview:large, max-video-preview:-1\" \/>\n<link rel=\"canonical\" href=\"https:\/\/comerciallin.com\/index.php\/producto\/cable-sata-datos\/\" \/>\n<meta property=\"og:locale\" content=\"es_ES\" \/>\n<meta property=\"og:type\" content=\"article\" \/>\n<meta property=\"og:title\" content=\"CABLE SATA DATOS\" \/>\n<meta property=\"og:description\" content=\"Cable de datos para disco duro de Laptop | Pc |entre otros\" \/>\n<meta property=\"og:url\" content=\"https:\/\/comerciallin.com\/index.php\/producto\/cable-sata-datos\/\" \/>\n<meta property=\"og:site_name\" content=\"tienda de electr\u00f3nica y computaci\u00f3n\" \/>\n<meta property=\"article:modified_time\" content=\"2026-02-11T19:34:49+00:00\" \/>\n<meta name=\"twitter:card\" content=\"summary_large_image\" \/>\n<meta name=\"twitter:image\" content=\"https:\/\/i0.wp.com\/comerciallin.com\/wp-content\/uploads\/2023\/02\/214030180601.jpg?fit=%2C&amp;ssl=1\" \/>\n<meta name=\"twitter:label1\" content=\"Precio\" \/>\n\t<meta name=\"twitter:data1\" content=\"&#36;1,44\" \/>\n\t<meta name=\"twitter:label2\" content=\"Availability\" \/>\n\t<meta name=\"twitter:data2\" content=\"In stock\" \/>\n<script type=\"application\/ld+json\" class=\"yoast-schema-graph\">{\"@context\":\"https:\/\/schema.org\",\"@graph\":[{\"@type\":\"WebSite\",\"@id\":\"https:\/\/comerciallin.com\/#website\",\"url\":\"https:\/\/comerciallin.com\/\",\"name\":\"tienda de electr\\u00f3nica y computaci\\u00f3n\",\"description\":\"Importadora de Electr\\u00f3nica y Computaci\\u00f3n\",\"potentialAction\":[{\"@type\":\"SearchAction\",\"target\":{\"@type\":\"EntryPoint\",\"urlTemplate\":\"https:\/\/comerciallin.com\/?s={search_term_string}\"},\"query-input\":\"required name=search_term_string\"}],\"inLanguage\":\"es\"},{\"@type\":\"ImageObject\",\"@id\":\"https:\/\/comerciallin.com\/index.php\/producto\/cable-sata-datos\/#primaryimage\",\"inLanguage\":\"es\",\"url\":\"https:\/\/i0.wp.com\/comerciallin.com\/wp-content\/uploads\/2023\/02\/214030180601.jpg?fit=%2C&ssl=1\",\"contentUrl\":\"https:\/\/i0.wp.com\/comerciallin.com\/wp-content\/uploads\/2023\/02\/214030180601.jpg?fit=%2C&ssl=1\",\"caption\":\"CABLE SATA DATOS\"},{\"@type\":\"WebPage\",\"@id\":\"https:\/\/comerciallin.com\/index.php\/producto\/cable-sata-datos\/#webpage\",\"url\":\"https:\/\/comerciallin.com\/index.php\/producto\/cable-sata-datos\/\",\"name\":\"CABLE SATA DATOS - tienda de electr\\u00f3nica y computaci\\u00f3n\",\"isPartOf\":{\"@id\":\"https:\/\/comerciallin.com\/#website\"},\"primaryImageOfPage\":{\"@id\":\"https:\/\/comerciallin.com\/index.php\/producto\/cable-sata-datos\/#primaryimage\"},\"datePublished\":\"2022-11-07T18:25:05+00:00\",\"dateModified\":\"2026-02-11T19:34:49+00:00\",\"breadcrumb\":{\"@id\":\"https:\/\/comerciallin.com\/index.php\/producto\/cable-sata-datos\/#breadcrumb\"},\"inLanguage\":\"es\",\"potentialAction\":[{\"@type\":\"ReadAction\",\"target\":[\"https:\/\/comerciallin.com\/index.php\/producto\/cable-sata-datos\/\"]}]},{\"@type\":\"BreadcrumbList\",\"@id\":\"https:\/\/comerciallin.com\/index.php\/producto\/cable-sata-datos\/#breadcrumb\",\"itemListElement\":[{\"@type\":\"ListItem\",\"position\":1,\"name\":\"Inicio\",\"item\":\"https:\/\/comerciallin.com\/\"},{\"@type\":\"ListItem\",\"position\":2,\"name\":\"Shop\",\"item\":\"https:\/\/comerciallin.com\/?page_id=3853\"},{\"@type\":\"ListItem\",\"position\":3,\"name\":\"CABLE SATA DATOS\"}]}]}<\/script>\n<meta property=\"product:price:amount\" content=\"1.44\" \/>\n<meta property=\"product:price:currency\" content=\"USD\" \/>\n<meta property=\"og:availability\" content=\"instock\" \/>\n<meta property=\"product:availability\" content=\"instock\" \/>\n<meta property=\"product:retailer_item_id\" content=\"214030180601\" \/>\n<meta property=\"product:condition\" content=\"new\" \/>\n<!-- \/ Yoast SEO Premium plugin. -->","yoast_head_json":{"title":"CABLE SATA DATOS - tienda de electr\u00f3nica y computaci\u00f3n","robots":{"index":"index","follow":"follow","max-snippet":"max-snippet:-1","max-image-preview":"max-image-preview:large","max-video-preview":"max-video-preview:-1"},"canonical":"https:\/\/comerciallin.com\/index.php\/producto\/cable-sata-datos\/","og_locale":"es_ES","og_type":"article","og_title":"CABLE SATA DATOS","og_description":"Cable de datos para disco duro de Laptop | Pc |entre otros","og_url":"https:\/\/comerciallin.com\/index.php\/producto\/cable-sata-datos\/","og_site_name":"tienda de electr\u00f3nica y computaci\u00f3n","article_modified_time":"2026-02-11T19:34:49+00:00","twitter_card":"summary_large_image","twitter_image":"https:\/\/i0.wp.com\/comerciallin.com\/wp-content\/uploads\/2023\/02\/214030180601.jpg?fit=%2C&ssl=1","twitter_misc":{"Precio":"&#36;1,44","Availability":"In stock"},"schema":{"@context":"https:\/\/schema.org","@graph":[{"@type":"WebSite","@id":"https:\/\/comerciallin.com\/#website","url":"https:\/\/comerciallin.com\/","name":"tienda de electr\u00f3nica y computaci\u00f3n","description":"Importadora de Electr\u00f3nica y Computaci\u00f3n","potentialAction":[{"@type":"SearchAction","target":{"@type":"EntryPoint","urlTemplate":"https:\/\/comerciallin.com\/?s={search_term_string}"},"query-input":"required name=search_term_string"}],"inLanguage":"es"},{"@type":"ImageObject","@id":"https:\/\/comerciallin.com\/index.php\/producto\/cable-sata-datos\/#primaryimage","inLanguage":"es","url":"https:\/\/i0.wp.com\/comerciallin.com\/wp-content\/uploads\/2023\/02\/214030180601.jpg?fit=%2C&ssl=1","contentUrl":"https:\/\/i0.wp.com\/comerciallin.com\/wp-content\/uploads\/2023\/02\/214030180601.jpg?fit=%2C&ssl=1","caption":"CABLE SATA DATOS"},{"@type":"WebPage","@id":"https:\/\/comerciallin.com\/index.php\/producto\/cable-sata-datos\/#webpage","url":"https:\/\/comerciallin.com\/index.php\/producto\/cable-sata-datos\/","name":"CABLE SATA DATOS - tienda de electr\u00f3nica y computaci\u00f3n","isPartOf":{"@id":"https:\/\/comerciallin.com\/#website"},"primaryImageOfPage":{"@id":"https:\/\/comerciallin.com\/index.php\/producto\/cable-sata-datos\/#primaryimage"},"datePublished":"2022-11-07T18:25:05+00:00","dateModified":"2026-02-11T19:34:49+00:00","breadcrumb":{"@id":"https:\/\/comerciallin.com\/index.php\/producto\/cable-sata-datos\/#breadcrumb"},"inLanguage":"es","potentialAction":[{"@type":"ReadAction","target":["https:\/\/comerciallin.com\/index.php\/producto\/cable-sata-datos\/"]}]},{"@type":"BreadcrumbList","@id":"https:\/\/comerciallin.com\/index.php\/producto\/cable-sata-datos\/#breadcrumb","itemListElement":[{"@type":"ListItem","position":1,"name":"Inicio","item":"https:\/\/comerciallin.com\/"},{"@type":"ListItem","position":2,"name":"Shop","item":"https:\/\/comerciallin.com\/?page_id=3853"},{"@type":"ListItem","position":3,"name":"CABLE SATA DATOS"}]}]},"product_price_amount":"1.44","product_price_currency":"USD","og_availability":"instock","product_availability":"instock","product_retailer_item_id":"214030180601","product_condition":"new"},"jetpack-related-posts":[{"id":25843,"url":"https:\/\/comerciallin.com\/index.php\/producto\/adaptador-poder-1-ide-a-2-sata\/","url_meta":{"origin":18706,"position":0},"title":"ADAPTADOR PODER 1 IDE A 2 SATA","date":"17 de noviembre de 2023","format":false,"excerpt":"\u00bfNecesitas alimentar tus dispositivos SATA? Este cable de alimentaci\u00f3n SATA de 15 pines es la soluci\u00f3n perfecta. Con dos conectores SATA hembra, puedes alimentar dos dispositivos SATA a la vez. El cable est\u00e1 hecho de materiales de alta calidad y est\u00e1 dise\u00f1ado para durar.","rel":"","context":"Entrada similar","img":{"alt_text":"","src":"","width":0,"height":0},"classes":[]},{"id":19213,"url":"https:\/\/comerciallin.com\/index.php\/producto\/disco-duro-480gb-solido-gigabyte-2-5-sata\/","url_meta":{"origin":18706,"position":1},"title":"DISCO DURO 480GB SOLIDO GIGABYTE 2.5&#8243; SATA","date":"7 de noviembre de 2022","format":false,"excerpt":"Factor de forma: SSD interno de 2,5 pulgadas Interfaz: SATA 6.0Gb\/s Capacidad total: 480 GB* Garant\u00eda: Limitada de 1 a\u00f1os Velocidad de lectura secuencial: hasta 550 MB\/s** Velocidad de escritura secuencial: hasta 480 MB\/s** Compatibilidad con TRIM y S.M.A.R.T.","rel":"","context":"Entrada similar","img":{"alt_text":"","src":"","width":0,"height":0},"classes":[]},{"id":22493,"url":"https:\/\/comerciallin.com\/index.php\/producto\/enclosure-3-5-usb-3-0\/","url_meta":{"origin":18706,"position":2},"title":"ENCLOSURE DISCO 3.5&#8243; USB 3.0","date":"19 de abril de 2023","format":false,"excerpt":"Interfaz de hardware USB, USB 2.0 Dispositivos compatibles Computadora personal Factor de forma de disco duro de 3,5 pulgadas","rel":"","context":"Entrada similar","img":{"alt_text":"","src":"","width":0,"height":0},"classes":[]},{"id":18781,"url":"https:\/\/comerciallin.com\/index.php\/producto\/adaptador-usb-3-0-a-sata\/","url_meta":{"origin":18706,"position":3},"title":"ADAPTADOR USB 3.0 A SATA","date":"7 de noviembre de 2022","format":false,"excerpt":"Material pl\u00e1stico Color Negro Disco duro SATA de 2.5\u00a0 Interfaz interna SATA Interfaz externa USB 3.0 y USB 2.0 Conecta y reproduce Capacidad de 2TB Compatible con: Windows Me \/ XP \/ Vista \/ 7 \/ 8 \/ 10 \/Mac9.1 anterior \/ 10.2 anterior; Linux","rel":"","context":"Entrada similar","img":{"alt_text":"ADAPTADOR USB 3.0 A SATA","src":"https:\/\/i0.wp.com\/comerciallin.com\/wp-content\/uploads\/2023\/02\/214030120605.jpg?fit=992%2C744&ssl=1&resize=350%2C200","width":350,"height":200},"classes":[]},{"id":19609,"url":"https:\/\/comerciallin.com\/index.php\/producto\/disco-duro-ssd-240gb-adata\/","url_meta":{"origin":18706,"position":4},"title":"DISCO DURO SSD 240GB ADATA","date":"7 de noviembre de 2022","format":false,"excerpt":"Marca:\u00a0Adata Factor de forma:\u00a0SSD interno de 2,5 pulgadas Interfaz:\u00a0SATA 6.0Gb\/s Capacidad total:\u00a0240 GB* Garant\u00eda:\u00a0Limitada de 1 a\u00f1os Velocidad de lectura secuencial:\u00a0hasta 500 MB\/s** Velocidad de escritura secuencial:\u00a0hasta 350 MB\/s**","rel":"","context":"Entrada similar","img":{"alt_text":"","src":"","width":0,"height":0},"classes":[]},{"id":19289,"url":"https:\/\/comerciallin.com\/index.php\/producto\/disco-duro-ssd-2-5-a400-480gb-kingstong\/","url_meta":{"origin":18706,"position":5},"title":"DISCO DURO SSD 2.5 A400 480GB KINGSTONG","date":"7 de noviembre de 2022","format":false,"excerpt":"Marca: Kingstong Factor de forma: SSD interno de 2,5 pulgadas Interfaz: SATA 6.0Gb\/s Capacidad total:\u00a0480 GB* Garant\u00eda: Limitada de 1 a\u00f1os Velocidad de lectura secuencial: hasta 500 MB\/s** Velocidad de escritura secuencial: hasta 450 MB\/s** \"","rel":"","context":"Entrada similar","img":{"alt_text":"","src":"","width":0,"height":0},"classes":[]}],"jetpack_sharing_enabled":true,"jetpack_likes_enabled":true,"_links":{"self":[{"href":"https:\/\/comerciallin.com\/index.php\/wp-json\/wp\/v2\/product\/18706"}],"collection":[{"href":"https:\/\/comerciallin.com\/index.php\/wp-json\/wp\/v2\/product"}],"about":[{"href":"https:\/\/comerciallin.com\/index.php\/wp-json\/wp\/v2\/types\/product"}],"replies":[{"embeddable":true,"href":"https:\/\/comerciallin.com\/index.php\/wp-json\/wp\/v2\/comments?post=18706"}],"wp:featuredmedia":[{"embeddable":true,"href":"https:\/\/comerciallin.com\/index.php\/wp-json\/wp\/v2\/media\/21727"}],"wp:attachment":[{"href":"https:\/\/comerciallin.com\/index.php\/wp-json\/wp\/v2\/media?parent=18706"}],"wp:term":[{"taxonomy":"product_cat","embeddable":true,"href":"https:\/\/comerciallin.com\/index.php\/wp-json\/wp\/v2\/product_cat?post=18706"},{"taxonomy":"product_tag","embeddable":true,"href":"https:\/\/comerciallin.com\/index.php\/wp-json\/wp\/v2\/product_tag?post=18706"}],"curies":[{"name":"wp","href":"https:\/\/api.w.org\/{rel}","templated":true}]}}