{"id":18694,"date":"2022-11-07T13:25:02","date_gmt":"2022-11-07T18:25:02","guid":{"rendered":"https:\/\/comerciallin.com\/index.php\/producto\/bateria-comp-lenovo-t61-r61-t400-r400-42t4549\/"},"modified":"2025-01-14T13:54:40","modified_gmt":"2025-01-14T18:54:40","slug":"bateria-comp-lenovo-t61-r61-t400-r400-42t4549","status":"publish","type":"product","link":"https:\/\/comerciallin.com\/index.php\/producto\/bateria-comp-lenovo-t61-r61-t400-r400-42t4549\/","title":{"rendered":"BATERIA COMP LENOVO T61\/R61\/T400\/R400\/42T4549"},"content":{"rendered":"<p><strong>Compatible Models:<\/strong> ThinkPad T60: T60 Type: 1952, 1953, 1954, 1955, 1956, 2007, 2008, 2009, 2613, 2623, 2637. ThinkPad T60p: T60p Type: 2007, 2008, 2009, 2613, 2623, 2637.ThinkPad R60: R60 Type: 9445, 9446, 9447, 9455, 9456, 9457, 9458, 9459, 9460, 9461, 9462, 9463, 9464. ThinkPad R60e: R60e Type: 0657, 0658, 0659, IBM ThinkPad R60 0656 ThinkPad R60 0657 ThinkPad R60 0658 ThinkPad R60 0659 ThinkPad R60 9444 ThinkPad R60 9445 ThinkPad R60 9446 ThinkPad R60 9447 ThinkPad R60 9455 ThinkPad R60 9456 ThinkPad R60 9457 ThinkPad R60 9458 ThinkPad R60 9459 ThinkPad R60 9460 ThinkPad R60 9461 ThinkPad R60 9462 ThinkPad R60 9463 ThinkPad R60 9464 ThinkPad R60e 0656 ThinkPad R60e 0657 ThinkPad R60e 0658 ThinkPad R60e 0659 ThinkPad R60e 9444 ThinkPad R60e 9445 ThinkPad R60e 9446 ThinkPad R60e 9447 ThinkPad R60e 9455 ThinkPad R60e 9456 ThinkPad R60e 9457 ThinkPad R60e 9458 ThinkPad R60e 9459 ThinkPad R60e 9460 ThinkPad R60e 9461 ThinkPad R60e 9462 ThinkPad R60e 9463 ThinkPad R60e 9464.<\/p>\n","protected":false},"excerpt":{"rendered":"<table>\n<tbody>\n<tr>\n<td>Pilas<\/td>\n<td>1 Iones de litio necesaria(s), incluida(s)<\/td>\n<\/tr>\n<tr>\n<td>Voltaje<\/td>\n<td>10.8 Voltios<\/td>\n<\/tr>\n<tr>\n<td>Peso de la Bater&iacute;a<\/td>\n<td>360 Gramos<\/td>\n<\/tr>\n<tr>\n<td>Compatible Devices<\/td>\n<td>Laptop, Notebook<\/td>\n<\/tr>\n<\/tbody>\n<\/table>\n","protected":false},"featured_media":21684,"comment_status":"open","ping_status":"closed","template":"","meta":{"spay_email":""},"product_cat":[795],"product_tag":[],"supplier_id":null,"supplier_sku":"","barcode":null,"atum_controlled":true,"out_stock_date":null,"out_stock_threshold":null,"inheritable":false,"inbound_stock":null,"stock_on_hold":0,"sold_today":0,"sales_last_days":0,"reserved_stock":null,"customer_returns":null,"warehouse_damage":null,"lost_in_post":null,"other_logs":null,"out_stock_days":0,"lost_sales":0,"has_location":null,"update_date":"2026-05-07T00:17:36","atum_locations":[],"atum_stock_status":"instock","restock_status":false,"low_stock_amount":"","sales_update_date":"2026-05-07T00:17:36","calc_backorders":null,"acf":[],"yoast_head":"<!-- This site is optimized with the Yoast SEO Premium plugin v17.4 (Yoast SEO v17.4) - https:\/\/yoast.com\/wordpress\/plugins\/seo\/ -->\n<title>BATERIA COMP LENOVO T61\/R61\/T400\/R400\/42T4549 - tienda de electr\u00f3nica y computaci\u00f3n<\/title>\n<meta name=\"robots\" content=\"index, follow, max-snippet:-1, max-image-preview:large, max-video-preview:-1\" \/>\n<link rel=\"canonical\" href=\"https:\/\/comerciallin.com\/index.php\/producto\/bateria-comp-lenovo-t61-r61-t400-r400-42t4549\/\" \/>\n<meta property=\"og:locale\" content=\"es_ES\" \/>\n<meta property=\"og:type\" content=\"article\" \/>\n<meta property=\"og:title\" content=\"BATERIA COMP LENOVO T61\/R61\/T400\/R400\/42T4549\" \/>\n<meta property=\"og:description\" content=\"Pilas 1 Iones de litio necesaria(s), incluida(s)   Voltaje 10.8 Voltios   Peso de la Bater&iacute;a 360 Gramos   Compatible Devices Laptop, Notebook\" \/>\n<meta property=\"og:url\" content=\"https:\/\/comerciallin.com\/index.php\/producto\/bateria-comp-lenovo-t61-r61-t400-r400-42t4549\/\" \/>\n<meta property=\"og:site_name\" content=\"tienda de electr\u00f3nica y computaci\u00f3n\" \/>\n<meta property=\"article:modified_time\" content=\"2025-01-14T18:54:40+00:00\" \/>\n<meta name=\"twitter:card\" content=\"summary_large_image\" \/>\n<meta name=\"twitter:image\" content=\"https:\/\/i0.wp.com\/comerciallin.com\/wp-content\/uploads\/2023\/02\/537030191001.jpg?fit=%2C&amp;ssl=1\" \/>\n<meta name=\"twitter:label1\" content=\"Precio\" \/>\n\t<meta name=\"twitter:data1\" content=\"&#36;44,85\" \/>\n\t<meta name=\"twitter:label2\" content=\"Availability\" \/>\n\t<meta name=\"twitter:data2\" content=\"In stock\" \/>\n<script type=\"application\/ld+json\" class=\"yoast-schema-graph\">{\"@context\":\"https:\/\/schema.org\",\"@graph\":[{\"@type\":\"WebSite\",\"@id\":\"https:\/\/comerciallin.com\/#website\",\"url\":\"https:\/\/comerciallin.com\/\",\"name\":\"tienda de electr\\u00f3nica y computaci\\u00f3n\",\"description\":\"Importadora de Electr\\u00f3nica y Computaci\\u00f3n\",\"potentialAction\":[{\"@type\":\"SearchAction\",\"target\":{\"@type\":\"EntryPoint\",\"urlTemplate\":\"https:\/\/comerciallin.com\/?s={search_term_string}\"},\"query-input\":\"required name=search_term_string\"}],\"inLanguage\":\"es\"},{\"@type\":\"ImageObject\",\"@id\":\"https:\/\/comerciallin.com\/index.php\/producto\/bateria-comp-lenovo-t61-r61-t400-r400-42t4549\/#primaryimage\",\"inLanguage\":\"es\",\"url\":\"https:\/\/i0.wp.com\/comerciallin.com\/wp-content\/uploads\/2023\/02\/537030191001.jpg?fit=%2C&ssl=1\",\"contentUrl\":\"https:\/\/i0.wp.com\/comerciallin.com\/wp-content\/uploads\/2023\/02\/537030191001.jpg?fit=%2C&ssl=1\",\"caption\":\"BATERIA COMP LENOVO T61\/R61\/T400\/R400\/42T4549\"},{\"@type\":\"WebPage\",\"@id\":\"https:\/\/comerciallin.com\/index.php\/producto\/bateria-comp-lenovo-t61-r61-t400-r400-42t4549\/#webpage\",\"url\":\"https:\/\/comerciallin.com\/index.php\/producto\/bateria-comp-lenovo-t61-r61-t400-r400-42t4549\/\",\"name\":\"BATERIA COMP LENOVO T61\/R61\/T400\/R400\/42T4549 - tienda de electr\\u00f3nica y computaci\\u00f3n\",\"isPartOf\":{\"@id\":\"https:\/\/comerciallin.com\/#website\"},\"primaryImageOfPage\":{\"@id\":\"https:\/\/comerciallin.com\/index.php\/producto\/bateria-comp-lenovo-t61-r61-t400-r400-42t4549\/#primaryimage\"},\"datePublished\":\"2022-11-07T18:25:02+00:00\",\"dateModified\":\"2025-01-14T18:54:40+00:00\",\"breadcrumb\":{\"@id\":\"https:\/\/comerciallin.com\/index.php\/producto\/bateria-comp-lenovo-t61-r61-t400-r400-42t4549\/#breadcrumb\"},\"inLanguage\":\"es\",\"potentialAction\":[{\"@type\":\"ReadAction\",\"target\":[\"https:\/\/comerciallin.com\/index.php\/producto\/bateria-comp-lenovo-t61-r61-t400-r400-42t4549\/\"]}]},{\"@type\":\"BreadcrumbList\",\"@id\":\"https:\/\/comerciallin.com\/index.php\/producto\/bateria-comp-lenovo-t61-r61-t400-r400-42t4549\/#breadcrumb\",\"itemListElement\":[{\"@type\":\"ListItem\",\"position\":1,\"name\":\"Inicio\",\"item\":\"https:\/\/comerciallin.com\/\"},{\"@type\":\"ListItem\",\"position\":2,\"name\":\"Shop\",\"item\":\"https:\/\/comerciallin.com\/?page_id=3853\"},{\"@type\":\"ListItem\",\"position\":3,\"name\":\"BATERIA COMP LENOVO T61\/R61\/T400\/R400\/42T4549\"}]}]}<\/script>\n<meta property=\"product:price:amount\" content=\"44.85\" \/>\n<meta property=\"product:price:currency\" content=\"USD\" \/>\n<meta property=\"og:availability\" content=\"instock\" \/>\n<meta property=\"product:availability\" content=\"instock\" \/>\n<meta property=\"product:retailer_item_id\" content=\"537030191001\" \/>\n<meta property=\"product:condition\" content=\"new\" \/>\n<!-- \/ Yoast SEO Premium plugin. -->","yoast_head_json":{"title":"BATERIA COMP LENOVO T61\/R61\/T400\/R400\/42T4549 - tienda de electr\u00f3nica y computaci\u00f3n","robots":{"index":"index","follow":"follow","max-snippet":"max-snippet:-1","max-image-preview":"max-image-preview:large","max-video-preview":"max-video-preview:-1"},"canonical":"https:\/\/comerciallin.com\/index.php\/producto\/bateria-comp-lenovo-t61-r61-t400-r400-42t4549\/","og_locale":"es_ES","og_type":"article","og_title":"BATERIA COMP LENOVO T61\/R61\/T400\/R400\/42T4549","og_description":"Pilas 1 Iones de litio necesaria(s), incluida(s)   Voltaje 10.8 Voltios   Peso de la Bater&iacute;a 360 Gramos   Compatible Devices Laptop, Notebook","og_url":"https:\/\/comerciallin.com\/index.php\/producto\/bateria-comp-lenovo-t61-r61-t400-r400-42t4549\/","og_site_name":"tienda de electr\u00f3nica y computaci\u00f3n","article_modified_time":"2025-01-14T18:54:40+00:00","twitter_card":"summary_large_image","twitter_image":"https:\/\/i0.wp.com\/comerciallin.com\/wp-content\/uploads\/2023\/02\/537030191001.jpg?fit=%2C&ssl=1","twitter_misc":{"Precio":"&#36;44,85","Availability":"In stock"},"schema":{"@context":"https:\/\/schema.org","@graph":[{"@type":"WebSite","@id":"https:\/\/comerciallin.com\/#website","url":"https:\/\/comerciallin.com\/","name":"tienda de electr\u00f3nica y computaci\u00f3n","description":"Importadora de Electr\u00f3nica y Computaci\u00f3n","potentialAction":[{"@type":"SearchAction","target":{"@type":"EntryPoint","urlTemplate":"https:\/\/comerciallin.com\/?s={search_term_string}"},"query-input":"required name=search_term_string"}],"inLanguage":"es"},{"@type":"ImageObject","@id":"https:\/\/comerciallin.com\/index.php\/producto\/bateria-comp-lenovo-t61-r61-t400-r400-42t4549\/#primaryimage","inLanguage":"es","url":"https:\/\/i0.wp.com\/comerciallin.com\/wp-content\/uploads\/2023\/02\/537030191001.jpg?fit=%2C&ssl=1","contentUrl":"https:\/\/i0.wp.com\/comerciallin.com\/wp-content\/uploads\/2023\/02\/537030191001.jpg?fit=%2C&ssl=1","caption":"BATERIA COMP LENOVO T61\/R61\/T400\/R400\/42T4549"},{"@type":"WebPage","@id":"https:\/\/comerciallin.com\/index.php\/producto\/bateria-comp-lenovo-t61-r61-t400-r400-42t4549\/#webpage","url":"https:\/\/comerciallin.com\/index.php\/producto\/bateria-comp-lenovo-t61-r61-t400-r400-42t4549\/","name":"BATERIA COMP LENOVO T61\/R61\/T400\/R400\/42T4549 - tienda de electr\u00f3nica y computaci\u00f3n","isPartOf":{"@id":"https:\/\/comerciallin.com\/#website"},"primaryImageOfPage":{"@id":"https:\/\/comerciallin.com\/index.php\/producto\/bateria-comp-lenovo-t61-r61-t400-r400-42t4549\/#primaryimage"},"datePublished":"2022-11-07T18:25:02+00:00","dateModified":"2025-01-14T18:54:40+00:00","breadcrumb":{"@id":"https:\/\/comerciallin.com\/index.php\/producto\/bateria-comp-lenovo-t61-r61-t400-r400-42t4549\/#breadcrumb"},"inLanguage":"es","potentialAction":[{"@type":"ReadAction","target":["https:\/\/comerciallin.com\/index.php\/producto\/bateria-comp-lenovo-t61-r61-t400-r400-42t4549\/"]}]},{"@type":"BreadcrumbList","@id":"https:\/\/comerciallin.com\/index.php\/producto\/bateria-comp-lenovo-t61-r61-t400-r400-42t4549\/#breadcrumb","itemListElement":[{"@type":"ListItem","position":1,"name":"Inicio","item":"https:\/\/comerciallin.com\/"},{"@type":"ListItem","position":2,"name":"Shop","item":"https:\/\/comerciallin.com\/?page_id=3853"},{"@type":"ListItem","position":3,"name":"BATERIA COMP LENOVO T61\/R61\/T400\/R400\/42T4549"}]}]},"product_price_amount":"44.85","product_price_currency":"USD","og_availability":"instock","product_availability":"instock","product_retailer_item_id":"537030191001","product_condition":"new"},"jetpack-related-posts":[{"id":19022,"url":"https:\/\/comerciallin.com\/index.php\/producto\/cargador-comp-lenovo-type-c-20v-3-25-cuadrado\/","url_meta":{"origin":18694,"position":0},"title":"CARGADOR COMP LENOVO TYPE C 20V 3.25 CUADRADO","date":"7 de noviembre de 2022","format":false,"excerpt":"Especificaciones: Entrada: 100-240V \/ 50-60Hz Salida:\u00a065W,\u00a020V-3.25A, 15V-3A, 12V-3A, 9V-2A, 5V-2A Conector: TIPO C Modelo: Cuadrado Color: Negro Condici\u00f3n: Nueva estrenar Paquete incluye: 1 x Adaptador de corriente AC 1 x Cable de Alimentaci\u00f3n El\u00e9ctrica Garant\u00eda: 6 meses de garant\u00eda IVA Incluido","rel":"","context":"Entrada similar","img":{"alt_text":"","src":"","width":0,"height":0},"classes":[]},{"id":19024,"url":"https:\/\/comerciallin.com\/index.php\/producto\/cargador-comp-lenovo-type-c-20v-3-25-rectang\/","url_meta":{"origin":18694,"position":1},"title":"CARGADOR ORIGINAL LENOVO TYPE C 20V 3.25 RECT","date":"7 de noviembre de 2022","format":false,"excerpt":"Especificaciones: Entrada: 100-240V \/ 50-60Hz Salida:\u00a065W,\u00a020V-3.25A, 15V-3A, 12V-3A, 9V-2A, 5V-2A Conector: TIPO C Modelo: Rectangular Color: Negro Condici\u00f3n: Nueva estrenar Paquete incluye: 1 x Adaptador de corriente AC 1 x Cable de Alimentaci\u00f3n El\u00e9ctrica Garant\u00eda: 6 meses de garant\u00eda IVA Incluido","rel":"","context":"Entrada similar","img":{"alt_text":"","src":"","width":0,"height":0},"classes":[]},{"id":19267,"url":"https:\/\/comerciallin.com\/index.php\/producto\/bateria-comp-asus-a31n1519-r540l-x540l-x540la\/","url_meta":{"origin":18694,"position":2},"title":"BATERIA COMP ASUS A31N1519\/R540L\/X540L\/X540LA","date":"7 de noviembre de 2022","format":false,"excerpt":"Type de batterie: Li-ion; Tension: 11.25V; Capacit\u00e9: 33Wh.","rel":"","context":"Entrada similar","img":{"alt_text":"","src":"","width":0,"height":0},"classes":[]},{"id":19149,"url":"https:\/\/comerciallin.com\/index.php\/producto\/bateria-comp-acer-one-um08a31\/","url_meta":{"origin":18694,"position":3},"title":"BATERIA COMP ACER ONE UM08A31","date":"7 de noviembre de 2022","format":false,"excerpt":"Voltaje 11.1 Voltios Battery Weight 100 Gramos Battery Cell Type Litio","rel":"","context":"Entrada similar","img":{"alt_text":"","src":"","width":0,"height":0},"classes":[]},{"id":19573,"url":"https:\/\/comerciallin.com\/index.php\/producto\/pila-2032-somxieng-bl-5\/","url_meta":{"origin":18694,"position":4},"title":"PILA 2032 SOMXIENG BL\/5","date":"7 de noviembre de 2022","format":false,"excerpt":"Categoria de producto: Bateria planaRoHS: No aplicableSerie: CRTama\u00f1o de la bateria: CR2032","rel":"","context":"Entrada similar","img":{"alt_text":"","src":"","width":0,"height":0},"classes":[]},{"id":19058,"url":"https:\/\/comerciallin.com\/index.php\/producto\/bateria-comp-acer-extensa-5120-5210-5220-5230\/","url_meta":{"origin":18694,"position":5},"title":"BATERIA COMP ACER EXTENSA 5120\/5210\/5220\/5230","date":"7 de noviembre de 2022","format":false,"excerpt":"Voltaje 11.1 Voltios Battery Cell Type Litio Ion Capacidad 5200 Miliamperios hora (mAh)","rel":"","context":"Entrada similar","img":{"alt_text":"","src":"","width":0,"height":0},"classes":[]}],"jetpack_sharing_enabled":true,"jetpack_likes_enabled":true,"_links":{"self":[{"href":"https:\/\/comerciallin.com\/index.php\/wp-json\/wp\/v2\/product\/18694"}],"collection":[{"href":"https:\/\/comerciallin.com\/index.php\/wp-json\/wp\/v2\/product"}],"about":[{"href":"https:\/\/comerciallin.com\/index.php\/wp-json\/wp\/v2\/types\/product"}],"replies":[{"embeddable":true,"href":"https:\/\/comerciallin.com\/index.php\/wp-json\/wp\/v2\/comments?post=18694"}],"wp:featuredmedia":[{"embeddable":true,"href":"https:\/\/comerciallin.com\/index.php\/wp-json\/wp\/v2\/media\/21684"}],"wp:attachment":[{"href":"https:\/\/comerciallin.com\/index.php\/wp-json\/wp\/v2\/media?parent=18694"}],"wp:term":[{"taxonomy":"product_cat","embeddable":true,"href":"https:\/\/comerciallin.com\/index.php\/wp-json\/wp\/v2\/product_cat?post=18694"},{"taxonomy":"product_tag","embeddable":true,"href":"https:\/\/comerciallin.com\/index.php\/wp-json\/wp\/v2\/product_tag?post=18694"}],"curies":[{"name":"wp","href":"https:\/\/api.w.org\/{rel}","templated":true}]}}