{"id":18684,"date":"2022-11-07T13:25:01","date_gmt":"2022-11-07T18:25:01","guid":{"rendered":"https:\/\/comerciallin.com\/index.php\/producto\/bateria-comp-dell-wu946-wu960-wu965-mt276-mt5\/"},"modified":"2025-01-14T13:54:27","modified_gmt":"2025-01-14T18:54:27","slug":"bateria-comp-dell-wu946-wu960-wu965-mt276-mt5","status":"publish","type":"product","link":"https:\/\/comerciallin.com\/index.php\/producto\/bateria-comp-dell-wu946-wu960-wu965-mt276-mt5\/","title":{"rendered":"BATERIA COMP DELL WU946\/WU960\/WU965\/MT276\/MT5"},"content":{"rendered":"<p><strong>BND bater&iacute;a para port&aacute;til<\/strong><br \/>Capacidad: 4400&nbsp;mAh\/49Wh<br \/>Voltaje: 11,1&nbsp;V<br \/>celdas: 6&nbsp;celdas<br \/>Certificaci&oacute;n: CE FCC ROHS<br \/>Para garantizar la compatibilidad, por favor, cruz comprobar si el n&uacute;mero de parte (ubicado en la parte trasera de su n&uacute;mero de piezas originales de bater&iacute;a, compatible con) es disponible en la lista.<\/p>\n<p><strong>N&uacute;meros de parte compatibles:<\/strong><br \/>312&nbsp;&ndash;&nbsp;0701\/312&nbsp;&ndash;&nbsp;0702\/A2990667\/KM958\/KM965\/MT264\/KM904\/KM905\/MT264&nbsp;MT276\/PW773\/WU946&nbsp;WU960&nbsp;WU965<br \/>Modelos Compatibles<br \/>Dell Studio 1535<br \/>Dell Studio 1536<br \/>Dell Studio 1537<br \/>Dell Studio 1555<br \/>Dell Studio 1557<br \/>Dell Studio 1558<br \/>Dell Studio PP33L<br \/>Dell Studio PP39L<\/p>\n","protected":false},"excerpt":{"rendered":"<table>\n<tbody>\n<tr>\n<td>oltaje<\/td>\n<td>11.1 Voltios<\/td>\n<\/tr>\n<tr>\n<td>Compatible Devices<\/td>\n<td>Laptop<\/td>\n<\/tr>\n<tr>\n<td>Tipo de celda de bater&iacute;a<\/td>\n<td>Litio Ion<\/td>\n<\/tr>\n<tr>\n<td>Capacidad<\/td>\n<td>4400 Miliamperios Hora<\/td>\n<\/tr>\n<\/tbody>\n<\/table>\n","protected":false},"featured_media":21625,"comment_status":"open","ping_status":"closed","template":"","meta":{"spay_email":""},"product_cat":[791],"product_tag":[],"supplier_id":null,"supplier_sku":"","barcode":null,"atum_controlled":true,"out_stock_date":null,"out_stock_threshold":null,"inheritable":false,"inbound_stock":null,"stock_on_hold":0,"sold_today":0,"sales_last_days":0,"reserved_stock":null,"customer_returns":null,"warehouse_damage":null,"lost_in_post":null,"other_logs":null,"out_stock_days":0,"lost_sales":0,"has_location":null,"update_date":"2026-05-05T00:17:09","atum_locations":[],"atum_stock_status":"instock","restock_status":false,"low_stock_amount":"","sales_update_date":"2026-05-05T00:17:09","calc_backorders":null,"acf":[],"yoast_head":"<!-- This site is optimized with the Yoast SEO Premium plugin v17.4 (Yoast SEO v17.4) - https:\/\/yoast.com\/wordpress\/plugins\/seo\/ -->\n<title>BATERIA COMP DELL WU946\/WU960\/WU965\/MT276\/MT5 - tienda de electr\u00f3nica y computaci\u00f3n<\/title>\n<meta name=\"robots\" content=\"index, follow, max-snippet:-1, max-image-preview:large, max-video-preview:-1\" \/>\n<link rel=\"canonical\" href=\"https:\/\/comerciallin.com\/index.php\/producto\/bateria-comp-dell-wu946-wu960-wu965-mt276-mt5\/\" \/>\n<meta property=\"og:locale\" content=\"es_ES\" \/>\n<meta property=\"og:type\" content=\"article\" \/>\n<meta property=\"og:title\" content=\"BATERIA COMP DELL WU946\/WU960\/WU965\/MT276\/MT5\" \/>\n<meta property=\"og:description\" content=\"oltaje 11.1 Voltios   Compatible Devices Laptop   Tipo de celda de bater&iacute;a Litio Ion   Capacidad 4400 Miliamperios Hora\" \/>\n<meta property=\"og:url\" content=\"https:\/\/comerciallin.com\/index.php\/producto\/bateria-comp-dell-wu946-wu960-wu965-mt276-mt5\/\" \/>\n<meta property=\"og:site_name\" content=\"tienda de electr\u00f3nica y computaci\u00f3n\" \/>\n<meta property=\"article:modified_time\" content=\"2025-01-14T18:54:27+00:00\" \/>\n<meta name=\"twitter:card\" content=\"summary_large_image\" \/>\n<meta name=\"twitter:image\" content=\"https:\/\/i0.wp.com\/comerciallin.com\/wp-content\/uploads\/2023\/02\/537030190604.jpg?fit=%2C&amp;ssl=1\" \/>\n<meta name=\"twitter:label1\" content=\"Precio\" \/>\n\t<meta name=\"twitter:data1\" content=\"&#36;43,70\" \/>\n\t<meta name=\"twitter:label2\" content=\"Availability\" \/>\n\t<meta name=\"twitter:data2\" content=\"In stock\" \/>\n<script type=\"application\/ld+json\" class=\"yoast-schema-graph\">{\"@context\":\"https:\/\/schema.org\",\"@graph\":[{\"@type\":\"WebSite\",\"@id\":\"https:\/\/comerciallin.com\/#website\",\"url\":\"https:\/\/comerciallin.com\/\",\"name\":\"tienda de electr\\u00f3nica y computaci\\u00f3n\",\"description\":\"Importadora de Electr\\u00f3nica y Computaci\\u00f3n\",\"potentialAction\":[{\"@type\":\"SearchAction\",\"target\":{\"@type\":\"EntryPoint\",\"urlTemplate\":\"https:\/\/comerciallin.com\/?s={search_term_string}\"},\"query-input\":\"required name=search_term_string\"}],\"inLanguage\":\"es\"},{\"@type\":\"ImageObject\",\"@id\":\"https:\/\/comerciallin.com\/index.php\/producto\/bateria-comp-dell-wu946-wu960-wu965-mt276-mt5\/#primaryimage\",\"inLanguage\":\"es\",\"url\":\"https:\/\/i0.wp.com\/comerciallin.com\/wp-content\/uploads\/2023\/02\/537030190604.jpg?fit=%2C&ssl=1\",\"contentUrl\":\"https:\/\/i0.wp.com\/comerciallin.com\/wp-content\/uploads\/2023\/02\/537030190604.jpg?fit=%2C&ssl=1\",\"caption\":\"BATERIA COMP DELL WU946\/WU960\/WU965\/MT276\/MT5\"},{\"@type\":\"WebPage\",\"@id\":\"https:\/\/comerciallin.com\/index.php\/producto\/bateria-comp-dell-wu946-wu960-wu965-mt276-mt5\/#webpage\",\"url\":\"https:\/\/comerciallin.com\/index.php\/producto\/bateria-comp-dell-wu946-wu960-wu965-mt276-mt5\/\",\"name\":\"BATERIA COMP DELL WU946\/WU960\/WU965\/MT276\/MT5 - tienda de electr\\u00f3nica y computaci\\u00f3n\",\"isPartOf\":{\"@id\":\"https:\/\/comerciallin.com\/#website\"},\"primaryImageOfPage\":{\"@id\":\"https:\/\/comerciallin.com\/index.php\/producto\/bateria-comp-dell-wu946-wu960-wu965-mt276-mt5\/#primaryimage\"},\"datePublished\":\"2022-11-07T18:25:01+00:00\",\"dateModified\":\"2025-01-14T18:54:27+00:00\",\"breadcrumb\":{\"@id\":\"https:\/\/comerciallin.com\/index.php\/producto\/bateria-comp-dell-wu946-wu960-wu965-mt276-mt5\/#breadcrumb\"},\"inLanguage\":\"es\",\"potentialAction\":[{\"@type\":\"ReadAction\",\"target\":[\"https:\/\/comerciallin.com\/index.php\/producto\/bateria-comp-dell-wu946-wu960-wu965-mt276-mt5\/\"]}]},{\"@type\":\"BreadcrumbList\",\"@id\":\"https:\/\/comerciallin.com\/index.php\/producto\/bateria-comp-dell-wu946-wu960-wu965-mt276-mt5\/#breadcrumb\",\"itemListElement\":[{\"@type\":\"ListItem\",\"position\":1,\"name\":\"Inicio\",\"item\":\"https:\/\/comerciallin.com\/\"},{\"@type\":\"ListItem\",\"position\":2,\"name\":\"Shop\",\"item\":\"https:\/\/comerciallin.com\/?page_id=3853\"},{\"@type\":\"ListItem\",\"position\":3,\"name\":\"BATERIA COMP DELL WU946\/WU960\/WU965\/MT276\/MT5\"}]}]}<\/script>\n<meta property=\"product:price:amount\" content=\"43.70\" \/>\n<meta property=\"product:price:currency\" content=\"USD\" \/>\n<meta property=\"og:availability\" content=\"instock\" \/>\n<meta property=\"product:availability\" content=\"instock\" \/>\n<meta property=\"product:retailer_item_id\" content=\"537030190604\" \/>\n<meta property=\"product:condition\" content=\"new\" \/>\n<!-- \/ Yoast SEO Premium plugin. -->","yoast_head_json":{"title":"BATERIA COMP DELL WU946\/WU960\/WU965\/MT276\/MT5 - tienda de electr\u00f3nica y computaci\u00f3n","robots":{"index":"index","follow":"follow","max-snippet":"max-snippet:-1","max-image-preview":"max-image-preview:large","max-video-preview":"max-video-preview:-1"},"canonical":"https:\/\/comerciallin.com\/index.php\/producto\/bateria-comp-dell-wu946-wu960-wu965-mt276-mt5\/","og_locale":"es_ES","og_type":"article","og_title":"BATERIA COMP DELL WU946\/WU960\/WU965\/MT276\/MT5","og_description":"oltaje 11.1 Voltios   Compatible Devices Laptop   Tipo de celda de bater&iacute;a Litio Ion   Capacidad 4400 Miliamperios Hora","og_url":"https:\/\/comerciallin.com\/index.php\/producto\/bateria-comp-dell-wu946-wu960-wu965-mt276-mt5\/","og_site_name":"tienda de electr\u00f3nica y computaci\u00f3n","article_modified_time":"2025-01-14T18:54:27+00:00","twitter_card":"summary_large_image","twitter_image":"https:\/\/i0.wp.com\/comerciallin.com\/wp-content\/uploads\/2023\/02\/537030190604.jpg?fit=%2C&ssl=1","twitter_misc":{"Precio":"&#36;43,70","Availability":"In stock"},"schema":{"@context":"https:\/\/schema.org","@graph":[{"@type":"WebSite","@id":"https:\/\/comerciallin.com\/#website","url":"https:\/\/comerciallin.com\/","name":"tienda de electr\u00f3nica y computaci\u00f3n","description":"Importadora de Electr\u00f3nica y Computaci\u00f3n","potentialAction":[{"@type":"SearchAction","target":{"@type":"EntryPoint","urlTemplate":"https:\/\/comerciallin.com\/?s={search_term_string}"},"query-input":"required name=search_term_string"}],"inLanguage":"es"},{"@type":"ImageObject","@id":"https:\/\/comerciallin.com\/index.php\/producto\/bateria-comp-dell-wu946-wu960-wu965-mt276-mt5\/#primaryimage","inLanguage":"es","url":"https:\/\/i0.wp.com\/comerciallin.com\/wp-content\/uploads\/2023\/02\/537030190604.jpg?fit=%2C&ssl=1","contentUrl":"https:\/\/i0.wp.com\/comerciallin.com\/wp-content\/uploads\/2023\/02\/537030190604.jpg?fit=%2C&ssl=1","caption":"BATERIA COMP DELL WU946\/WU960\/WU965\/MT276\/MT5"},{"@type":"WebPage","@id":"https:\/\/comerciallin.com\/index.php\/producto\/bateria-comp-dell-wu946-wu960-wu965-mt276-mt5\/#webpage","url":"https:\/\/comerciallin.com\/index.php\/producto\/bateria-comp-dell-wu946-wu960-wu965-mt276-mt5\/","name":"BATERIA COMP DELL WU946\/WU960\/WU965\/MT276\/MT5 - tienda de electr\u00f3nica y computaci\u00f3n","isPartOf":{"@id":"https:\/\/comerciallin.com\/#website"},"primaryImageOfPage":{"@id":"https:\/\/comerciallin.com\/index.php\/producto\/bateria-comp-dell-wu946-wu960-wu965-mt276-mt5\/#primaryimage"},"datePublished":"2022-11-07T18:25:01+00:00","dateModified":"2025-01-14T18:54:27+00:00","breadcrumb":{"@id":"https:\/\/comerciallin.com\/index.php\/producto\/bateria-comp-dell-wu946-wu960-wu965-mt276-mt5\/#breadcrumb"},"inLanguage":"es","potentialAction":[{"@type":"ReadAction","target":["https:\/\/comerciallin.com\/index.php\/producto\/bateria-comp-dell-wu946-wu960-wu965-mt276-mt5\/"]}]},{"@type":"BreadcrumbList","@id":"https:\/\/comerciallin.com\/index.php\/producto\/bateria-comp-dell-wu946-wu960-wu965-mt276-mt5\/#breadcrumb","itemListElement":[{"@type":"ListItem","position":1,"name":"Inicio","item":"https:\/\/comerciallin.com\/"},{"@type":"ListItem","position":2,"name":"Shop","item":"https:\/\/comerciallin.com\/?page_id=3853"},{"@type":"ListItem","position":3,"name":"BATERIA COMP DELL WU946\/WU960\/WU965\/MT276\/MT5"}]}]},"product_price_amount":"43.70","product_price_currency":"USD","og_availability":"instock","product_availability":"instock","product_retailer_item_id":"537030190604","product_condition":"new"},"jetpack-related-posts":[{"id":19092,"url":"https:\/\/comerciallin.com\/index.php\/producto\/bateria-comp-dell-13z-n311z-14z-n411z-n2dn5-1\/","url_meta":{"origin":18684,"position":0},"title":"BATERIA COMP DELL 13Z-N311Z\/14Z N411Z\/N2DN5\/1","date":"7 de noviembre de 2022","format":false,"excerpt":"Tipo de bater\u00eda: Li-ion c\u00e9lulas: 6\u00a0celdas Capacidad: 4400\u00a0mAh Voltaje: 11.1\u00a0V.","rel":"","context":"Entrada similar","img":{"alt_text":"","src":"","width":0,"height":0},"classes":[]},{"id":19201,"url":"https:\/\/comerciallin.com\/index.php\/producto\/bateria-comp-dell-1410-f286h-f287f-f287h-g06l\/","url_meta":{"origin":18684,"position":1},"title":"BATERIA COMP DELL 1410\/F286H\/F287F\/F287H\/G06L","date":"7 de noviembre de 2022","format":false,"excerpt":"Tipo de bater\u00eda: Li-ion c\u00e9lulas: 6\u00a0celdas Capacidad: 4400\u00a0mAh Voltaje: 11.1\u00a0V. Dell Compatible With G066H, 45110673, 3120818, F287F, F287H, F286H, R988H, 312-0818, 451-10673 For Use In Dell Vostro 1014,1015,A860,A860n,A840; Dell Inspiron 1410","rel":"","context":"Entrada similar","img":{"alt_text":"","src":"","width":0,"height":0},"classes":[]},{"id":19179,"url":"https:\/\/comerciallin.com\/index.php\/producto\/bateria-comp-hp-ph06-4320s\/","url_meta":{"origin":18684,"position":2},"title":"BATERIA COMP HP PH06\/4320S","date":"7 de noviembre de 2022","format":false,"excerpt":"Voltaje 11.1 Voltios Capacidad 4400 Miliamperios Hora (mAh) Producto de alta calidad. Voltaje: 11,1 V (compatible con 10,8 V). Capacidad: 4400 mAh. Celdas: 6 ciclos de recarga.","rel":"","context":"Entrada similar","img":{"alt_text":"","src":"","width":0,"height":0},"classes":[]},{"id":19727,"url":"https:\/\/comerciallin.com\/index.php\/producto\/bateria-comp-dell-xcmrd-3521-38wh\/","url_meta":{"origin":18684,"position":3},"title":"BATERIA COMP DELL XCMRD\/3521 38WH","date":"8 de noviembre de 2022","format":false,"excerpt":"Bater\u00eda para Dell Inspiron 14 3421 \/ 14r 5421 3437 N3421 N5421 \/ 15 3521 \/ 15r 3537 5521 5537 N3521 N5521 N5537 \/ 17 3721 \/ 17r 5737 N3721 N3737 N5721 N5737 5721 MR90Y","rel":"","context":"Entrada similar","img":{"alt_text":"","src":"","width":0,"height":0},"classes":[]},{"id":19167,"url":"https:\/\/comerciallin.com\/index.php\/producto\/bateria-comp-hp-dm1-1000-hstnn-cq44c-hstnn-in-2\/","url_meta":{"origin":18684,"position":4},"title":"BATERIA COMP HP DM1-1000\/HSTNN-CQ44C\/HSTNN-IN","date":"7 de noviembre de 2022","format":false,"excerpt":"Voltaje 10.8 Voltios Compatible Devices Laptop Tipo de celda de bater\u00eda Litio Ion Capacidad 4400 Miliamperios\u00a0","rel":"","context":"Entrada similar","img":{"alt_text":"","src":"","width":0,"height":0},"classes":[]},{"id":19245,"url":"https:\/\/comerciallin.com\/index.php\/producto\/bateria-comp-hp-dm1-1000-hstnn-cq44c-hstnn-in-4\/","url_meta":{"origin":18684,"position":5},"title":"BATERIA COMP HP DM1-1000\/HSTNN-CQ44C\/HSTNN-IN","date":"7 de noviembre de 2022","format":false,"excerpt":"Voltaje 10.8 Voltios Compatible Devices Laptop Tipo de celda de bater\u00eda Litio Ion Capacidad 4400 Miliamperios\u00a0","rel":"","context":"Entrada similar","img":{"alt_text":"","src":"","width":0,"height":0},"classes":[]}],"jetpack_sharing_enabled":true,"jetpack_likes_enabled":true,"_links":{"self":[{"href":"https:\/\/comerciallin.com\/index.php\/wp-json\/wp\/v2\/product\/18684"}],"collection":[{"href":"https:\/\/comerciallin.com\/index.php\/wp-json\/wp\/v2\/product"}],"about":[{"href":"https:\/\/comerciallin.com\/index.php\/wp-json\/wp\/v2\/types\/product"}],"replies":[{"embeddable":true,"href":"https:\/\/comerciallin.com\/index.php\/wp-json\/wp\/v2\/comments?post=18684"}],"wp:featuredmedia":[{"embeddable":true,"href":"https:\/\/comerciallin.com\/index.php\/wp-json\/wp\/v2\/media\/21625"}],"wp:attachment":[{"href":"https:\/\/comerciallin.com\/index.php\/wp-json\/wp\/v2\/media?parent=18684"}],"wp:term":[{"taxonomy":"product_cat","embeddable":true,"href":"https:\/\/comerciallin.com\/index.php\/wp-json\/wp\/v2\/product_cat?post=18684"},{"taxonomy":"product_tag","embeddable":true,"href":"https:\/\/comerciallin.com\/index.php\/wp-json\/wp\/v2\/product_tag?post=18684"}],"curies":[{"name":"wp","href":"https:\/\/api.w.org\/{rel}","templated":true}]}}