{"id":18682,"date":"2022-11-07T13:25:00","date_gmt":"2022-11-07T18:25:00","guid":{"rendered":"https:\/\/comerciallin.com\/index.php\/producto\/bateria-comp-dell-e5440-e5540-3k7j7-451-bbi-f\/"},"modified":"2025-12-26T11:49:05","modified_gmt":"2025-12-26T16:49:05","slug":"bateria-comp-dell-e5440-e5540-3k7j7-451-bbi-f","status":"publish","type":"product","link":"https:\/\/comerciallin.com\/index.php\/producto\/bateria-comp-dell-e5440-e5540-3k7j7-451-bbi-f\/","title":{"rendered":"BATERIA COMP DELL E5440\/E5540\/3K7J7\/451-BBI\/F"},"content":{"rendered":"<table>\n<tbody>\n<tr>\n<th>Dimensiones del paquete<\/th>\n<td>10 x 5.98 x 1.61 pulgadas<\/td>\n<\/tr>\n<tr>\n<th>Peso del producto<\/th>\n<td>12.8 onzas<\/td>\n<\/tr>\n<tr>\n<th>Fabricante<\/th>\n<td>Dell Computers<\/td>\n<\/tr>\n<\/tbody>\n<\/table>\n","protected":false},"excerpt":{"rendered":"<p>Dell Latitude E5440 E5540 65 Wh 11.1 V bater\u00eda de 6 celdas 0 mt7t5 mt7t5 VV0NF<\/p>\n","protected":false},"featured_media":21615,"comment_status":"open","ping_status":"closed","template":"","meta":{"spay_email":""},"product_cat":[791],"product_tag":[],"supplier_id":null,"supplier_sku":"","barcode":null,"atum_controlled":true,"out_stock_date":null,"out_stock_threshold":null,"inheritable":false,"inbound_stock":null,"stock_on_hold":1,"sold_today":0,"sales_last_days":0,"reserved_stock":null,"customer_returns":null,"warehouse_damage":null,"lost_in_post":null,"other_logs":null,"out_stock_days":0,"lost_sales":0,"has_location":null,"update_date":"2026-05-01T00:12:27","atum_locations":[],"atum_stock_status":"instock","restock_status":false,"low_stock_amount":"","sales_update_date":"2026-05-01T00:12:27","calc_backorders":null,"acf":[],"yoast_head":"<!-- This site is optimized with the Yoast SEO Premium plugin v17.4 (Yoast SEO v17.4) - https:\/\/yoast.com\/wordpress\/plugins\/seo\/ -->\n<title>BATERIA COMP DELL E5440\/E5540\/3K7J7\/451-BBI\/F - tienda de electr\u00f3nica y computaci\u00f3n<\/title>\n<meta name=\"robots\" content=\"index, follow, max-snippet:-1, max-image-preview:large, max-video-preview:-1\" \/>\n<link rel=\"canonical\" href=\"https:\/\/comerciallin.com\/index.php\/producto\/bateria-comp-dell-e5440-e5540-3k7j7-451-bbi-f\/\" \/>\n<meta property=\"og:locale\" content=\"es_ES\" \/>\n<meta property=\"og:type\" content=\"article\" \/>\n<meta property=\"og:title\" content=\"BATERIA COMP DELL E5440\/E5540\/3K7J7\/451-BBI\/F\" \/>\n<meta property=\"og:description\" content=\"Dell Latitude E5440 E5540 65 Wh 11.1 V bater\u00eda de 6 celdas 0 mt7t5 mt7t5 VV0NF\" \/>\n<meta property=\"og:url\" content=\"https:\/\/comerciallin.com\/index.php\/producto\/bateria-comp-dell-e5440-e5540-3k7j7-451-bbi-f\/\" \/>\n<meta property=\"og:site_name\" content=\"tienda de electr\u00f3nica y computaci\u00f3n\" \/>\n<meta property=\"article:modified_time\" content=\"2025-12-26T16:49:05+00:00\" \/>\n<meta name=\"twitter:card\" content=\"summary_large_image\" \/>\n<meta name=\"twitter:image\" content=\"https:\/\/i0.wp.com\/comerciallin.com\/wp-content\/uploads\/2023\/02\/537030191002.jpg?fit=%2C&amp;ssl=1\" \/>\n<meta name=\"twitter:label1\" content=\"Precio\" \/>\n\t<meta name=\"twitter:data1\" content=\"&#36;44,85\" \/>\n\t<meta name=\"twitter:label2\" content=\"Availability\" \/>\n\t<meta name=\"twitter:data2\" content=\"In stock\" \/>\n<script type=\"application\/ld+json\" class=\"yoast-schema-graph\">{\"@context\":\"https:\/\/schema.org\",\"@graph\":[{\"@type\":\"WebSite\",\"@id\":\"https:\/\/comerciallin.com\/#website\",\"url\":\"https:\/\/comerciallin.com\/\",\"name\":\"tienda de electr\\u00f3nica y computaci\\u00f3n\",\"description\":\"Importadora de Electr\\u00f3nica y Computaci\\u00f3n\",\"potentialAction\":[{\"@type\":\"SearchAction\",\"target\":{\"@type\":\"EntryPoint\",\"urlTemplate\":\"https:\/\/comerciallin.com\/?s={search_term_string}\"},\"query-input\":\"required name=search_term_string\"}],\"inLanguage\":\"es\"},{\"@type\":\"ImageObject\",\"@id\":\"https:\/\/comerciallin.com\/index.php\/producto\/bateria-comp-dell-e5440-e5540-3k7j7-451-bbi-f\/#primaryimage\",\"inLanguage\":\"es\",\"url\":\"https:\/\/i0.wp.com\/comerciallin.com\/wp-content\/uploads\/2023\/02\/537030191002.jpg?fit=%2C&ssl=1\",\"contentUrl\":\"https:\/\/i0.wp.com\/comerciallin.com\/wp-content\/uploads\/2023\/02\/537030191002.jpg?fit=%2C&ssl=1\",\"caption\":\"BATERIA COMP DELL E5440\/E5540\/3K7J7\/451-BBI\/F\"},{\"@type\":\"WebPage\",\"@id\":\"https:\/\/comerciallin.com\/index.php\/producto\/bateria-comp-dell-e5440-e5540-3k7j7-451-bbi-f\/#webpage\",\"url\":\"https:\/\/comerciallin.com\/index.php\/producto\/bateria-comp-dell-e5440-e5540-3k7j7-451-bbi-f\/\",\"name\":\"BATERIA COMP DELL E5440\/E5540\/3K7J7\/451-BBI\/F - tienda de electr\\u00f3nica y computaci\\u00f3n\",\"isPartOf\":{\"@id\":\"https:\/\/comerciallin.com\/#website\"},\"primaryImageOfPage\":{\"@id\":\"https:\/\/comerciallin.com\/index.php\/producto\/bateria-comp-dell-e5440-e5540-3k7j7-451-bbi-f\/#primaryimage\"},\"datePublished\":\"2022-11-07T18:25:00+00:00\",\"dateModified\":\"2025-12-26T16:49:05+00:00\",\"breadcrumb\":{\"@id\":\"https:\/\/comerciallin.com\/index.php\/producto\/bateria-comp-dell-e5440-e5540-3k7j7-451-bbi-f\/#breadcrumb\"},\"inLanguage\":\"es\",\"potentialAction\":[{\"@type\":\"ReadAction\",\"target\":[\"https:\/\/comerciallin.com\/index.php\/producto\/bateria-comp-dell-e5440-e5540-3k7j7-451-bbi-f\/\"]}]},{\"@type\":\"BreadcrumbList\",\"@id\":\"https:\/\/comerciallin.com\/index.php\/producto\/bateria-comp-dell-e5440-e5540-3k7j7-451-bbi-f\/#breadcrumb\",\"itemListElement\":[{\"@type\":\"ListItem\",\"position\":1,\"name\":\"Inicio\",\"item\":\"https:\/\/comerciallin.com\/\"},{\"@type\":\"ListItem\",\"position\":2,\"name\":\"Shop\",\"item\":\"https:\/\/comerciallin.com\/?page_id=3853\"},{\"@type\":\"ListItem\",\"position\":3,\"name\":\"BATERIA COMP DELL E5440\/E5540\/3K7J7\/451-BBI\/F\"}]}]}<\/script>\n<meta property=\"product:price:amount\" content=\"44.85\" \/>\n<meta property=\"product:price:currency\" content=\"USD\" \/>\n<meta property=\"og:availability\" content=\"instock\" \/>\n<meta property=\"product:availability\" content=\"instock\" \/>\n<meta property=\"product:retailer_item_id\" content=\"537030191002\" \/>\n<meta property=\"product:condition\" content=\"new\" \/>\n<!-- \/ Yoast SEO Premium plugin. -->","yoast_head_json":{"title":"BATERIA COMP DELL E5440\/E5540\/3K7J7\/451-BBI\/F - tienda de electr\u00f3nica y computaci\u00f3n","robots":{"index":"index","follow":"follow","max-snippet":"max-snippet:-1","max-image-preview":"max-image-preview:large","max-video-preview":"max-video-preview:-1"},"canonical":"https:\/\/comerciallin.com\/index.php\/producto\/bateria-comp-dell-e5440-e5540-3k7j7-451-bbi-f\/","og_locale":"es_ES","og_type":"article","og_title":"BATERIA COMP DELL E5440\/E5540\/3K7J7\/451-BBI\/F","og_description":"Dell Latitude E5440 E5540 65 Wh 11.1 V bater\u00eda de 6 celdas 0 mt7t5 mt7t5 VV0NF","og_url":"https:\/\/comerciallin.com\/index.php\/producto\/bateria-comp-dell-e5440-e5540-3k7j7-451-bbi-f\/","og_site_name":"tienda de electr\u00f3nica y computaci\u00f3n","article_modified_time":"2025-12-26T16:49:05+00:00","twitter_card":"summary_large_image","twitter_image":"https:\/\/i0.wp.com\/comerciallin.com\/wp-content\/uploads\/2023\/02\/537030191002.jpg?fit=%2C&ssl=1","twitter_misc":{"Precio":"&#36;44,85","Availability":"In stock"},"schema":{"@context":"https:\/\/schema.org","@graph":[{"@type":"WebSite","@id":"https:\/\/comerciallin.com\/#website","url":"https:\/\/comerciallin.com\/","name":"tienda de electr\u00f3nica y computaci\u00f3n","description":"Importadora de Electr\u00f3nica y Computaci\u00f3n","potentialAction":[{"@type":"SearchAction","target":{"@type":"EntryPoint","urlTemplate":"https:\/\/comerciallin.com\/?s={search_term_string}"},"query-input":"required name=search_term_string"}],"inLanguage":"es"},{"@type":"ImageObject","@id":"https:\/\/comerciallin.com\/index.php\/producto\/bateria-comp-dell-e5440-e5540-3k7j7-451-bbi-f\/#primaryimage","inLanguage":"es","url":"https:\/\/i0.wp.com\/comerciallin.com\/wp-content\/uploads\/2023\/02\/537030191002.jpg?fit=%2C&ssl=1","contentUrl":"https:\/\/i0.wp.com\/comerciallin.com\/wp-content\/uploads\/2023\/02\/537030191002.jpg?fit=%2C&ssl=1","caption":"BATERIA COMP DELL E5440\/E5540\/3K7J7\/451-BBI\/F"},{"@type":"WebPage","@id":"https:\/\/comerciallin.com\/index.php\/producto\/bateria-comp-dell-e5440-e5540-3k7j7-451-bbi-f\/#webpage","url":"https:\/\/comerciallin.com\/index.php\/producto\/bateria-comp-dell-e5440-e5540-3k7j7-451-bbi-f\/","name":"BATERIA COMP DELL E5440\/E5540\/3K7J7\/451-BBI\/F - tienda de electr\u00f3nica y computaci\u00f3n","isPartOf":{"@id":"https:\/\/comerciallin.com\/#website"},"primaryImageOfPage":{"@id":"https:\/\/comerciallin.com\/index.php\/producto\/bateria-comp-dell-e5440-e5540-3k7j7-451-bbi-f\/#primaryimage"},"datePublished":"2022-11-07T18:25:00+00:00","dateModified":"2025-12-26T16:49:05+00:00","breadcrumb":{"@id":"https:\/\/comerciallin.com\/index.php\/producto\/bateria-comp-dell-e5440-e5540-3k7j7-451-bbi-f\/#breadcrumb"},"inLanguage":"es","potentialAction":[{"@type":"ReadAction","target":["https:\/\/comerciallin.com\/index.php\/producto\/bateria-comp-dell-e5440-e5540-3k7j7-451-bbi-f\/"]}]},{"@type":"BreadcrumbList","@id":"https:\/\/comerciallin.com\/index.php\/producto\/bateria-comp-dell-e5440-e5540-3k7j7-451-bbi-f\/#breadcrumb","itemListElement":[{"@type":"ListItem","position":1,"name":"Inicio","item":"https:\/\/comerciallin.com\/"},{"@type":"ListItem","position":2,"name":"Shop","item":"https:\/\/comerciallin.com\/?page_id=3853"},{"@type":"ListItem","position":3,"name":"BATERIA COMP DELL E5440\/E5540\/3K7J7\/451-BBI\/F"}]}]},"product_price_amount":"44.85","product_price_currency":"USD","og_availability":"instock","product_availability":"instock","product_retailer_item_id":"537030191002","product_condition":"new"},"jetpack-related-posts":[{"id":19281,"url":"https:\/\/comerciallin.com\/index.php\/producto\/bateria-p-lapto-dell-t54fj-m5y0x-e6420-e6520\/","url_meta":{"origin":18682,"position":0},"title":"BATERIA P. LAPTO DELL T54FJ\/M5Y0X\/E6420\/E6520","date":"7 de noviembre de 2022","format":false,"excerpt":"Marca DELL Voltaje 11.1 Voltios Dimensiones del art\u00edculo Largo x Ancho x Altura 9.7 x 3.6 x 1.9 pulgadas","rel":"","context":"Entrada similar","img":{"alt_text":"","src":"","width":0,"height":0},"classes":[]},{"id":19189,"url":"https:\/\/comerciallin.com\/index.php\/producto\/bateria-comp-dell-demr90y-3521\/","url_meta":{"origin":18682,"position":1},"title":"BATERIA COMP DELL DEMR90Y\/3521","date":"7 de noviembre de 2022","format":false,"excerpt":"Voltaje 11.1 Voltios Peso de la Bater\u00eda 340 Gramos Compatible Devices Laptop","rel":"","context":"Entrada similar","img":{"alt_text":"BATERIA COMP DELL DEMR90Y\/3521","src":"https:\/\/i0.wp.com\/comerciallin.com\/wp-content\/uploads\/2023\/02\/537030100813.jpg?fit=992%2C744&ssl=1&resize=350%2C200","width":350,"height":200},"classes":[]},{"id":19092,"url":"https:\/\/comerciallin.com\/index.php\/producto\/bateria-comp-dell-13z-n311z-14z-n411z-n2dn5-1\/","url_meta":{"origin":18682,"position":2},"title":"BATERIA COMP DELL 13Z-N311Z\/14Z N411Z\/N2DN5\/1","date":"7 de noviembre de 2022","format":false,"excerpt":"Tipo de bater\u00eda: Li-ion c\u00e9lulas: 6\u00a0celdas Capacidad: 4400\u00a0mAh Voltaje: 11.1\u00a0V.","rel":"","context":"Entrada similar","img":{"alt_text":"","src":"","width":0,"height":0},"classes":[]},{"id":22501,"url":"https:\/\/comerciallin.com\/index.php\/producto\/bateria-comp-dell-33ydh\/","url_meta":{"origin":18682,"position":3},"title":"BATERIA COMP DELL 33YDH","date":"19 de abril de 2023","format":false,"excerpt":"Bater\u00eda de 33YDH para Dell Inspiron 17 7000 7773 7786 7778 7789 2 en 1 15 7577 Latitude 13 3380 14 3490 15 3590 3580 G5 15 5587 GG7 3 357 9 3779 G7 7588 Vostro 7580 7570 PVHT1 P30E 81PF3 081PF3","rel":"","context":"Entrada similar","img":{"alt_text":"","src":"","width":0,"height":0},"classes":[]},{"id":19301,"url":"https:\/\/comerciallin.com\/index.php\/producto\/bateria-comp-dell-gjknx-e5480-5580\/","url_meta":{"origin":18682,"position":4},"title":"BATERIA COMP DELL GJKNX\/E5480-5580","date":"7 de noviembre de 2022","format":false,"excerpt":"Pilas 1 Pol\u00edmero de litio (Tipo de pila necesaria) Marca Dentsing Voltaje 7.6 Voltios Peso de la Bater\u00eda 100 Gramos Compatible Devices Laptop, Notebook","rel":"","context":"Entrada similar","img":{"alt_text":"","src":"","width":0,"height":0},"classes":[]},{"id":19153,"url":"https:\/\/comerciallin.com\/index.php\/producto\/bateria-comp-dell-e3340-451-bbiy-451-bbiz-9-2\/","url_meta":{"origin":18682,"position":5},"title":"BATERIA COMP DELL E3340\/451-BBIY, 451-BBIZ, 9","date":"7 de noviembre de 2022","format":false,"excerpt":"Voltaje 11.1 Voltios Compatible Devices Laptop Tipo de celda de bater\u00eda Litio Ion","rel":"","context":"Entrada similar","img":{"alt_text":"BATERIA COMP DELL E3340\/451-BBIY, 451-BBIZ, 9","src":"https:\/\/i0.wp.com\/comerciallin.com\/wp-content\/uploads\/2023\/02\/537030190912.jpg?fit=992%2C744&ssl=1&resize=350%2C200","width":350,"height":200},"classes":[]}],"jetpack_sharing_enabled":true,"jetpack_likes_enabled":true,"_links":{"self":[{"href":"https:\/\/comerciallin.com\/index.php\/wp-json\/wp\/v2\/product\/18682"}],"collection":[{"href":"https:\/\/comerciallin.com\/index.php\/wp-json\/wp\/v2\/product"}],"about":[{"href":"https:\/\/comerciallin.com\/index.php\/wp-json\/wp\/v2\/types\/product"}],"replies":[{"embeddable":true,"href":"https:\/\/comerciallin.com\/index.php\/wp-json\/wp\/v2\/comments?post=18682"}],"wp:featuredmedia":[{"embeddable":true,"href":"https:\/\/comerciallin.com\/index.php\/wp-json\/wp\/v2\/media\/21615"}],"wp:attachment":[{"href":"https:\/\/comerciallin.com\/index.php\/wp-json\/wp\/v2\/media?parent=18682"}],"wp:term":[{"taxonomy":"product_cat","embeddable":true,"href":"https:\/\/comerciallin.com\/index.php\/wp-json\/wp\/v2\/product_cat?post=18682"},{"taxonomy":"product_tag","embeddable":true,"href":"https:\/\/comerciallin.com\/index.php\/wp-json\/wp\/v2\/product_tag?post=18682"}],"curies":[{"name":"wp","href":"https:\/\/api.w.org\/{rel}","templated":true}]}}