{"id":6994,"date":"2021-11-09T14:35:45","date_gmt":"2021-11-09T19:35:45","guid":{"rendered":"http:\/\/comerciallin.com\/?page_id=6994"},"modified":"2022-05-30T16:01:41","modified_gmt":"2022-05-30T21:01:41","slug":"blackfriday","status":"publish","type":"page","link":"https:\/\/comerciallin.com\/index.php\/blackfriday\/","title":{"rendered":"Liquidaci\u00f3n de productos"},"content":{"rendered":"<p>[vc_row][vc_column][vc_wp_custommenu title=&#8221;Black Friday&#8221; nav_menu=&#8221;461&#8243;][vc_tta_tabs style=&#8221;modern&#8221; color=&#8221;juicy-pink&#8221; active_section=&#8221;1&#8243; title=&#8221;Monitores&#8221;][vc_tta_section i_icon_fontawesome=&#8221;fas fa-frog&#8221; add_icon=&#8221;true&#8221; title=&#8221;Cargadores Laptop&#8221; tab_id=&#8221;1653934338757-a89ff6fa-527e&#8221;]wpDataTable with provided ID not found![\/vc_tta_section][vc_tta_section title=&#8221;Bater\u00edas Laptop&#8221; tab_id=&#8221;1653936278061-5202109a-9558&#8243;]wpDataTable with provided ID not found![\/vc_tta_section][vc_tta_section title=&#8221;Pesta\u00f1a&#8221; tab_id=&#8221;1653934844200-722d5130-3d59&#8243;][\/vc_tta_section][vc_tta_section title=&#8221;Pesta\u00f1a&#8221; tab_id=&#8221;1653934847584-8db4b8de-9a9b&#8221;][\/vc_tta_section][vc_tta_section title=&#8221;Pesta\u00f1a&#8221; tab_id=&#8221;1653934850112-2edc3a26-19e4&#8243;][vc_raw_html]JTNDcCUzRSU1QndwZGF0YXRhYmxlJTIwaWQlM0QxMyU1RC4lM0NiciUyRiUzRUNsaWNrJTIwZWRpdCUyMGJ1dHRvbiUyMHRvJTIwY2hhbmdlJTIwdGhpcyUyMGh0bWwlM0MlMkZwJTNF[\/vc_raw_html][\/vc_tta_section][\/vc_tta_tabs][vc_widget_sidebar][\/vc_column][\/vc_row]<\/p>\n","protected":false},"excerpt":{"rendered":"<p>[vc_row][vc_column][vc_wp_custommenu title=&#8221;Black Friday&#8221; nav_menu=&#8221;461&#8243;][vc_tta_tabs style=&#8221;modern&#8221; color=&#8221;juicy-pink&#8221; active_section=&#8221;1&#8243; title=&#8221;Monitores&#8221;][vc_tta_section i_icon_fontawesome=&#8221;fas fa-frog&#8221; add_icon=&#8221;true&#8221; title=&#8221;Cargadores Laptop&#8221; tab_id=&#8221;1653934338757-a89ff6fa-527e&#8221;][\/vc_tta_section][vc_tta_section title=&#8221;Bater\u00edas Laptop&#8221; tab_id=&#8221;1653936278061-5202109a-9558&#8243;][\/vc_tta_section][vc_tta_section title=&#8221;Pesta\u00f1a&#8221; tab_id=&#8221;1653934844200-722d5130-3d59&#8243;][\/vc_tta_section][vc_tta_section title=&#8221;Pesta\u00f1a&#8221; tab_id=&#8221;1653934847584-8db4b8de-9a9b&#8221;][\/vc_tta_section][vc_tta_section title=&#8221;Pesta\u00f1a&#8221; tab_id=&#8221;1653934850112-2edc3a26-19e4&#8243;][vc_raw_html]JTNDcCUzRSU1QndwZGF0YXRhYmxlJTIwaWQlM0QxMyU1RC4lM0NiciUyRiUzRUNsaWNrJTIwZWRpdCUyMGJ1dHRvbiUyMHRvJTIwY2hhbmdlJTIwdGhpcyUyMGh0bWwlM0MlMkZwJTNF[\/vc_raw_html][\/vc_tta_section][\/vc_tta_tabs][vc_widget_sidebar][\/vc_column][\/vc_row]<\/p>\n","protected":false},"author":1,"featured_media":0,"parent":0,"menu_order":0,"comment_status":"closed","ping_status":"closed","template":"","meta":{"spay_email":""},"acf":[],"yoast_head":"<!-- This site is optimized with the Yoast SEO Premium plugin v17.4 (Yoast SEO v17.4) - https:\/\/yoast.com\/wordpress\/plugins\/seo\/ -->\n<title>Liquidaci\u00f3n de productos - tienda de electr\u00f3nica y computaci\u00f3n<\/title>\n<meta name=\"robots\" content=\"index, follow, max-snippet:-1, max-image-preview:large, max-video-preview:-1\" \/>\n<link rel=\"canonical\" href=\"https:\/\/comerciallin.com\/index.php\/blackfriday\/\" \/>\n<meta property=\"og:locale\" content=\"es_ES\" \/>\n<meta property=\"og:type\" content=\"article\" \/>\n<meta property=\"og:title\" content=\"Liquidaci\u00f3n de productos\" \/>\n<meta property=\"og:description\" content=\"[vc_row][vc_column][vc_wp_custommenu title=&#8221;Black Friday&#8221; nav_menu=&#8221;461&#8243;][vc_tta_tabs style=&#8221;modern&#8221; color=&#8221;juicy-pink&#8221; active_section=&#8221;1&#8243; title=&#8221;Monitores&#8221;][vc_tta_section i_icon_fontawesome=&#8221;fas fa-frog&#8221; add_icon=&#8221;true&#8221; title=&#8221;Cargadores Laptop&#8221; tab_id=&#8221;1653934338757-a89ff6fa-527e&#8221;][\/vc_tta_section][vc_tta_section title=&#8221;Bater\u00edas Laptop&#8221; tab_id=&#8221;1653936278061-5202109a-9558&#8243;][\/vc_tta_section][vc_tta_section title=&#8221;Pesta\u00f1a&#8221; tab_id=&#8221;1653934844200-722d5130-3d59&#8243;][\/vc_tta_section][vc_tta_section title=&#8221;Pesta\u00f1a&#8221; tab_id=&#8221;1653934847584-8db4b8de-9a9b&#8221;][\/vc_tta_section][vc_tta_section title=&#8221;Pesta\u00f1a&#8221; tab_id=&#8221;1653934850112-2edc3a26-19e4&#8243;][vc_raw_html]JTNDcCUzRSU1QndwZGF0YXRhYmxlJTIwaWQlM0QxMyU1RC4lM0NiciUyRiUzRUNsaWNrJTIwZWRpdCUyMGJ1dHRvbiUyMHRvJTIwY2hhbmdlJTIwdGhpcyUyMGh0bWwlM0MlMkZwJTNF[\/vc_raw_html][\/vc_tta_section][\/vc_tta_tabs][vc_widget_sidebar][\/vc_column][\/vc_row]\" \/>\n<meta property=\"og:url\" content=\"https:\/\/comerciallin.com\/index.php\/blackfriday\/\" \/>\n<meta property=\"og:site_name\" content=\"tienda de electr\u00f3nica y computaci\u00f3n\" \/>\n<meta property=\"article:modified_time\" content=\"2022-05-30T21:01:41+00:00\" \/>\n<meta name=\"twitter:card\" content=\"summary_large_image\" \/>\n<meta name=\"twitter:label1\" content=\"Tiempo de lectura\" \/>\n\t<meta name=\"twitter:data1\" content=\"1 minuto\" \/>\n<script type=\"application\/ld+json\" class=\"yoast-schema-graph\">{\"@context\":\"https:\/\/schema.org\",\"@graph\":[{\"@type\":\"WebSite\",\"@id\":\"https:\/\/comerciallin.com\/#website\",\"url\":\"https:\/\/comerciallin.com\/\",\"name\":\"tienda de electr\\u00f3nica y computaci\\u00f3n\",\"description\":\"Importadora de Electr\\u00f3nica y Computaci\\u00f3n\",\"potentialAction\":[{\"@type\":\"SearchAction\",\"target\":{\"@type\":\"EntryPoint\",\"urlTemplate\":\"https:\/\/comerciallin.com\/?s={search_term_string}\"},\"query-input\":\"required name=search_term_string\"}],\"inLanguage\":\"es\"},{\"@type\":\"WebPage\",\"@id\":\"https:\/\/comerciallin.com\/index.php\/blackfriday\/#webpage\",\"url\":\"https:\/\/comerciallin.com\/index.php\/blackfriday\/\",\"name\":\"Liquidaci\\u00f3n de productos - tienda de electr\\u00f3nica y computaci\\u00f3n\",\"isPartOf\":{\"@id\":\"https:\/\/comerciallin.com\/#website\"},\"datePublished\":\"2021-11-09T19:35:45+00:00\",\"dateModified\":\"2022-05-30T21:01:41+00:00\",\"breadcrumb\":{\"@id\":\"https:\/\/comerciallin.com\/index.php\/blackfriday\/#breadcrumb\"},\"inLanguage\":\"es\",\"potentialAction\":[{\"@type\":\"ReadAction\",\"target\":[\"https:\/\/comerciallin.com\/index.php\/blackfriday\/\"]}]},{\"@type\":\"BreadcrumbList\",\"@id\":\"https:\/\/comerciallin.com\/index.php\/blackfriday\/#breadcrumb\",\"itemListElement\":[{\"@type\":\"ListItem\",\"position\":1,\"name\":\"Inicio\",\"item\":\"https:\/\/comerciallin.com\/\"},{\"@type\":\"ListItem\",\"position\":2,\"name\":\"Liquidaci\\u00f3n de productos\"}]}]}<\/script>\n<!-- \/ Yoast SEO Premium plugin. -->","yoast_head_json":{"title":"Liquidaci\u00f3n de productos - tienda de electr\u00f3nica y computaci\u00f3n","robots":{"index":"index","follow":"follow","max-snippet":"max-snippet:-1","max-image-preview":"max-image-preview:large","max-video-preview":"max-video-preview:-1"},"canonical":"https:\/\/comerciallin.com\/index.php\/blackfriday\/","og_locale":"es_ES","og_type":"article","og_title":"Liquidaci\u00f3n de productos","og_description":"[vc_row][vc_column][vc_wp_custommenu title=&#8221;Black Friday&#8221; nav_menu=&#8221;461&#8243;][vc_tta_tabs style=&#8221;modern&#8221; color=&#8221;juicy-pink&#8221; active_section=&#8221;1&#8243; title=&#8221;Monitores&#8221;][vc_tta_section i_icon_fontawesome=&#8221;fas fa-frog&#8221; add_icon=&#8221;true&#8221; title=&#8221;Cargadores Laptop&#8221; tab_id=&#8221;1653934338757-a89ff6fa-527e&#8221;][\/vc_tta_section][vc_tta_section title=&#8221;Bater\u00edas Laptop&#8221; tab_id=&#8221;1653936278061-5202109a-9558&#8243;][\/vc_tta_section][vc_tta_section title=&#8221;Pesta\u00f1a&#8221; tab_id=&#8221;1653934844200-722d5130-3d59&#8243;][\/vc_tta_section][vc_tta_section title=&#8221;Pesta\u00f1a&#8221; tab_id=&#8221;1653934847584-8db4b8de-9a9b&#8221;][\/vc_tta_section][vc_tta_section title=&#8221;Pesta\u00f1a&#8221; tab_id=&#8221;1653934850112-2edc3a26-19e4&#8243;][vc_raw_html]JTNDcCUzRSU1QndwZGF0YXRhYmxlJTIwaWQlM0QxMyU1RC4lM0NiciUyRiUzRUNsaWNrJTIwZWRpdCUyMGJ1dHRvbiUyMHRvJTIwY2hhbmdlJTIwdGhpcyUyMGh0bWwlM0MlMkZwJTNF[\/vc_raw_html][\/vc_tta_section][\/vc_tta_tabs][vc_widget_sidebar][\/vc_column][\/vc_row]","og_url":"https:\/\/comerciallin.com\/index.php\/blackfriday\/","og_site_name":"tienda de electr\u00f3nica y computaci\u00f3n","article_modified_time":"2022-05-30T21:01:41+00:00","twitter_card":"summary_large_image","twitter_misc":{"Tiempo de lectura":"1 minuto"},"schema":{"@context":"https:\/\/schema.org","@graph":[{"@type":"WebSite","@id":"https:\/\/comerciallin.com\/#website","url":"https:\/\/comerciallin.com\/","name":"tienda de electr\u00f3nica y computaci\u00f3n","description":"Importadora de Electr\u00f3nica y Computaci\u00f3n","potentialAction":[{"@type":"SearchAction","target":{"@type":"EntryPoint","urlTemplate":"https:\/\/comerciallin.com\/?s={search_term_string}"},"query-input":"required name=search_term_string"}],"inLanguage":"es"},{"@type":"WebPage","@id":"https:\/\/comerciallin.com\/index.php\/blackfriday\/#webpage","url":"https:\/\/comerciallin.com\/index.php\/blackfriday\/","name":"Liquidaci\u00f3n de productos - tienda de electr\u00f3nica y computaci\u00f3n","isPartOf":{"@id":"https:\/\/comerciallin.com\/#website"},"datePublished":"2021-11-09T19:35:45+00:00","dateModified":"2022-05-30T21:01:41+00:00","breadcrumb":{"@id":"https:\/\/comerciallin.com\/index.php\/blackfriday\/#breadcrumb"},"inLanguage":"es","potentialAction":[{"@type":"ReadAction","target":["https:\/\/comerciallin.com\/index.php\/blackfriday\/"]}]},{"@type":"BreadcrumbList","@id":"https:\/\/comerciallin.com\/index.php\/blackfriday\/#breadcrumb","itemListElement":[{"@type":"ListItem","position":1,"name":"Inicio","item":"https:\/\/comerciallin.com\/"},{"@type":"ListItem","position":2,"name":"Liquidaci\u00f3n de productos"}]}]}},"jetpack-related-posts":[{"id":6960,"url":"https:\/\/comerciallin.com\/index.php\/blackfriday-cargadores-para-laptop\/","url_meta":{"origin":6994,"position":0},"title":"Cargadores Laptop","date":"5 de noviembre de 2021","format":false,"excerpt":"[vc_row][vc_column][vc_column_text] [\/vc_column_text][\/vc_column][\/vc_row][vc_row][vc_column][vc_column_text] *Precios no incluyen IVA [\/vc_column_text][\/vc_column][\/vc_row]","rel":"","context":"Entrada similar","img":{"alt_text":"","src":"","width":0,"height":0},"classes":[]},{"id":7012,"url":"https:\/\/comerciallin.com\/index.php\/ventiladores-para-laptop\/","url_meta":{"origin":6994,"position":1},"title":"Ventiladores para Laptop","date":"9 de noviembre de 2021","format":false,"excerpt":"*Precios no incluyen IVA","rel":"","context":"Entrada similar","img":{"alt_text":"","src":"","width":0,"height":0},"classes":[]},{"id":6987,"url":"https:\/\/comerciallin.com\/index.php\/baterias-laptop-bf\/","url_meta":{"origin":6994,"position":2},"title":"Bater\u00edas Laptop BF","date":"8 de noviembre de 2021","format":false,"excerpt":"*Precios no incluyen IVA","rel":"","context":"Entrada similar","img":{"alt_text":"","src":"","width":0,"height":0},"classes":[]},{"id":6904,"url":"https:\/\/comerciallin.com\/index.php\/venta-de-rpoductos\/","url_meta":{"origin":6994,"position":3},"title":"Venta de rpoductos","date":"25 de octubre de 2021","format":false,"excerpt":"[wpdatatable id=5]","rel":"","context":"Entrada similar","img":{"alt_text":"","src":"","width":0,"height":0},"classes":[]},{"id":7406,"url":"https:\/\/comerciallin.com\/index.php\/cargadores-liquidacion\/","url_meta":{"origin":6994,"position":4},"title":"Cargadores liquidacion","date":"20 de mayo de 2022","format":false,"excerpt":"Todos los Productos en liquidaci\u00f3n incluyen IVA. Promoci\u00f3n v\u00e1lida hasta agotar stock Espere la p\u00e1gina esta cargando Chat en WhatsApp","rel":"","context":"Entrada similar","img":{"alt_text":"","src":"","width":0,"height":0},"classes":[]},{"id":24523,"url":"https:\/\/comerciallin.com\/index.php\/inventario\/","url_meta":{"origin":6994,"position":5},"title":"Inventario","date":"4 de julio de 2023","format":false,"excerpt":"","rel":"","context":"Entrada similar","img":{"alt_text":"","src":"","width":0,"height":0},"classes":[]}],"jetpack_sharing_enabled":true,"jetpack_likes_enabled":true,"_links":{"self":[{"href":"https:\/\/comerciallin.com\/index.php\/wp-json\/wp\/v2\/pages\/6994"}],"collection":[{"href":"https:\/\/comerciallin.com\/index.php\/wp-json\/wp\/v2\/pages"}],"about":[{"href":"https:\/\/comerciallin.com\/index.php\/wp-json\/wp\/v2\/types\/page"}],"author":[{"embeddable":true,"href":"https:\/\/comerciallin.com\/index.php\/wp-json\/wp\/v2\/users\/1"}],"replies":[{"embeddable":true,"href":"https:\/\/comerciallin.com\/index.php\/wp-json\/wp\/v2\/comments?post=6994"}],"version-history":[{"count":20,"href":"https:\/\/comerciallin.com\/index.php\/wp-json\/wp\/v2\/pages\/6994\/revisions"}],"predecessor-version":[{"id":7438,"href":"https:\/\/comerciallin.com\/index.php\/wp-json\/wp\/v2\/pages\/6994\/revisions\/7438"}],"wp:attachment":[{"href":"https:\/\/comerciallin.com\/index.php\/wp-json\/wp\/v2\/media?parent=6994"}],"curies":[{"name":"wp","href":"https:\/\/api.w.org\/{rel}","templated":true}]}}