{"id":6987,"date":"2021-11-08T16:57:48","date_gmt":"2021-11-08T21:57:48","guid":{"rendered":"http:\/\/comerciallin.com\/?page_id=6987"},"modified":"2021-11-08T17:04:30","modified_gmt":"2021-11-08T22:04:30","slug":"baterias-laptop-bf","status":"publish","type":"page","link":"https:\/\/comerciallin.com\/index.php\/baterias-laptop-bf\/","title":{"rendered":"Bater\u00edas Laptop BF"},"content":{"rendered":"\n<figure class=\"wp-block-table is-style-regular\"><table class=\"has-black-color has-black-background-color has-text-color has-background\"><tbody><tr><td><img decoding=\"async\" src=\"https:\/\/i0.wp.com\/comerciallin.com\/wp-content\/uploads\/2021\/11\/26-noviembre.png?w=1170\" alt=\"La imagen tiene un atributo ALT vac\u00edo; su nombre de archivo es 26-noviembre.png\" data-recalc-dims=\"1\"><\/td><td> <img decoding=\"async\" src=\"https:\/\/i0.wp.com\/comerciallin.com\/wp-content\/uploads\/2021\/11\/black.png?w=1170\" alt=\"La imagen tiene un atributo ALT vac\u00edo; su nombre de archivo es black.png\" data-recalc-dims=\"1\"> <\/td><\/tr><\/tbody><\/table><\/figure>\n\n\n\nwpDataTable with provided ID not found!\n\n\n\n<p>*Precios no incluyen IVA<\/p>\n","protected":false},"excerpt":{"rendered":"<p>*Precios no incluyen IVA<\/p>\n","protected":false},"author":1,"featured_media":0,"parent":0,"menu_order":0,"comment_status":"closed","ping_status":"closed","template":"","meta":{"spay_email":""},"acf":[],"yoast_head":"<!-- This site is optimized with the Yoast SEO Premium plugin v17.4 (Yoast SEO v17.4) - https:\/\/yoast.com\/wordpress\/plugins\/seo\/ -->\n<title>Bater\u00edas Laptop BF - tienda de electr\u00f3nica y computaci\u00f3n<\/title>\n<meta name=\"robots\" content=\"index, follow, max-snippet:-1, max-image-preview:large, max-video-preview:-1\" \/>\n<link rel=\"canonical\" href=\"https:\/\/comerciallin.com\/index.php\/baterias-laptop-bf\/\" \/>\n<meta property=\"og:locale\" content=\"es_ES\" \/>\n<meta property=\"og:type\" content=\"article\" \/>\n<meta property=\"og:title\" content=\"Bater\u00edas Laptop BF\" \/>\n<meta property=\"og:description\" content=\"*Precios no incluyen IVA\" \/>\n<meta property=\"og:url\" content=\"https:\/\/comerciallin.com\/index.php\/baterias-laptop-bf\/\" \/>\n<meta property=\"og:site_name\" content=\"tienda de electr\u00f3nica y computaci\u00f3n\" \/>\n<meta property=\"article:modified_time\" content=\"2021-11-08T22:04:30+00:00\" \/>\n<meta property=\"og:image\" content=\"http:\/\/comerciallin.com\/wp-content\/uploads\/2021\/11\/26-noviembre.png\" \/>\n<meta name=\"twitter:card\" content=\"summary_large_image\" \/>\n<meta name=\"twitter:label1\" content=\"Tiempo de lectura\" \/>\n\t<meta name=\"twitter:data1\" content=\"1 minuto\" \/>\n<script type=\"application\/ld+json\" class=\"yoast-schema-graph\">{\"@context\":\"https:\/\/schema.org\",\"@graph\":[{\"@type\":\"WebSite\",\"@id\":\"https:\/\/comerciallin.com\/#website\",\"url\":\"https:\/\/comerciallin.com\/\",\"name\":\"tienda de electr\\u00f3nica y computaci\\u00f3n\",\"description\":\"Importadora de Electr\\u00f3nica y Computaci\\u00f3n\",\"potentialAction\":[{\"@type\":\"SearchAction\",\"target\":{\"@type\":\"EntryPoint\",\"urlTemplate\":\"https:\/\/comerciallin.com\/?s={search_term_string}\"},\"query-input\":\"required name=search_term_string\"}],\"inLanguage\":\"es\"},{\"@type\":\"ImageObject\",\"@id\":\"https:\/\/comerciallin.com\/index.php\/baterias-laptop-bf\/#primaryimage\",\"inLanguage\":\"es\",\"url\":\"http:\/\/comerciallin.com\/wp-content\/uploads\/2021\/11\/26-noviembre.png\",\"contentUrl\":\"http:\/\/comerciallin.com\/wp-content\/uploads\/2021\/11\/26-noviembre.png\"},{\"@type\":\"WebPage\",\"@id\":\"https:\/\/comerciallin.com\/index.php\/baterias-laptop-bf\/#webpage\",\"url\":\"https:\/\/comerciallin.com\/index.php\/baterias-laptop-bf\/\",\"name\":\"Bater\\u00edas Laptop BF - tienda de electr\\u00f3nica y computaci\\u00f3n\",\"isPartOf\":{\"@id\":\"https:\/\/comerciallin.com\/#website\"},\"primaryImageOfPage\":{\"@id\":\"https:\/\/comerciallin.com\/index.php\/baterias-laptop-bf\/#primaryimage\"},\"datePublished\":\"2021-11-08T21:57:48+00:00\",\"dateModified\":\"2021-11-08T22:04:30+00:00\",\"breadcrumb\":{\"@id\":\"https:\/\/comerciallin.com\/index.php\/baterias-laptop-bf\/#breadcrumb\"},\"inLanguage\":\"es\",\"potentialAction\":[{\"@type\":\"ReadAction\",\"target\":[\"https:\/\/comerciallin.com\/index.php\/baterias-laptop-bf\/\"]}]},{\"@type\":\"BreadcrumbList\",\"@id\":\"https:\/\/comerciallin.com\/index.php\/baterias-laptop-bf\/#breadcrumb\",\"itemListElement\":[{\"@type\":\"ListItem\",\"position\":1,\"name\":\"Inicio\",\"item\":\"https:\/\/comerciallin.com\/\"},{\"@type\":\"ListItem\",\"position\":2,\"name\":\"Bater\\u00edas Laptop BF\"}]}]}<\/script>\n<!-- \/ Yoast SEO Premium plugin. -->","yoast_head_json":{"title":"Bater\u00edas Laptop BF - tienda de electr\u00f3nica y computaci\u00f3n","robots":{"index":"index","follow":"follow","max-snippet":"max-snippet:-1","max-image-preview":"max-image-preview:large","max-video-preview":"max-video-preview:-1"},"canonical":"https:\/\/comerciallin.com\/index.php\/baterias-laptop-bf\/","og_locale":"es_ES","og_type":"article","og_title":"Bater\u00edas Laptop BF","og_description":"*Precios no incluyen IVA","og_url":"https:\/\/comerciallin.com\/index.php\/baterias-laptop-bf\/","og_site_name":"tienda de electr\u00f3nica y computaci\u00f3n","article_modified_time":"2021-11-08T22:04:30+00:00","og_image":[{"url":"http:\/\/comerciallin.com\/wp-content\/uploads\/2021\/11\/26-noviembre.png"}],"twitter_card":"summary_large_image","twitter_misc":{"Tiempo de lectura":"1 minuto"},"schema":{"@context":"https:\/\/schema.org","@graph":[{"@type":"WebSite","@id":"https:\/\/comerciallin.com\/#website","url":"https:\/\/comerciallin.com\/","name":"tienda de electr\u00f3nica y computaci\u00f3n","description":"Importadora de Electr\u00f3nica y Computaci\u00f3n","potentialAction":[{"@type":"SearchAction","target":{"@type":"EntryPoint","urlTemplate":"https:\/\/comerciallin.com\/?s={search_term_string}"},"query-input":"required name=search_term_string"}],"inLanguage":"es"},{"@type":"ImageObject","@id":"https:\/\/comerciallin.com\/index.php\/baterias-laptop-bf\/#primaryimage","inLanguage":"es","url":"http:\/\/comerciallin.com\/wp-content\/uploads\/2021\/11\/26-noviembre.png","contentUrl":"http:\/\/comerciallin.com\/wp-content\/uploads\/2021\/11\/26-noviembre.png"},{"@type":"WebPage","@id":"https:\/\/comerciallin.com\/index.php\/baterias-laptop-bf\/#webpage","url":"https:\/\/comerciallin.com\/index.php\/baterias-laptop-bf\/","name":"Bater\u00edas Laptop BF - tienda de electr\u00f3nica y computaci\u00f3n","isPartOf":{"@id":"https:\/\/comerciallin.com\/#website"},"primaryImageOfPage":{"@id":"https:\/\/comerciallin.com\/index.php\/baterias-laptop-bf\/#primaryimage"},"datePublished":"2021-11-08T21:57:48+00:00","dateModified":"2021-11-08T22:04:30+00:00","breadcrumb":{"@id":"https:\/\/comerciallin.com\/index.php\/baterias-laptop-bf\/#breadcrumb"},"inLanguage":"es","potentialAction":[{"@type":"ReadAction","target":["https:\/\/comerciallin.com\/index.php\/baterias-laptop-bf\/"]}]},{"@type":"BreadcrumbList","@id":"https:\/\/comerciallin.com\/index.php\/baterias-laptop-bf\/#breadcrumb","itemListElement":[{"@type":"ListItem","position":1,"name":"Inicio","item":"https:\/\/comerciallin.com\/"},{"@type":"ListItem","position":2,"name":"Bater\u00edas Laptop BF"}]}]}},"jetpack-related-posts":[{"id":7012,"url":"https:\/\/comerciallin.com\/index.php\/ventiladores-para-laptop\/","url_meta":{"origin":6987,"position":0},"title":"Ventiladores para Laptop","date":"9 de noviembre de 2021","format":false,"excerpt":"*Precios no incluyen IVA","rel":"","context":"Entrada similar","img":{"alt_text":"","src":"","width":0,"height":0},"classes":[]},{"id":6960,"url":"https:\/\/comerciallin.com\/index.php\/blackfriday-cargadores-para-laptop\/","url_meta":{"origin":6987,"position":1},"title":"Cargadores Laptop","date":"5 de noviembre de 2021","format":false,"excerpt":"[vc_row][vc_column][vc_column_text] [\/vc_column_text][\/vc_column][\/vc_row][vc_row][vc_column][vc_column_text] *Precios no incluyen IVA [\/vc_column_text][\/vc_column][\/vc_row]","rel":"","context":"Entrada similar","img":{"alt_text":"","src":"","width":0,"height":0},"classes":[]},{"id":7007,"url":"https:\/\/comerciallin.com\/index.php\/conectividad-2\/","url_meta":{"origin":6987,"position":2},"title":"Conectividad","date":"9 de noviembre de 2021","format":false,"excerpt":"*Precios no incluyen IVA","rel":"","context":"Entrada similar","img":{"alt_text":"","src":"","width":0,"height":0},"classes":[]},{"id":7017,"url":"https:\/\/comerciallin.com\/index.php\/audifonos-gamer\/","url_meta":{"origin":6987,"position":3},"title":"Aud\u00edfonos Gamer","date":"9 de noviembre de 2021","format":false,"excerpt":"*Precios no incluyen IVA","rel":"","context":"Entrada similar","img":{"alt_text":"","src":"","width":0,"height":0},"classes":[]},{"id":7022,"url":"https:\/\/comerciallin.com\/index.php\/procesadores-blackfriday\/","url_meta":{"origin":6987,"position":4},"title":"Procesadores BlackFriday","date":"9 de noviembre de 2021","format":false,"excerpt":"*Precios no incluyen IVA","rel":"","context":"Entrada similar","img":{"alt_text":"","src":"","width":0,"height":0},"classes":[]},{"id":7029,"url":"https:\/\/comerciallin.com\/index.php\/discos-blackfriday\/","url_meta":{"origin":6987,"position":5},"title":"Discos BlackFriday","date":"9 de noviembre de 2021","format":false,"excerpt":"*Precios no incluyen IVA","rel":"","context":"Entrada similar","img":{"alt_text":"","src":"","width":0,"height":0},"classes":[]}],"jetpack_sharing_enabled":true,"jetpack_likes_enabled":true,"_links":{"self":[{"href":"https:\/\/comerciallin.com\/index.php\/wp-json\/wp\/v2\/pages\/6987"}],"collection":[{"href":"https:\/\/comerciallin.com\/index.php\/wp-json\/wp\/v2\/pages"}],"about":[{"href":"https:\/\/comerciallin.com\/index.php\/wp-json\/wp\/v2\/types\/page"}],"author":[{"embeddable":true,"href":"https:\/\/comerciallin.com\/index.php\/wp-json\/wp\/v2\/users\/1"}],"replies":[{"embeddable":true,"href":"https:\/\/comerciallin.com\/index.php\/wp-json\/wp\/v2\/comments?post=6987"}],"version-history":[{"count":3,"href":"https:\/\/comerciallin.com\/index.php\/wp-json\/wp\/v2\/pages\/6987\/revisions"}],"predecessor-version":[{"id":7391,"href":"https:\/\/comerciallin.com\/index.php\/wp-json\/wp\/v2\/pages\/6987\/revisions\/7391"}],"wp:attachment":[{"href":"https:\/\/comerciallin.com\/index.php\/wp-json\/wp\/v2\/media?parent=6987"}],"curies":[{"name":"wp","href":"https:\/\/api.w.org\/{rel}","templated":true}]}}