{"id":6960,"date":"2021-11-05T17:25:51","date_gmt":"2021-11-05T22:25:51","guid":{"rendered":"http:\/\/comerciallin.com\/?page_id=6960"},"modified":"2021-11-08T16:39:29","modified_gmt":"2021-11-08T21:39:29","slug":"blackfriday-cargadores-para-laptop","status":"publish","type":"page","link":"https:\/\/comerciallin.com\/index.php\/blackfriday-cargadores-para-laptop\/","title":{"rendered":"Cargadores Laptop"},"content":{"rendered":"<p>[vc_row][vc_column][vc_column_text]<\/p>\n<figure class=\"wp-block-table is-style-regular\">\n<table class=\"has-black-background-color has-background\">\n<tbody>\n<tr>\n<td> <img decoding=\"async\" src=\"https:\/\/i0.wp.com\/comerciallin.com\/wp-content\/uploads\/2021\/11\/26-noviembre.png?w=1170\" alt=\"La imagen tiene un atributo ALT vac\u00edo; su nombre de archivo es 26-noviembre.png\" data-recalc-dims=\"1\"><\/td>\n<td><img decoding=\"async\" src=\"https:\/\/i0.wp.com\/comerciallin.com\/wp-content\/uploads\/2021\/11\/black.png?w=1170\" alt=\"La imagen tiene un atributo ALT vac\u00edo; su nombre de archivo es black.png\" data-recalc-dims=\"1\"><\/td>\n<\/tr>\n<\/tbody>\n<\/table>\n<\/figure>\n\n[\/vc_column_text][\/vc_column][\/vc_row]wpDataTable with provided ID not found![vc_row][vc_column][vc_column_text]\n<p>*Precios no incluyen IVA<\/p>\n<p>[\/vc_column_text][\/vc_column][\/vc_row]<\/p>\n","protected":false},"excerpt":{"rendered":"<p>[vc_row][vc_column][vc_column_text] [\/vc_column_text][\/vc_column][\/vc_row][vc_row][vc_column][vc_column_text] *Precios no incluyen IVA [\/vc_column_text][\/vc_column][\/vc_row]<\/p>\n","protected":false},"author":1,"featured_media":0,"parent":0,"menu_order":0,"comment_status":"closed","ping_status":"closed","template":"","meta":{"spay_email":""},"acf":[],"yoast_head":"<!-- This site is optimized with the Yoast SEO Premium plugin v17.4 (Yoast SEO v17.4) - https:\/\/yoast.com\/wordpress\/plugins\/seo\/ -->\n<title>Cargadores Laptop - tienda de electr\u00f3nica y computaci\u00f3n<\/title>\n<meta name=\"description\" content=\"Promoci\u00f3n v\u00e1lida para el viernes negro en Comercial Lin, importadora de electr\u00f3nica, Audio y Video, Computaci\u00f3n\" \/>\n<meta name=\"robots\" content=\"index, follow, max-snippet:-1, max-image-preview:large, max-video-preview:-1\" \/>\n<link rel=\"canonical\" href=\"https:\/\/comerciallin.com\/index.php\/blackfriday-cargadores-para-laptop\/\" \/>\n<meta property=\"og:locale\" content=\"es_ES\" \/>\n<meta property=\"og:type\" content=\"article\" \/>\n<meta property=\"og:title\" content=\"Cargadores Laptop\" \/>\n<meta property=\"og:description\" content=\"Promociones por BlackFriday, este 26 de Noviembre del 2021\" \/>\n<meta property=\"og:url\" content=\"https:\/\/comerciallin.com\/index.php\/blackfriday-cargadores-para-laptop\/\" \/>\n<meta property=\"og:site_name\" content=\"tienda de electr\u00f3nica y computaci\u00f3n\" \/>\n<meta property=\"article:modified_time\" content=\"2021-11-08T21:39:29+00:00\" \/>\n<meta property=\"og:image\" content=\"http:\/\/comerciallin.com\/wp-content\/uploads\/2021\/11\/26-noviembre.png\" \/>\n<meta name=\"twitter:card\" content=\"summary_large_image\" \/>\n<meta name=\"twitter:label1\" content=\"Tiempo de lectura\" \/>\n\t<meta name=\"twitter:data1\" content=\"1 minuto\" \/>\n<script type=\"application\/ld+json\" class=\"yoast-schema-graph\">{\"@context\":\"https:\/\/schema.org\",\"@graph\":[{\"@type\":\"WebSite\",\"@id\":\"https:\/\/comerciallin.com\/#website\",\"url\":\"https:\/\/comerciallin.com\/\",\"name\":\"tienda de electr\\u00f3nica y computaci\\u00f3n\",\"description\":\"Importadora de Electr\\u00f3nica y Computaci\\u00f3n\",\"potentialAction\":[{\"@type\":\"SearchAction\",\"target\":{\"@type\":\"EntryPoint\",\"urlTemplate\":\"https:\/\/comerciallin.com\/?s={search_term_string}\"},\"query-input\":\"required name=search_term_string\"}],\"inLanguage\":\"es\"},{\"@type\":\"ImageObject\",\"@id\":\"https:\/\/comerciallin.com\/index.php\/blackfriday-cargadores-para-laptop\/#primaryimage\",\"inLanguage\":\"es\",\"url\":\"http:\/\/comerciallin.com\/wp-content\/uploads\/2021\/11\/26-noviembre.png\",\"contentUrl\":\"http:\/\/comerciallin.com\/wp-content\/uploads\/2021\/11\/26-noviembre.png\"},{\"@type\":\"WebPage\",\"@id\":\"https:\/\/comerciallin.com\/index.php\/blackfriday-cargadores-para-laptop\/#webpage\",\"url\":\"https:\/\/comerciallin.com\/index.php\/blackfriday-cargadores-para-laptop\/\",\"name\":\"Cargadores Laptop - tienda de electr\\u00f3nica y computaci\\u00f3n\",\"isPartOf\":{\"@id\":\"https:\/\/comerciallin.com\/#website\"},\"primaryImageOfPage\":{\"@id\":\"https:\/\/comerciallin.com\/index.php\/blackfriday-cargadores-para-laptop\/#primaryimage\"},\"datePublished\":\"2021-11-05T22:25:51+00:00\",\"dateModified\":\"2021-11-08T21:39:29+00:00\",\"description\":\"Promoci\\u00f3n v\\u00e1lida para el viernes negro en Comercial Lin, importadora de electr\\u00f3nica, Audio y Video, Computaci\\u00f3n\",\"breadcrumb\":{\"@id\":\"https:\/\/comerciallin.com\/index.php\/blackfriday-cargadores-para-laptop\/#breadcrumb\"},\"inLanguage\":\"es\",\"potentialAction\":[{\"@type\":\"ReadAction\",\"target\":[\"https:\/\/comerciallin.com\/index.php\/blackfriday-cargadores-para-laptop\/\"]}]},{\"@type\":\"BreadcrumbList\",\"@id\":\"https:\/\/comerciallin.com\/index.php\/blackfriday-cargadores-para-laptop\/#breadcrumb\",\"itemListElement\":[{\"@type\":\"ListItem\",\"position\":1,\"name\":\"Inicio\",\"item\":\"https:\/\/comerciallin.com\/\"},{\"@type\":\"ListItem\",\"position\":2,\"name\":\"Cargadores Laptop\"}]}]}<\/script>\n<!-- \/ Yoast SEO Premium plugin. -->","yoast_head_json":{"title":"Cargadores Laptop - tienda de electr\u00f3nica y computaci\u00f3n","description":"Promoci\u00f3n v\u00e1lida para el viernes negro en Comercial Lin, importadora de electr\u00f3nica, Audio y Video, Computaci\u00f3n","robots":{"index":"index","follow":"follow","max-snippet":"max-snippet:-1","max-image-preview":"max-image-preview:large","max-video-preview":"max-video-preview:-1"},"canonical":"https:\/\/comerciallin.com\/index.php\/blackfriday-cargadores-para-laptop\/","og_locale":"es_ES","og_type":"article","og_title":"Cargadores Laptop","og_description":"Promociones por BlackFriday, este 26 de Noviembre del 2021","og_url":"https:\/\/comerciallin.com\/index.php\/blackfriday-cargadores-para-laptop\/","og_site_name":"tienda de electr\u00f3nica y computaci\u00f3n","article_modified_time":"2021-11-08T21:39:29+00:00","og_image":[{"url":"http:\/\/comerciallin.com\/wp-content\/uploads\/2021\/11\/26-noviembre.png"}],"twitter_card":"summary_large_image","twitter_misc":{"Tiempo de lectura":"1 minuto"},"schema":{"@context":"https:\/\/schema.org","@graph":[{"@type":"WebSite","@id":"https:\/\/comerciallin.com\/#website","url":"https:\/\/comerciallin.com\/","name":"tienda de electr\u00f3nica y computaci\u00f3n","description":"Importadora de Electr\u00f3nica y Computaci\u00f3n","potentialAction":[{"@type":"SearchAction","target":{"@type":"EntryPoint","urlTemplate":"https:\/\/comerciallin.com\/?s={search_term_string}"},"query-input":"required name=search_term_string"}],"inLanguage":"es"},{"@type":"ImageObject","@id":"https:\/\/comerciallin.com\/index.php\/blackfriday-cargadores-para-laptop\/#primaryimage","inLanguage":"es","url":"http:\/\/comerciallin.com\/wp-content\/uploads\/2021\/11\/26-noviembre.png","contentUrl":"http:\/\/comerciallin.com\/wp-content\/uploads\/2021\/11\/26-noviembre.png"},{"@type":"WebPage","@id":"https:\/\/comerciallin.com\/index.php\/blackfriday-cargadores-para-laptop\/#webpage","url":"https:\/\/comerciallin.com\/index.php\/blackfriday-cargadores-para-laptop\/","name":"Cargadores Laptop - tienda de electr\u00f3nica y computaci\u00f3n","isPartOf":{"@id":"https:\/\/comerciallin.com\/#website"},"primaryImageOfPage":{"@id":"https:\/\/comerciallin.com\/index.php\/blackfriday-cargadores-para-laptop\/#primaryimage"},"datePublished":"2021-11-05T22:25:51+00:00","dateModified":"2021-11-08T21:39:29+00:00","description":"Promoci\u00f3n v\u00e1lida para el viernes negro en Comercial Lin, importadora de electr\u00f3nica, Audio y Video, Computaci\u00f3n","breadcrumb":{"@id":"https:\/\/comerciallin.com\/index.php\/blackfriday-cargadores-para-laptop\/#breadcrumb"},"inLanguage":"es","potentialAction":[{"@type":"ReadAction","target":["https:\/\/comerciallin.com\/index.php\/blackfriday-cargadores-para-laptop\/"]}]},{"@type":"BreadcrumbList","@id":"https:\/\/comerciallin.com\/index.php\/blackfriday-cargadores-para-laptop\/#breadcrumb","itemListElement":[{"@type":"ListItem","position":1,"name":"Inicio","item":"https:\/\/comerciallin.com\/"},{"@type":"ListItem","position":2,"name":"Cargadores Laptop"}]}]}},"jetpack-related-posts":[],"jetpack_sharing_enabled":true,"jetpack_likes_enabled":true,"_links":{"self":[{"href":"https:\/\/comerciallin.com\/index.php\/wp-json\/wp\/v2\/pages\/6960"}],"collection":[{"href":"https:\/\/comerciallin.com\/index.php\/wp-json\/wp\/v2\/pages"}],"about":[{"href":"https:\/\/comerciallin.com\/index.php\/wp-json\/wp\/v2\/types\/page"}],"author":[{"embeddable":true,"href":"https:\/\/comerciallin.com\/index.php\/wp-json\/wp\/v2\/users\/1"}],"replies":[{"embeddable":true,"href":"https:\/\/comerciallin.com\/index.php\/wp-json\/wp\/v2\/comments?post=6960"}],"version-history":[{"count":16,"href":"https:\/\/comerciallin.com\/index.php\/wp-json\/wp\/v2\/pages\/6960\/revisions"}],"predecessor-version":[{"id":6990,"href":"https:\/\/comerciallin.com\/index.php\/wp-json\/wp\/v2\/pages\/6960\/revisions\/6990"}],"wp:attachment":[{"href":"https:\/\/comerciallin.com\/index.php\/wp-json\/wp\/v2\/media?parent=6960"}],"curies":[{"name":"wp","href":"https:\/\/api.w.org\/{rel}","templated":true}]}}