{"id":6787,"date":"2021-08-30T05:51:37","date_gmt":"2021-08-30T05:51:37","guid":{"rendered":"https:\/\/electro.madrasthemes.com\/?page_id=6787"},"modified":"2021-08-30T05:51:37","modified_gmt":"2021-08-30T05:51:37","slug":"home-v10","status":"publish","type":"page","link":"https:\/\/comerciallin.com\/index.php\/home-v10\/","title":{"rendered":"Home v10"},"content":{"rendered":"","protected":false},"excerpt":{"rendered":"","protected":false},"author":1,"featured_media":0,"parent":0,"menu_order":0,"comment_status":"closed","ping_status":"closed","template":"template-homepage-v10.php","meta":{"spay_email":""},"acf":[],"yoast_head":"<!-- This site is optimized with the Yoast SEO Premium plugin v17.4 (Yoast SEO v17.4) - https:\/\/yoast.com\/wordpress\/plugins\/seo\/ -->\n<title>Home v10 - tienda de electr\u00f3nica y computaci\u00f3n<\/title>\n<meta name=\"robots\" content=\"index, follow, max-snippet:-1, max-image-preview:large, max-video-preview:-1\" \/>\n<link rel=\"canonical\" href=\"https:\/\/comerciallin.com\/index.php\/home-v10\/\" \/>\n<meta property=\"og:locale\" content=\"es_ES\" \/>\n<meta property=\"og:type\" content=\"article\" \/>\n<meta property=\"og:title\" content=\"Home v10\" \/>\n<meta property=\"og:url\" content=\"https:\/\/comerciallin.com\/index.php\/home-v10\/\" \/>\n<meta property=\"og:site_name\" content=\"tienda de electr\u00f3nica y computaci\u00f3n\" \/>\n<meta name=\"twitter:card\" content=\"summary_large_image\" \/>\n<script type=\"application\/ld+json\" class=\"yoast-schema-graph\">{\"@context\":\"https:\/\/schema.org\",\"@graph\":[{\"@type\":\"WebSite\",\"@id\":\"https:\/\/comerciallin.com\/#website\",\"url\":\"https:\/\/comerciallin.com\/\",\"name\":\"tienda de electr\\u00f3nica y computaci\\u00f3n\",\"description\":\"Importadora de Electr\\u00f3nica y Computaci\\u00f3n\",\"potentialAction\":[{\"@type\":\"SearchAction\",\"target\":{\"@type\":\"EntryPoint\",\"urlTemplate\":\"https:\/\/comerciallin.com\/?s={search_term_string}\"},\"query-input\":\"required name=search_term_string\"}],\"inLanguage\":\"es\"},{\"@type\":\"WebPage\",\"@id\":\"https:\/\/comerciallin.com\/index.php\/home-v10\/#webpage\",\"url\":\"https:\/\/comerciallin.com\/index.php\/home-v10\/\",\"name\":\"Home v10 - tienda de electr\\u00f3nica y computaci\\u00f3n\",\"isPartOf\":{\"@id\":\"https:\/\/comerciallin.com\/#website\"},\"datePublished\":\"2021-08-30T05:51:37+00:00\",\"dateModified\":\"2021-08-30T05:51:37+00:00\",\"breadcrumb\":{\"@id\":\"https:\/\/comerciallin.com\/index.php\/home-v10\/#breadcrumb\"},\"inLanguage\":\"es\",\"potentialAction\":[{\"@type\":\"ReadAction\",\"target\":[\"https:\/\/comerciallin.com\/index.php\/home-v10\/\"]}]},{\"@type\":\"BreadcrumbList\",\"@id\":\"https:\/\/comerciallin.com\/index.php\/home-v10\/#breadcrumb\",\"itemListElement\":[{\"@type\":\"ListItem\",\"position\":1,\"name\":\"Inicio\",\"item\":\"https:\/\/comerciallin.com\/\"},{\"@type\":\"ListItem\",\"position\":2,\"name\":\"Home v10\"}]}]}<\/script>\n<!-- \/ Yoast SEO Premium plugin. -->","yoast_head_json":{"title":"Home v10 - tienda de electr\u00f3nica y computaci\u00f3n","robots":{"index":"index","follow":"follow","max-snippet":"max-snippet:-1","max-image-preview":"max-image-preview:large","max-video-preview":"max-video-preview:-1"},"canonical":"https:\/\/comerciallin.com\/index.php\/home-v10\/","og_locale":"es_ES","og_type":"article","og_title":"Home v10","og_url":"https:\/\/comerciallin.com\/index.php\/home-v10\/","og_site_name":"tienda de electr\u00f3nica y computaci\u00f3n","twitter_card":"summary_large_image","schema":{"@context":"https:\/\/schema.org","@graph":[{"@type":"WebSite","@id":"https:\/\/comerciallin.com\/#website","url":"https:\/\/comerciallin.com\/","name":"tienda de electr\u00f3nica y computaci\u00f3n","description":"Importadora de Electr\u00f3nica y Computaci\u00f3n","potentialAction":[{"@type":"SearchAction","target":{"@type":"EntryPoint","urlTemplate":"https:\/\/comerciallin.com\/?s={search_term_string}"},"query-input":"required name=search_term_string"}],"inLanguage":"es"},{"@type":"WebPage","@id":"https:\/\/comerciallin.com\/index.php\/home-v10\/#webpage","url":"https:\/\/comerciallin.com\/index.php\/home-v10\/","name":"Home v10 - tienda de electr\u00f3nica y computaci\u00f3n","isPartOf":{"@id":"https:\/\/comerciallin.com\/#website"},"datePublished":"2021-08-30T05:51:37+00:00","dateModified":"2021-08-30T05:51:37+00:00","breadcrumb":{"@id":"https:\/\/comerciallin.com\/index.php\/home-v10\/#breadcrumb"},"inLanguage":"es","potentialAction":[{"@type":"ReadAction","target":["https:\/\/comerciallin.com\/index.php\/home-v10\/"]}]},{"@type":"BreadcrumbList","@id":"https:\/\/comerciallin.com\/index.php\/home-v10\/#breadcrumb","itemListElement":[{"@type":"ListItem","position":1,"name":"Inicio","item":"https:\/\/comerciallin.com\/"},{"@type":"ListItem","position":2,"name":"Home v10"}]}]}},"jetpack-related-posts":[{"id":6958,"url":"https:\/\/comerciallin.com\/index.php\/home-v12\/","url_meta":{"origin":6787,"position":0},"title":"Home v12","date":"1 de noviembre de 2021","format":false,"excerpt":"","rel":"","context":"Entrada similar","img":{"alt_text":"","src":"","width":0,"height":0},"classes":[]},{"id":21208,"url":"https:\/\/comerciallin.com\/index.php\/home-v4\/","url_meta":{"origin":6787,"position":1},"title":"Home v4","date":"30 de marzo de 2018","format":false,"excerpt":"","rel":"","context":"Entrada similar","img":{"alt_text":"","src":"","width":0,"height":0},"classes":[]},{"id":21210,"url":"https:\/\/comerciallin.com\/index.php\/home-v8\/","url_meta":{"origin":6787,"position":2},"title":"Home v8","date":"16 de noviembre de 2020","format":false,"excerpt":"","rel":"","context":"Entrada similar","img":{"alt_text":"","src":"","width":0,"height":0},"classes":[]},{"id":21211,"url":"https:\/\/comerciallin.com\/index.php\/home-v9\/","url_meta":{"origin":6787,"position":3},"title":"Home v9","date":"16 de noviembre de 2020","format":false,"excerpt":"","rel":"","context":"Entrada similar","img":{"alt_text":"","src":"","width":0,"height":0},"classes":[]},{"id":21212,"url":"https:\/\/comerciallin.com\/index.php\/home-v11\/","url_meta":{"origin":6787,"position":4},"title":"Home v11","date":"30 de agosto de 2021","format":false,"excerpt":"","rel":"","context":"Entrada similar","img":{"alt_text":"","src":"","width":0,"height":0},"classes":[]},{"id":7364,"url":"https:\/\/comerciallin.com\/index.php\/home-v13\/","url_meta":{"origin":6787,"position":5},"title":"Home v13","date":"7 de junio de 2022","format":false,"excerpt":"OVER 1 MILION OF COOL ELECTRONICS AND TECH GADGETS OUT THERE Hot Products Today SmartphonesSmartphone 6S 32GB LTESmartphonesSmartphone 6S 32GB LTE 0 out of 5 (0) 4.5 inch HD Screen Android 4.4 KitKat OS 1.4 GHz Quad Core\u2122 Processor 20 MP front Camera SKU: 5487FB8\/19 $1,100.00 $1,215.00 Read more Wishlist\u2026","rel":"","context":"Entrada similar","img":{"alt_text":"","src":"https:\/\/i0.wp.com\/electro.madrasthemes.com\/wp-content\/uploads\/2016\/03\/megamenu-2.png?resize=350%2C200&ssl=1","width":350,"height":200},"classes":[]}],"jetpack_sharing_enabled":true,"jetpack_likes_enabled":true,"_links":{"self":[{"href":"https:\/\/comerciallin.com\/index.php\/wp-json\/wp\/v2\/pages\/6787"}],"collection":[{"href":"https:\/\/comerciallin.com\/index.php\/wp-json\/wp\/v2\/pages"}],"about":[{"href":"https:\/\/comerciallin.com\/index.php\/wp-json\/wp\/v2\/types\/page"}],"author":[{"embeddable":true,"href":"https:\/\/comerciallin.com\/index.php\/wp-json\/wp\/v2\/users\/1"}],"replies":[{"embeddable":true,"href":"https:\/\/comerciallin.com\/index.php\/wp-json\/wp\/v2\/comments?post=6787"}],"version-history":[{"count":0,"href":"https:\/\/comerciallin.com\/index.php\/wp-json\/wp\/v2\/pages\/6787\/revisions"}],"wp:attachment":[{"href":"https:\/\/comerciallin.com\/index.php\/wp-json\/wp\/v2\/media?parent=6787"}],"curies":[{"name":"wp","href":"https:\/\/api.w.org\/{rel}","templated":true}]}}