{"id":22255,"date":"2023-03-02T16:10:10","date_gmt":"2023-03-02T21:10:10","guid":{"rendered":"https:\/\/comerciallin.com\/?page_id=22255"},"modified":"2023-03-02T16:51:23","modified_gmt":"2023-03-02T21:51:23","slug":"mi-cuenta","status":"publish","type":"page","link":"https:\/\/comerciallin.com\/index.php\/mi-cuenta\/","title":{"rendered":"Mi Cuenta"},"content":{"rendered":"<div class=\"woocommerce\"><\/div>\n","protected":false},"excerpt":{"rendered":"","protected":false},"author":1,"featured_media":0,"parent":0,"menu_order":0,"comment_status":"closed","ping_status":"closed","template":"","meta":{"spay_email":""},"acf":[],"yoast_head":"<!-- This site is optimized with the Yoast SEO Premium plugin v17.4 (Yoast SEO v17.4) - https:\/\/yoast.com\/wordpress\/plugins\/seo\/ -->\n<title>Mi Cuenta - tienda de electr\u00f3nica y computaci\u00f3n<\/title>\n<meta name=\"robots\" content=\"index, follow, max-snippet:-1, max-image-preview:large, max-video-preview:-1\" \/>\n<link rel=\"canonical\" href=\"https:\/\/comerciallin.com\/index.php\/mi-cuenta\/\" \/>\n<meta property=\"og:locale\" content=\"es_ES\" \/>\n<meta property=\"og:type\" content=\"article\" \/>\n<meta property=\"og:title\" content=\"Mi Cuenta\" \/>\n<meta property=\"og:url\" content=\"https:\/\/comerciallin.com\/index.php\/mi-cuenta\/\" \/>\n<meta property=\"og:site_name\" content=\"tienda de electr\u00f3nica y computaci\u00f3n\" \/>\n<meta property=\"article:modified_time\" content=\"2023-03-02T21:51:23+00:00\" \/>\n<meta name=\"twitter:card\" content=\"summary_large_image\" \/>\n<meta name=\"twitter:label1\" content=\"Tiempo de lectura\" \/>\n\t<meta name=\"twitter:data1\" content=\"1 minuto\" \/>\n<script type=\"application\/ld+json\" class=\"yoast-schema-graph\">{\"@context\":\"https:\/\/schema.org\",\"@graph\":[{\"@type\":\"WebSite\",\"@id\":\"https:\/\/comerciallin.com\/#website\",\"url\":\"https:\/\/comerciallin.com\/\",\"name\":\"tienda de electr\\u00f3nica y computaci\\u00f3n\",\"description\":\"Importadora de Electr\\u00f3nica y Computaci\\u00f3n\",\"potentialAction\":[{\"@type\":\"SearchAction\",\"target\":{\"@type\":\"EntryPoint\",\"urlTemplate\":\"https:\/\/comerciallin.com\/?s={search_term_string}\"},\"query-input\":\"required name=search_term_string\"}],\"inLanguage\":\"es\"},{\"@type\":\"WebPage\",\"@id\":\"https:\/\/comerciallin.com\/index.php\/mi-cuenta\/#webpage\",\"url\":\"https:\/\/comerciallin.com\/index.php\/mi-cuenta\/\",\"name\":\"Mi Cuenta - tienda de electr\\u00f3nica y computaci\\u00f3n\",\"isPartOf\":{\"@id\":\"https:\/\/comerciallin.com\/#website\"},\"datePublished\":\"2023-03-02T21:10:10+00:00\",\"dateModified\":\"2023-03-02T21:51:23+00:00\",\"breadcrumb\":{\"@id\":\"https:\/\/comerciallin.com\/index.php\/mi-cuenta\/#breadcrumb\"},\"inLanguage\":\"es\",\"potentialAction\":[{\"@type\":\"ReadAction\",\"target\":[\"https:\/\/comerciallin.com\/index.php\/mi-cuenta\/\"]}]},{\"@type\":\"BreadcrumbList\",\"@id\":\"https:\/\/comerciallin.com\/index.php\/mi-cuenta\/#breadcrumb\",\"itemListElement\":[{\"@type\":\"ListItem\",\"position\":1,\"name\":\"Inicio\",\"item\":\"https:\/\/comerciallin.com\/\"},{\"@type\":\"ListItem\",\"position\":2,\"name\":\"Mi Cuenta\"}]}]}<\/script>\n<!-- \/ Yoast SEO Premium plugin. -->","yoast_head_json":{"title":"Mi Cuenta - tienda de electr\u00f3nica y computaci\u00f3n","robots":{"index":"index","follow":"follow","max-snippet":"max-snippet:-1","max-image-preview":"max-image-preview:large","max-video-preview":"max-video-preview:-1"},"canonical":"https:\/\/comerciallin.com\/index.php\/mi-cuenta\/","og_locale":"es_ES","og_type":"article","og_title":"Mi Cuenta","og_url":"https:\/\/comerciallin.com\/index.php\/mi-cuenta\/","og_site_name":"tienda de electr\u00f3nica y computaci\u00f3n","article_modified_time":"2023-03-02T21:51:23+00:00","twitter_card":"summary_large_image","twitter_misc":{"Tiempo de lectura":"1 minuto"},"schema":{"@context":"https:\/\/schema.org","@graph":[{"@type":"WebSite","@id":"https:\/\/comerciallin.com\/#website","url":"https:\/\/comerciallin.com\/","name":"tienda de electr\u00f3nica y computaci\u00f3n","description":"Importadora de Electr\u00f3nica y Computaci\u00f3n","potentialAction":[{"@type":"SearchAction","target":{"@type":"EntryPoint","urlTemplate":"https:\/\/comerciallin.com\/?s={search_term_string}"},"query-input":"required name=search_term_string"}],"inLanguage":"es"},{"@type":"WebPage","@id":"https:\/\/comerciallin.com\/index.php\/mi-cuenta\/#webpage","url":"https:\/\/comerciallin.com\/index.php\/mi-cuenta\/","name":"Mi Cuenta - tienda de electr\u00f3nica y computaci\u00f3n","isPartOf":{"@id":"https:\/\/comerciallin.com\/#website"},"datePublished":"2023-03-02T21:10:10+00:00","dateModified":"2023-03-02T21:51:23+00:00","breadcrumb":{"@id":"https:\/\/comerciallin.com\/index.php\/mi-cuenta\/#breadcrumb"},"inLanguage":"es","potentialAction":[{"@type":"ReadAction","target":["https:\/\/comerciallin.com\/index.php\/mi-cuenta\/"]}]},{"@type":"BreadcrumbList","@id":"https:\/\/comerciallin.com\/index.php\/mi-cuenta\/#breadcrumb","itemListElement":[{"@type":"ListItem","position":1,"name":"Inicio","item":"https:\/\/comerciallin.com\/"},{"@type":"ListItem","position":2,"name":"Mi Cuenta"}]}]}},"jetpack-related-posts":[{"id":6886,"url":"https:\/\/comerciallin.com\/index.php\/finalizar-compra\/","url_meta":{"origin":22255,"position":0},"title":"Finalizar Compra","date":"22 de septiembre de 2021","format":false,"excerpt":"Gracias por elegir nuestra tienda para realizar su compra. Esperamos que haya encontrado todo lo que estaba buscando y que est\u00e9 satisfecho\/a con su elecci\u00f3n. Para poder procesar su pedido y enviarle sus productos lo antes posible, necesitamos que transfiera el dinero correspondiente a su compra a una de las\u2026","rel":"","context":"Entrada similar","img":{"alt_text":"","src":"","width":0,"height":0},"classes":[]},{"id":22230,"url":"https:\/\/comerciallin.com\/index.php\/acerca-de-comercial-lin\/","url_meta":{"origin":22255,"position":1},"title":"\u00bfQuienes somos?","date":"1 de marzo de 2023","format":false,"excerpt":"Bienvenidos a Comercial Lin, nuestra tienda de productos electr\u00f3nicos y de computaci\u00f3n, donde podr\u00e1s encontrar una amplia variedad de productos de alta calidad a precios competitivos. Desde equipos de \u00faltima generaci\u00f3n hasta accesorios y perif\u00e9ricos, nuestra tienda cuenta con todo lo que necesitas para mantenerse conectado y productivo en la\u2026","rel":"","context":"Entrada similar","img":{"alt_text":"","src":"https:\/\/i0.wp.com\/comerciallin.com\/wp-content\/uploads\/2023\/03\/comercial-lin.jpg?fit=866%2C1200&ssl=1&resize=350%2C200","width":350,"height":200},"classes":[]}],"jetpack_sharing_enabled":true,"jetpack_likes_enabled":true,"_links":{"self":[{"href":"https:\/\/comerciallin.com\/index.php\/wp-json\/wp\/v2\/pages\/22255"}],"collection":[{"href":"https:\/\/comerciallin.com\/index.php\/wp-json\/wp\/v2\/pages"}],"about":[{"href":"https:\/\/comerciallin.com\/index.php\/wp-json\/wp\/v2\/types\/page"}],"author":[{"embeddable":true,"href":"https:\/\/comerciallin.com\/index.php\/wp-json\/wp\/v2\/users\/1"}],"replies":[{"embeddable":true,"href":"https:\/\/comerciallin.com\/index.php\/wp-json\/wp\/v2\/comments?post=22255"}],"version-history":[{"count":7,"href":"https:\/\/comerciallin.com\/index.php\/wp-json\/wp\/v2\/pages\/22255\/revisions"}],"predecessor-version":[{"id":22272,"href":"https:\/\/comerciallin.com\/index.php\/wp-json\/wp\/v2\/pages\/22255\/revisions\/22272"}],"wp:attachment":[{"href":"https:\/\/comerciallin.com\/index.php\/wp-json\/wp\/v2\/media?parent=22255"}],"curies":[{"name":"wp","href":"https:\/\/api.w.org\/{rel}","templated":true}]}}