{"id":21209,"date":"2018-03-30T11:01:51","date_gmt":"2018-03-30T11:01:51","guid":{"rendered":"https:\/\/electro.madrasthemes.com\/checkout\/"},"modified":"2023-11-20T15:23:26","modified_gmt":"2023-11-20T20:23:26","slug":"comercial-lin","status":"publish","type":"page","link":"https:\/\/comerciallin.com\/","title":{"rendered":"Comercial Lin"},"content":{"rendered":"","protected":false},"excerpt":{"rendered":"","protected":false},"author":1,"featured_media":0,"parent":0,"menu_order":0,"comment_status":"closed","ping_status":"closed","template":"template-homepage-v5.php","meta":{"spay_email":""},"acf":[],"yoast_head":"<!-- This site is optimized with the Yoast SEO Premium plugin v17.4 (Yoast SEO v17.4) - https:\/\/yoast.com\/wordpress\/plugins\/seo\/ -->\n<title>Comercial Lin - tienda de electr\u00f3nica y computaci\u00f3n<\/title>\n<meta name=\"description\" content=\"Comercial Lin - Tu Destino para Productos Electr\u00f3nicos y de Computaci\u00f3n de CalidadDescubre Comercial Lin, la tienda l\u00edder en productos electr\u00f3nicos y de computaci\u00f3n con m\u00e1s de 35 a\u00f1os de experiencia. Ofrecemos una amplia gama de productos de alta calidad a precios competitivos.\" \/>\n<meta name=\"robots\" content=\"index, follow, max-snippet:-1, max-image-preview:large, max-video-preview:-1\" \/>\n<link rel=\"canonical\" href=\"https:\/\/comerciallin.com\/\" \/>\n<meta property=\"og:locale\" content=\"es_ES\" \/>\n<meta property=\"og:type\" content=\"article\" \/>\n<meta property=\"og:title\" content=\"Comercial Lin\" \/>\n<meta property=\"og:description\" content=\"Comercial Lin - Tu Destino para Productos Electr\u00f3nicos y de Computaci\u00f3n de CalidadDescubre Comercial Lin, la tienda l\u00edder en productos electr\u00f3nicos y de computaci\u00f3n con m\u00e1s de 35 a\u00f1os de experiencia. Ofrecemos una amplia gama de productos de alta calidad a precios competitivos.\" \/>\n<meta property=\"og:url\" content=\"https:\/\/comerciallin.com\/\" \/>\n<meta property=\"og:site_name\" content=\"tienda de electr\u00f3nica y computaci\u00f3n\" \/>\n<meta property=\"article:modified_time\" content=\"2023-11-20T20:23:26+00:00\" \/>\n<meta name=\"twitter:card\" content=\"summary_large_image\" \/>\n<script type=\"application\/ld+json\" class=\"yoast-schema-graph\">{\"@context\":\"https:\/\/schema.org\",\"@graph\":[{\"@type\":\"WebSite\",\"@id\":\"https:\/\/comerciallin.com\/#website\",\"url\":\"https:\/\/comerciallin.com\/\",\"name\":\"tienda de electr\\u00f3nica y computaci\\u00f3n\",\"description\":\"Importadora de Electr\\u00f3nica y Computaci\\u00f3n\",\"potentialAction\":[{\"@type\":\"SearchAction\",\"target\":{\"@type\":\"EntryPoint\",\"urlTemplate\":\"https:\/\/comerciallin.com\/?s={search_term_string}\"},\"query-input\":\"required name=search_term_string\"}],\"inLanguage\":\"es\"},{\"@type\":\"WebPage\",\"@id\":\"https:\/\/comerciallin.com\/#webpage\",\"url\":\"https:\/\/comerciallin.com\/\",\"name\":\"Comercial Lin - tienda de electr\\u00f3nica y computaci\\u00f3n\",\"isPartOf\":{\"@id\":\"https:\/\/comerciallin.com\/#website\"},\"datePublished\":\"2018-03-30T11:01:51+00:00\",\"dateModified\":\"2023-11-20T20:23:26+00:00\",\"description\":\"Comercial Lin - Tu Destino para Productos Electr\\u00f3nicos y de Computaci\\u00f3n de CalidadDescubre Comercial Lin, la tienda l\\u00edder en productos electr\\u00f3nicos y de computaci\\u00f3n con m\\u00e1s de 35 a\\u00f1os de experiencia. Ofrecemos una amplia gama de productos de alta calidad a precios competitivos.\",\"breadcrumb\":{\"@id\":\"https:\/\/comerciallin.com\/#breadcrumb\"},\"inLanguage\":\"es\",\"potentialAction\":[{\"@type\":\"ReadAction\",\"target\":[\"https:\/\/comerciallin.com\/\"]}]},{\"@type\":\"BreadcrumbList\",\"@id\":\"https:\/\/comerciallin.com\/#breadcrumb\",\"itemListElement\":[{\"@type\":\"ListItem\",\"position\":1,\"name\":\"Inicio\",\"item\":\"https:\/\/comerciallin.com\/\"},{\"@type\":\"ListItem\",\"position\":2,\"name\":\"Comercial Lin\"}]}]}<\/script>\n<!-- \/ Yoast SEO Premium plugin. -->","yoast_head_json":{"title":"Comercial Lin - tienda de electr\u00f3nica y computaci\u00f3n","description":"Comercial Lin - Tu Destino para Productos Electr\u00f3nicos y de Computaci\u00f3n de CalidadDescubre Comercial Lin, la tienda l\u00edder en productos electr\u00f3nicos y de computaci\u00f3n con m\u00e1s de 35 a\u00f1os de experiencia. Ofrecemos una amplia gama de productos de alta calidad a precios competitivos.","robots":{"index":"index","follow":"follow","max-snippet":"max-snippet:-1","max-image-preview":"max-image-preview:large","max-video-preview":"max-video-preview:-1"},"canonical":"https:\/\/comerciallin.com\/","og_locale":"es_ES","og_type":"article","og_title":"Comercial Lin","og_description":"Comercial Lin - Tu Destino para Productos Electr\u00f3nicos y de Computaci\u00f3n de CalidadDescubre Comercial Lin, la tienda l\u00edder en productos electr\u00f3nicos y de computaci\u00f3n con m\u00e1s de 35 a\u00f1os de experiencia. Ofrecemos una amplia gama de productos de alta calidad a precios competitivos.","og_url":"https:\/\/comerciallin.com\/","og_site_name":"tienda de electr\u00f3nica y computaci\u00f3n","article_modified_time":"2023-11-20T20:23:26+00:00","twitter_card":"summary_large_image","schema":{"@context":"https:\/\/schema.org","@graph":[{"@type":"WebSite","@id":"https:\/\/comerciallin.com\/#website","url":"https:\/\/comerciallin.com\/","name":"tienda de electr\u00f3nica y computaci\u00f3n","description":"Importadora de Electr\u00f3nica y Computaci\u00f3n","potentialAction":[{"@type":"SearchAction","target":{"@type":"EntryPoint","urlTemplate":"https:\/\/comerciallin.com\/?s={search_term_string}"},"query-input":"required name=search_term_string"}],"inLanguage":"es"},{"@type":"WebPage","@id":"https:\/\/comerciallin.com\/#webpage","url":"https:\/\/comerciallin.com\/","name":"Comercial Lin - tienda de electr\u00f3nica y computaci\u00f3n","isPartOf":{"@id":"https:\/\/comerciallin.com\/#website"},"datePublished":"2018-03-30T11:01:51+00:00","dateModified":"2023-11-20T20:23:26+00:00","description":"Comercial Lin - Tu Destino para Productos Electr\u00f3nicos y de Computaci\u00f3n de CalidadDescubre Comercial Lin, la tienda l\u00edder en productos electr\u00f3nicos y de computaci\u00f3n con m\u00e1s de 35 a\u00f1os de experiencia. Ofrecemos una amplia gama de productos de alta calidad a precios competitivos.","breadcrumb":{"@id":"https:\/\/comerciallin.com\/#breadcrumb"},"inLanguage":"es","potentialAction":[{"@type":"ReadAction","target":["https:\/\/comerciallin.com\/"]}]},{"@type":"BreadcrumbList","@id":"https:\/\/comerciallin.com\/#breadcrumb","itemListElement":[{"@type":"ListItem","position":1,"name":"Inicio","item":"https:\/\/comerciallin.com\/"},{"@type":"ListItem","position":2,"name":"Comercial Lin"}]}]}},"jetpack-related-posts":[{"id":22230,"url":"https:\/\/comerciallin.com\/index.php\/acerca-de-comercial-lin\/","url_meta":{"origin":21209,"position":0},"title":"\u00bfQuienes somos?","date":"1 de marzo de 2023","format":false,"excerpt":"Bienvenidos a Comercial Lin, nuestra tienda de productos electr\u00f3nicos y de computaci\u00f3n, donde podr\u00e1s encontrar una amplia variedad de productos de alta calidad a precios competitivos. Desde equipos de \u00faltima generaci\u00f3n hasta accesorios y perif\u00e9ricos, nuestra tienda cuenta con todo lo que necesitas para mantenerse conectado y productivo en la\u2026","rel":"","context":"Entrada similar","img":{"alt_text":"","src":"https:\/\/i0.wp.com\/comerciallin.com\/wp-content\/uploads\/2023\/03\/comercial-lin.jpg?fit=866%2C1200&ssl=1&resize=350%2C200","width":350,"height":200},"classes":[]},{"id":6702,"url":"https:\/\/comerciallin.com\/index.php\/distribuidores\/","url_meta":{"origin":21209,"position":1},"title":"Distribuidores","date":"2 de septiembre de 2021","format":false,"excerpt":"Bienvenid@s a la lista de precios de Distribuidores de Comercial Lin.Aqu\u00ed podr\u00e1s consultar todos los productos actualizados.Para mejorar las consultas de productos se recomienda hacer uso del buscador de la tabla*Todos los productos no incluyen IVA.Suerte!","rel":"","context":"Entrada similar","img":{"alt_text":"","src":"","width":0,"height":0},"classes":[]},{"id":7364,"url":"https:\/\/comerciallin.com\/index.php\/home-v13\/","url_meta":{"origin":21209,"position":2},"title":"Home v13","date":"7 de junio de 2022","format":false,"excerpt":"OVER 1 MILION OF COOL ELECTRONICS AND TECH GADGETS OUT THERE Hot Products Today SmartphonesSmartphone 6S 32GB LTESmartphonesSmartphone 6S 32GB LTE 0 out of 5 (0) 4.5 inch HD Screen Android 4.4 KitKat OS 1.4 GHz Quad Core\u2122 Processor 20 MP front Camera SKU: 5487FB8\/19 $1,100.00 $1,215.00 Read more Wishlist\u2026","rel":"","context":"Entrada similar","img":{"alt_text":"","src":"https:\/\/i0.wp.com\/electro.madrasthemes.com\/wp-content\/uploads\/2016\/03\/megamenu-2.png?resize=350%2C200&ssl=1","width":350,"height":200},"classes":[]}],"jetpack_sharing_enabled":true,"jetpack_likes_enabled":true,"_links":{"self":[{"href":"https:\/\/comerciallin.com\/index.php\/wp-json\/wp\/v2\/pages\/21209"}],"collection":[{"href":"https:\/\/comerciallin.com\/index.php\/wp-json\/wp\/v2\/pages"}],"about":[{"href":"https:\/\/comerciallin.com\/index.php\/wp-json\/wp\/v2\/types\/page"}],"author":[{"embeddable":true,"href":"https:\/\/comerciallin.com\/index.php\/wp-json\/wp\/v2\/users\/1"}],"replies":[{"embeddable":true,"href":"https:\/\/comerciallin.com\/index.php\/wp-json\/wp\/v2\/comments?post=21209"}],"version-history":[{"count":2,"href":"https:\/\/comerciallin.com\/index.php\/wp-json\/wp\/v2\/pages\/21209\/revisions"}],"predecessor-version":[{"id":21565,"href":"https:\/\/comerciallin.com\/index.php\/wp-json\/wp\/v2\/pages\/21209\/revisions\/21565"}],"wp:attachment":[{"href":"https:\/\/comerciallin.com\/index.php\/wp-json\/wp\/v2\/media?parent=21209"}],"curies":[{"name":"wp","href":"https:\/\/api.w.org\/{rel}","templated":true}]}}